{"id":71,"date":"2025-04-01T05:23:10","date_gmt":"2025-04-01T05:23:10","guid":{"rendered":"https:\/\/dr-raedel.de\/apotheke\/?page_id=71"},"modified":"2025-04-01T07:56:17","modified_gmt":"2025-04-01T07:56:17","slug":"rueckgaberecht","status":"publish","type":"page","link":"https:\/\/dr-raedel.de\/apotheke\/rueckgaberecht\/","title":{"rendered":"R\u00fcckgaberecht"},"content":{"rendered":"\n<p><strong>Allgemeine Informationen<\/strong><br>In der sch\u00e4tzen wir das Vertrauen, das Sie in uns setzen, wenn Sie \u00fcber unsere Empfehlungen Eink\u00e4ufe t\u00e4tigen. Da alle K\u00e4ufe jedoch \u00fcber externe Verk\u00e4uferseiten erfolgen, gelten die jeweiligen R\u00fcckgabe- und Erstattungsrichtlinien der einzelnen Verk\u00e4ufer.<\/p>\n\n\n\n<p><strong>R\u00fcckgabeprozess<\/strong><br>Falls Sie Bedenken oder Probleme mit einem Produkt haben, das Sie \u00fcber einen von uns bereitgestellten Link erworben haben, wenden Sie sich bitte direkt an den Kundenservice des jeweiligen Verk\u00e4ufers. Dies ist der effizienteste Weg, um Unterst\u00fctzung zu erhalten und sicherzustellen, dass Ihr Anliegen gem\u00e4\u00df den Richtlinien des Verk\u00e4ufers bearbeitet wird.<\/p>\n\n\n\n<p><strong>Kontakt zum Verk\u00e4ufer<\/strong><br>Die Kontaktdaten des Verk\u00e4ufers finden Sie in der Regel in Ihrer Kaufbest\u00e4tigung oder auf der Website des Verk\u00e4ufers. Wir empfehlen, R\u00fcckgabe- oder Erstattungsanfragen direkt \u00fcber die offiziellen Kan\u00e4le des Verk\u00e4ufers einzureichen.<\/p>\n\n\n\n<p><strong>Unterst\u00fctzung durch uns<\/strong><br>Auch wenn die R\u00fcckgabe direkt \u00fcber den externen Verk\u00e4ufer abgewickelt wird, steht Ihnen unser Kundenservice gerne zur Seite, falls Sie Schwierigkeiten haben oder Fragen zur Navigation auf der Website des Verk\u00e4ufers bestehen. Kontaktieren Sie uns unter info@dr-raedel.de.<\/p>\n\n\n\n<p><strong>Kontaktinformationen<\/strong><br>F\u00fcr allgemeine Informationen oder Unterst\u00fctzung k\u00f6nnen Sie uns unter folgender Adresse erreichen:<\/p>\n\n\n\n<p>Wir danken Ihnen f\u00fcr Ihr Verst\u00e4ndnis und Ihre Kooperation und hoffen, dass Ihre Eink\u00e4ufe stets zu Ihrer Zufriedenheit ausfallen.<\/p>\n","protected":false},"excerpt":{"rendered":"<p>Allgemeine InformationenIn der sch\u00e4tzen wir das Vertrauen, das Sie in uns setzen, wenn Sie \u00fcber unsere Empfehlungen Eink\u00e4ufe t\u00e4tigen. Da alle K\u00e4ufe jedoch \u00fcber externe Verk\u00e4uferseiten erfolgen, gelten die jeweiligen R\u00fcckgabe- und Erstattungsrichtlinien der einzelnen Verk\u00e4ufer. R\u00fcckgabeprozessFalls Sie Bedenken oder Probleme mit einem Produkt haben, das Sie \u00fcber einen von uns bereitgestellten Link erworben haben, &#8230; <a title=\"R\u00fcckgaberecht\" class=\"read-more\" href=\"https:\/\/dr-raedel.de\/apotheke\/rueckgaberecht\/\" aria-label=\"Mehr Informationen \u00fcber R\u00fcckgaberecht\">Weiterlesen &#8230;<\/a><\/p>\n","protected":false},"author":1,"featured_media":0,"parent":0,"menu_order":0,"comment_status":"closed","ping_status":"closed","template":"","meta":{"footnotes":""},"class_list":["post-71","page","type-page","status-publish"],"_links":{"self":[{"href":"https:\/\/dr-raedel.de\/apotheke\/wp-json\/wp\/v2\/pages\/71","targetHints":{"allow":["GET"]}}],"collection":[{"href":"https:\/\/dr-raedel.de\/apotheke\/wp-json\/wp\/v2\/pages"}],"about":[{"href":"https:\/\/dr-raedel.de\/apotheke\/wp-json\/wp\/v2\/types\/page"}],"author":[{"embeddable":true,"href":"https:\/\/dr-raedel.de\/apotheke\/wp-json\/wp\/v2\/users\/1"}],"replies":[{"embeddable":true,"href":"https:\/\/dr-raedel.de\/apotheke\/wp-json\/wp\/v2\/comments?post=71"}],"version-history":[{"count":2,"href":"https:\/\/dr-raedel.de\/apotheke\/wp-json\/wp\/v2\/pages\/71\/revisions"}],"predecessor-version":[{"id":83,"href":"https:\/\/dr-raedel.de\/apotheke\/wp-json\/wp\/v2\/pages\/71\/revisions\/83"}],"wp:attachment":[{"href":"https:\/\/dr-raedel.de\/apotheke\/wp-json\/wp\/v2\/media?parent=71"}],"curies":[{"name":"wp","href":"https:\/\/api.w.org\/{rel}","templated":true}]}}