{"id":123,"date":"2025-04-01T18:25:26","date_gmt":"2025-04-01T18:25:26","guid":{"rendered":"https:\/\/dr-raedel.de\/apotheke\/?post_type=product&#038;p=123"},"modified":"2025-04-08T07:51:48","modified_gmt":"2025-04-08T07:51:48","slug":"viri-blue","status":"publish","type":"product","link":"https:\/\/dr-raedel.de\/apotheke\/product\/viri-blue\/","title":{"rendered":"Viri Blue"},"content":{"rendered":"<article class=\"w-full text-token-text-primary sm:AIPRM__conversation__response\" dir=\"auto\" data-testid=\"conversation-turn-2\" data-scroll-anchor=\"true\">\n<div class=\"text-base my-auto mx-auto py-5 px-6\">\n<div class=\"mx-auto flex flex-1 text-base gap-4 md:gap-5 lg:gap-6 md:max-w-3xl lg:max-w-[40rem] xl:max-w-[48rem] group\/turn-messages focus-visible:outline-none\" tabindex=\"-1\">\n<div class=\"group\/conversation-turn relative flex w-full min-w-0 flex-col agent-turn @xs\/thread:px-0 @sm\/thread:px-1.5 @md\/thread:px-4\">\n<div class=\"relative flex-col gap-1 md:gap-3\">\n<div class=\"flex max-w-full flex-col flex-grow AIPRM__conversation__response\">\n<div class=\"min-h-8 text-message relative flex w-full flex-col items-end gap-2 whitespace-normal break-words text-start [.text-message+&amp;]:mt-5\" dir=\"auto\" data-message-author-role=\"assistant\" data-message-id=\"44454cc0-cb5e-4717-bd5d-96bb03369489\" data-message-model-slug=\"gpt-4o\">\n<div class=\"flex w-full flex-col gap-1 empty:hidden first:pt-[3px]\">\n<div class=\"markdown prose w-full break-words dark:prose-invert dark\">\n<h2><b>Viri Blue Bewertungen<\/b><\/h2>\n<p class=\"\" data-start=\"55\" data-end=\"445\">Viri-Blue ist ein Nahrungserg\u00e4nzungsmittel, das speziell f\u00fcr M\u00e4nner entwickelt wurde. Es hilft, die sexuelle Leistung und Energie zu verbessern. M\u00e4nner, die st\u00e4rkere und l\u00e4ngere Erektionen wollen oder ihre Ausdauer steigern m\u00f6chten, k\u00f6nnen von diesem Produkt profitieren. Viri-Blue enth\u00e4lt nur nat\u00fcrliche Inhaltsstoffe und bietet eine sichere sowie wirksame L\u00f6sung f\u00fcr intime Bed\u00fcrfnisse.<\/p>\n<article class=\"w-full text-token-text-primary sm:AIPRM__conversation__response\" dir=\"auto\" data-testid=\"conversation-turn-4\" data-scroll-anchor=\"true\">\n<div class=\"text-base my-auto mx-auto py-5 px-6\">\n<div class=\"mx-auto flex flex-1 text-base gap-4 md:gap-5 lg:gap-6 md:max-w-3xl lg:max-w-[40rem] xl:max-w-[48rem] group\/turn-messages focus-visible:outline-none\" tabindex=\"-1\">\n<div class=\"group\/conversation-turn relative flex w-full min-w-0 flex-col agent-turn @xs\/thread:px-0 @sm\/thread:px-1.5 @md\/thread:px-4\">\n<div class=\"relative flex-col gap-1 md:gap-3\">\n<div class=\"flex max-w-full flex-col flex-grow AIPRM__conversation__response\">\n<div class=\"min-h-8 text-message relative flex w-full flex-col items-end gap-2 whitespace-normal break-words text-start [.text-message+&amp;]:mt-5\" dir=\"auto\" data-message-author-role=\"assistant\" data-message-id=\"47dc5cde-522b-4a35-af9d-7a1735804d04\" data-message-model-slug=\"gpt-4o\">\n<div class=\"flex w-full flex-col gap-1 empty:hidden first:pt-[3px]\">\n<div class=\"markdown prose w-full break-words dark:prose-invert dark\">\n<h2 data-start=\"46\" data-end=\"102\"><strong>Viri-Blue Vorteile:<\/strong><\/h2>\n<p class=\"\" data-start=\"104\" data-end=\"282\">\u2714 Mehr Energie im Alltag<br data-start=\"128\" data-end=\"131\" \/>\u2714 Steigerung der Vitalit\u00e4t<br data-start=\"157\" data-end=\"160\" \/>\u2714 Mehr Selbstvertrauen<br data-start=\"182\" data-end=\"185\" \/>\u2714 Allgemeine St\u00e4rkung des K\u00f6rpers<br data-start=\"218\" data-end=\"221\" \/>\u2714 Mehr Kraft und Begeisterung<br data-start=\"250\" data-end=\"253\" \/>\u2714 Bessere Kontrolle im Bett<\/p>\n<p class=\"\" data-start=\"284\" data-end=\"552\">Wenn Sie Ihr Liebesleben verbessern m\u00f6chten, kann Viri-Blue eine gute Wahl sein. Dieses Nahrungserg\u00e4nzungsmittel enth\u00e4lt nat\u00fcrliche Inhaltsstoffe, die Energie und Ausdauer f\u00f6rdern. Die Kapseln sind leicht einzunehmen und k\u00f6nnen mit oder ohne Nahrung konsumiert werden.<\/p>\n<\/div>\n<\/div>\n<\/div>\n<\/div>\n<\/div>\n<\/div>\n<\/div>\n<\/div>\n<\/article>\n<blockquote>\n<h3 class=\"\" data-start=\"447\" data-end=\"484\"><a href=\"https:\/\/dr-raedel.de\/apotheke\/go\/virilblue\"><strong data-start=\"451\" data-end=\"482\">Sonderangebot \u2013 40 % Rabatt<\/strong><\/a><\/h3>\n<\/blockquote>\n<p class=\"\" data-start=\"486\" data-end=\"632\"><strong data-start=\"486\" data-end=\"502\">Produktname:<\/strong> Viri-Blue<br data-start=\"512\" data-end=\"515\" \/><strong data-start=\"515\" data-end=\"529\">Bewertung:<\/strong> \u2b50\u2b50\u2b50\u2b50\u2b50<br data-start=\"535\" data-end=\"538\" \/><strong data-start=\"538\" data-end=\"548\">Preis:<\/strong> 64,90 \u20ac (statt 108,00 \u20ac)<br data-start=\"573\" data-end=\"576\" \/><strong data-start=\"576\" data-end=\"585\">Form:<\/strong> Kapseln<br data-start=\"593\" data-end=\"596\" data-is-only-node=\"\" \/><strong data-start=\"596\" data-end=\"614\">Inhaltsstoffe:<\/strong> 100 % nat\u00fcrlich<\/p>\n<h3 class=\"\" data-start=\"634\" data-end=\"675\"><strong data-start=\"638\" data-end=\"673\">F\u00fcr wen ist Viri-Blue geeignet?<\/strong><\/h3>\n<p class=\"\" data-start=\"676\" data-end=\"948\">Viri-Blue ist besonders hilfreich f\u00fcr M\u00e4nner, die:<br data-start=\"726\" data-end=\"729\" \/>\u2714 Ihre Erektion verbessern m\u00f6chten.<br data-start=\"764\" data-end=\"767\" \/>\u2714 Mehr Ausdauer und l\u00e4ngeren Sex w\u00fcnschen.<br data-start=\"809\" data-end=\"812\" \/>\u2714 Energie tanken wollen, besonders nach Stress oder M\u00fcdigkeit.<br data-start=\"874\" data-end=\"877\" \/>\u2714 Die Spermienproduktion und den Hormonhaushalt unterst\u00fctzen m\u00f6chten.<\/p>\n<h3 class=\"\" data-start=\"950\" data-end=\"980\"><strong data-start=\"954\" data-end=\"978\">Wie wirkt Viri-Blue?<\/strong><\/h3>\n<p class=\"\" data-start=\"981\" data-end=\"1294\">Viri-Blue nutzt eine Kombination nat\u00fcrlicher Wirkstoffe, um die Durchblutung zu f\u00f6rdern und die sexuelle Kraft zu st\u00e4rken. Es unterst\u00fctzt den Hormonhaushalt und tr\u00e4gt zu einer gesunden Spermienproduktion bei. Durch diese Effekte verbessert sich die m\u00e4nnliche Vitalit\u00e4t und Leistungsf\u00e4higkeit auf nat\u00fcrliche Weise.<\/p>\n<article class=\"w-full text-token-text-primary sm:AIPRM__conversation__response\" dir=\"auto\" data-testid=\"conversation-turn-8\" data-scroll-anchor=\"true\">\n<div class=\"text-base my-auto mx-auto py-5 px-6\">\n<div class=\"mx-auto flex flex-1 text-base gap-4 md:gap-5 lg:gap-6 md:max-w-3xl lg:max-w-[40rem] xl:max-w-[48rem] group\/turn-messages focus-visible:outline-none\" tabindex=\"-1\">\n<div class=\"group\/conversation-turn relative flex w-full min-w-0 flex-col agent-turn @xs\/thread:px-0 @sm\/thread:px-1.5 @md\/thread:px-4\">\n<div class=\"relative flex-col gap-1 md:gap-3\">\n<div class=\"flex max-w-full flex-col flex-grow AIPRM__conversation__response\">\n<div class=\"min-h-8 text-message relative flex w-full flex-col items-end gap-2 whitespace-normal break-words text-start [.text-message+&amp;]:mt-5\" dir=\"auto\" data-message-author-role=\"assistant\" data-message-id=\"2d617dd1-7929-46b3-9520-cca961436e1e\" data-message-model-slug=\"gpt-4o\">\n<div class=\"flex w-full flex-col gap-1 empty:hidden first:pt-[3px]\">\n<div class=\"markdown prose w-full break-words dark:prose-invert dark\">\n<h3 class=\"\" data-start=\"0\" data-end=\"58\"><strong data-start=\"4\" data-end=\"56\">Viri-Blue Anwendung: Erfahrungen und Bewertungen<\/strong><\/h3>\n<p class=\"\" data-start=\"60\" data-end=\"461\">F\u00fcr die besten Ergebnisse sollte Viri-Blue wie empfohlen eingenommen werden. Die empfohlene Dosis ist eine Kapsel mit einem gro\u00dfen Glas Wasser, etwa f\u00fcnf Minuten vor dem Geschlechtsverkehr. Je nach Alter oder Gesundheitszustand kann die Einnahme individuell angepasst werden. Falls Nebenwirkungen auftreten, sollte man die Einnahme pausieren und die Hersteller-Website f\u00fcr weitere Hinweise besuchen.<\/p>\n<h3 class=\"\" data-start=\"463\" data-end=\"503\"><strong data-start=\"467\" data-end=\"501\">Erfahrungsberichte von Nutzern<\/strong><\/h3>\n<p class=\"\" data-start=\"505\" data-end=\"630\">\ud83d\udd39 <strong data-start=\"508\" data-end=\"524\">Markus (45):<\/strong> \u201eDie Einnahme ist einfach, und die Wirkung hat mich positiv \u00fcberrascht. Ich f\u00fchle mich voller Energie!\u201c<\/p>\n<p class=\"\" data-start=\"632\" data-end=\"761\">\ud83d\udd39 <strong data-start=\"635\" data-end=\"651\">Sabine (38):<\/strong> \u201eIch habe gute Erfahrungen gemacht und kann die positiven Bewertungen best\u00e4tigen. Ein gro\u00dfartiges Produkt!\u201c<\/p>\n<p class=\"\" data-start=\"763\" data-end=\"884\">\ud83d\udd39 <strong data-start=\"766\" data-end=\"782\">Thomas (50):<\/strong> \u201eAnfangs war ich skeptisch, aber nach ein paar Tagen habe ich eine deutliche Verbesserung bemerkt.\u201c<\/p>\n<p class=\"\" data-start=\"886\" data-end=\"998\">Diese Erfahrungsberichte zeigen, dass viele Nutzer mit Viri-Blue zufrieden sind und positive Ergebnisse erleben.<\/p>\n<article class=\"w-full text-token-text-primary sm:AIPRM__conversation__response\" dir=\"auto\" data-testid=\"conversation-turn-10\" data-scroll-anchor=\"true\">\n<div class=\"text-base my-auto mx-auto py-5 px-6\">\n<div class=\"mx-auto flex flex-1 text-base gap-4 md:gap-5 lg:gap-6 md:max-w-3xl lg:max-w-[40rem] xl:max-w-[48rem] group\/turn-messages focus-visible:outline-none\" tabindex=\"-1\">\n<div class=\"group\/conversation-turn relative flex w-full min-w-0 flex-col agent-turn @xs\/thread:px-0 @sm\/thread:px-1.5 @md\/thread:px-4\">\n<div class=\"relative flex-col gap-1 md:gap-3\">\n<div class=\"flex max-w-full flex-col flex-grow AIPRM__conversation__response\">\n<div class=\"min-h-8 text-message relative flex w-full flex-col items-end gap-2 whitespace-normal break-words text-start [.text-message+&amp;]:mt-5\" dir=\"auto\" data-message-author-role=\"assistant\" data-message-id=\"c65f6ab9-a994-4ecb-b822-285e522b2242\" data-message-model-slug=\"gpt-4o\">\n<div class=\"flex w-full flex-col gap-1 empty:hidden first:pt-[3px]\">\n<div class=\"markdown prose w-full break-words dark:prose-invert dark\">\n<h3 class=\"\" data-start=\"0\" data-end=\"64\"><strong data-start=\"4\" data-end=\"62\">Wo kann man Viri-Blue kaufen? Preis \u2013 Amazon, Apotheke<\/strong><\/h3>\n<p class=\"\" data-start=\"66\" data-end=\"488\">Viri-Blue ist nicht in Apotheken oder auf Plattformen wie Amazon erh\u00e4ltlich. Um ein originales Produkt zu erhalten und von m\u00f6glichen Rabatten zu profitieren, wird empfohlen, direkt auf der <strong><a href=\"https:\/\/dr-raedel.de\/apotheke\/go\/virilblue\" target=\"_blank\" rel=\"nofollow noopener sponsored\">offiziellen Hersteller Website zu bestellen<\/a><\/strong>. Der aktuelle Preis betr\u00e4gt <strong data-start=\"327\" data-end=\"338\">64,90 \u20ac<\/strong> (statt <strong data-start=\"346\" data-end=\"358\">108,00 \u20ac<\/strong>), was ein gutes Angebot darstellt. F\u00fcr weitere Informationen zu Aktionen und sicherem Kauf besuchen Sie die offizielle Website.<\/p>\n<blockquote>\n<h3 class=\"\" data-start=\"447\" data-end=\"484\"><a href=\"https:\/\/dr-raedel.de\/apotheke\/go\/virilblue\"><strong data-start=\"451\" data-end=\"482\">Sonderangebot \u2013 40 % Rabatt<\/strong><\/a><\/h3>\n<\/blockquote>\n<h3 class=\"\" data-start=\"529\" data-end=\"574\"><strong data-start=\"533\" data-end=\"572\">Viri-Blue \u2013 Dosierung und Anwendung<\/strong><\/h3>\n<p class=\"\" data-start=\"576\" data-end=\"891\">Die empfohlene Dosierung ist <strong data-start=\"605\" data-end=\"649\">eine Kapsel mit einem gro\u00dfen Glas Wasser<\/strong>, etwa <strong data-start=\"656\" data-end=\"697\">30 Minuten vor dem Geschlechtsverkehr<\/strong>. Dadurch kann die Wirkung optimal entfaltet werden. F\u00fcr langfristige Ergebnisse kann Viri-Blue regelm\u00e4\u00dfig eingenommen werden. Es ist jedoch wichtig, die empfohlene Menge nicht zu \u00fcberschreiten.<\/p>\n<article class=\"w-full text-token-text-primary sm:AIPRM__conversation__response\" dir=\"auto\" data-testid=\"conversation-turn-12\" data-scroll-anchor=\"true\">\n<div class=\"text-base my-auto mx-auto py-5 px-6\">\n<div class=\"mx-auto flex flex-1 text-base gap-4 md:gap-5 lg:gap-6 md:max-w-3xl lg:max-w-[40rem] xl:max-w-[48rem] group\/turn-messages focus-visible:outline-none\" tabindex=\"-1\">\n<div class=\"group\/conversation-turn relative flex w-full min-w-0 flex-col agent-turn @xs\/thread:px-0 @sm\/thread:px-1.5 @md\/thread:px-4\">\n<div class=\"relative flex-col gap-1 md:gap-3\">\n<div class=\"flex max-w-full flex-col flex-grow AIPRM__conversation__response\">\n<div class=\"min-h-8 text-message relative flex w-full flex-col items-end gap-2 whitespace-normal break-words text-start [.text-message+&amp;]:mt-5\" dir=\"auto\" data-message-author-role=\"assistant\" data-message-id=\"1bcd003d-f928-4a60-aa19-58d45620eba1\" data-message-model-slug=\"gpt-4o\">\n<div class=\"flex w-full flex-col gap-1 empty:hidden first:pt-[3px]\">\n<div class=\"markdown prose w-full break-words dark:prose-invert dark\">\n<h3 class=\"\" data-start=\"0\" data-end=\"33\"><strong data-start=\"4\" data-end=\"31\">Viri-Blue Inhaltsstoffe<\/strong><\/h3>\n<p class=\"\" data-start=\"35\" data-end=\"170\">Viri-Blue besteht aus <strong data-start=\"57\" data-end=\"86\">100 % nat\u00fcrlichen Zutaten<\/strong>, die gezielt zur Unterst\u00fctzung der m\u00e4nnlichen Sexualgesundheit ausgew\u00e4hlt wurden.<\/p>\n<h4 class=\"\" data-start=\"172\" data-end=\"215\"><strong data-start=\"177\" data-end=\"213\">Hauptbestandteile von Viri-Blue:<\/strong><\/h4>\n<p class=\"\" data-start=\"217\" data-end=\"406\">\ud83d\udd39 <strong data-start=\"220\" data-end=\"228\">Maca<\/strong> \u2013 Bekannt als die \u201eSexualpflanze der Inka\u201c, steigert Maca die Fruchtbarkeit und das sexuelle Verlangen. Sie f\u00f6rdert die Testosteronproduktion und verbessert das Lustempfinden.<\/p>\n<p class=\"\" data-start=\"408\" data-end=\"605\">\ud83d\udd39 <strong data-start=\"411\" data-end=\"421\">Ingwer<\/strong> \u2013 Ingwer ist f\u00fcr seine durchblutungsf\u00f6rdernden und aphrodisierenden Eigenschaften bekannt. Er verbessert die Durchblutung im Genitalbereich und unterst\u00fctzt so eine bessere Erektion.<\/p>\n<p class=\"\" data-start=\"607\" data-end=\"747\">\ud83d\udd39 <strong data-start=\"610\" data-end=\"633\">Tribulus Terrestris<\/strong> \u2013 Diese Pflanze ist reich an Saponinen und Alkaloiden, die die Libido und sexuelle Leistungsf\u00e4higkeit steigern.<\/p>\n<p class=\"\" data-start=\"749\" data-end=\"949\">\ud83d\udd39 <strong data-start=\"752\" data-end=\"765\">L-Arginin<\/strong> \u2013 Eine Aminos\u00e4ure, die die Durchblutung f\u00f6rdert und zu st\u00e4rkeren, l\u00e4nger anhaltenden Erektionen beitr\u00e4gt. Zudem unterst\u00fctzt sie die Muskelfunktion und steigert die m\u00e4nnliche Potenz.<\/p>\n<p class=\"\" data-start=\"951\" data-end=\"1070\">\ud83d\udd39 <strong data-start=\"954\" data-end=\"964\">Taurin<\/strong> \u2013 Dieser N\u00e4hrstoff stimuliert die Testosteronproduktion und verbessert die sexuelle Leistungsf\u00e4higkeit.<\/p>\n<p class=\"\" data-start=\"1072\" data-end=\"1216\">\ud83d\udd39 <strong data-start=\"1075\" data-end=\"1083\">Zink<\/strong> \u2013 Ein essenzielles Spurenelement, das den Testosteronspiegel reguliert, die Fruchtbarkeit unterst\u00fctzt und den Sexualtrieb f\u00f6rdert.<\/p>\n<p class=\"\" data-start=\"1218\" data-end=\"1330\">\ud83d\udd39 <strong data-start=\"1221\" data-end=\"1235\">Vitamin B6<\/strong> \u2013 Reduziert M\u00fcdigkeit, reguliert den Hormonhaushalt und f\u00f6rdert das allgemeine Wohlbefinden.<\/p>\n<h3 class=\"\" data-start=\"1332\" data-end=\"1365\"><strong data-start=\"1336\" data-end=\"1363\">Komplette Zutatenliste:<\/strong><\/h3>\n<p class=\"\" data-start=\"1366\" data-end=\"1686\">F\u00fcllstoffe (Cellulose, Calciumcarbonat), Maca-Wurzelpulver, Tribulus-Extrakt, L-Arginin, \u00dcberzugsmittel (Hydroxypropylmethylcellulose, Hydroxypropylcellulose, Glycerin, Talkum, Miglyol, Calciumcarbonat, Farbstoffe), Zinkcitrat, Taurin, Ingwerextrakt, Trennmittel (Magnesiumstearat), Pyridoxinhydrochlorid (Vitamin B6).<\/p>\n<p class=\"\" data-start=\"1688\" data-end=\"1818\">Diese nat\u00fcrliche Zusammensetzung macht Viri-Blue zu einer sicheren und effektiven Wahl zur Unterst\u00fctzung der m\u00e4nnlichen Vitalit\u00e4t.<\/p>\n<article class=\"w-full text-token-text-primary sm:AIPRM__conversation__response\" dir=\"auto\" data-testid=\"conversation-turn-14\" data-scroll-anchor=\"true\">\n<div class=\"text-base my-auto mx-auto py-5 px-6\">\n<div class=\"mx-auto flex flex-1 text-base gap-4 md:gap-5 lg:gap-6 md:max-w-3xl lg:max-w-[40rem] xl:max-w-[48rem] group\/turn-messages focus-visible:outline-none\" tabindex=\"-1\">\n<div class=\"group\/conversation-turn relative flex w-full min-w-0 flex-col agent-turn @xs\/thread:px-0 @sm\/thread:px-1.5 @md\/thread:px-4\">\n<div class=\"relative flex-col gap-1 md:gap-3\">\n<div class=\"flex max-w-full flex-col flex-grow AIPRM__conversation__response\">\n<div class=\"min-h-8 text-message relative flex w-full flex-col items-end gap-2 whitespace-normal break-words text-start [.text-message+&amp;]:mt-5\" dir=\"auto\" data-message-author-role=\"assistant\" data-message-id=\"e93dec39-b08b-4cb6-85c8-08c7a6b3abbe\" data-message-model-slug=\"gpt-4o\">\n<div class=\"flex w-full flex-col gap-1 empty:hidden first:pt-[3px]\">\n<div class=\"markdown prose w-full break-words dark:prose-invert dark\">\n<h3 class=\"\" data-start=\"0\" data-end=\"38\"><strong data-start=\"4\" data-end=\"36\">Nebenwirkungen von Viri-Blue<\/strong><\/h3>\n<p class=\"\" data-start=\"40\" data-end=\"427\">Viri-Blue ist ein <strong data-start=\"58\" data-end=\"104\">100 % nat\u00fcrliches Nahrungserg\u00e4nzungsmittel<\/strong> und sollte daher <strong data-start=\"122\" data-end=\"146\">keine Nebenwirkungen<\/strong> verursachen. Allerdings ist es wichtig, die empfohlene Dosierung nicht zu \u00fcberschreiten. Eine zu hohe Einnahme der enthaltenen Wirkstoffe k\u00f6nnte unerw\u00fcnschte Auswirkungen auf die Gesundheit haben. Um Risiken zu vermeiden, sollte Viri-Blue gem\u00e4\u00df den Anweisungen eingenommen werden.<\/p>\n<h3 class=\"\" data-start=\"447\" data-end=\"484\"><a href=\"https:\/\/dr-raedel.de\/apotheke\/go\/virilblue\"><strong data-start=\"451\" data-end=\"482\">Sonderangebot \u2013 40 % Rabatt<\/strong><\/a><\/h3>\n<article class=\"w-full text-token-text-primary sm:AIPRM__conversation__response\" dir=\"auto\" data-testid=\"conversation-turn-16\" data-scroll-anchor=\"true\">\n<div class=\"text-base my-auto mx-auto py-5 px-6\">\n<div class=\"mx-auto flex flex-1 text-base gap-4 md:gap-5 lg:gap-6 md:max-w-3xl lg:max-w-[40rem] xl:max-w-[48rem] group\/turn-messages focus-visible:outline-none\" tabindex=\"-1\">\n<div class=\"group\/conversation-turn relative flex w-full min-w-0 flex-col agent-turn @xs\/thread:px-0 @sm\/thread:px-1.5 @md\/thread:px-4\">\n<div class=\"relative flex-col gap-1 md:gap-3\">\n<div class=\"flex max-w-full flex-col flex-grow AIPRM__conversation__response\">\n<div class=\"min-h-8 text-message relative flex w-full flex-col items-end gap-2 whitespace-normal break-words text-start [.text-message+&amp;]:mt-5\" dir=\"auto\" data-message-author-role=\"assistant\" data-message-id=\"d1a605a5-ba4f-4e73-ba4f-6c11eda6df46\" data-message-model-slug=\"gpt-4o\">\n<div class=\"flex w-full flex-col gap-1 empty:hidden first:pt-[3px]\">\n<div class=\"markdown prose w-full break-words dark:prose-invert dark\">\n<h3 class=\"\" data-start=\"0\" data-end=\"52\"><strong data-start=\"4\" data-end=\"50\">FAQ \u2013 H\u00e4ufig gestellte Fragen zu Viri-Blue\u00a0<\/strong><b>Bewertungen<\/b><\/h3>\n<p class=\"\" data-start=\"54\" data-end=\"361\">\ud83d\udd39 <strong data-start=\"57\" data-end=\"115\">Kann ich Viri-Blue in der Apotheke oder bei DM kaufen?<\/strong><br data-start=\"115\" data-end=\"118\" \/>Nein, Viri-Blue ist weder in Apotheken noch in Drogeriem\u00e4rkten wie DM erh\u00e4ltlich. Es kann ausschlie\u00dflich \u00fcber die <strong data-start=\"232\" data-end=\"254\">offizielle Website<\/strong> des Herstellers bestellt werden. So wird sichergestellt, dass du ein <strong data-start=\"324\" data-end=\"349\">authentisches Produkt<\/strong> erh\u00e4ltst.<\/p>\n<p class=\"\" data-start=\"363\" data-end=\"657\">\ud83d\udd39 <strong data-start=\"366\" data-end=\"409\">Wie sind die Erfahrungen mit Viri-Blue?<\/strong><br data-start=\"409\" data-end=\"412\" \/>Die meisten Nutzerberichte sind <strong data-start=\"444\" data-end=\"455\">positiv<\/strong>. Viele Anwender berichten von einer <strong data-start=\"492\" data-end=\"515\">gesteigerten Libido<\/strong>, l\u00e4ngeren und intensiveren Erlebnissen sowie einer verbesserten Leistung. Die nat\u00fcrlichen Inhaltsstoffe werden f\u00fcr ihre Wirksamkeit gelobt.<\/p>\n<p class=\"\" data-start=\"659\" data-end=\"925\">\ud83d\udd39 <strong data-start=\"662\" data-end=\"707\">Was kostet Viri-Blue und gibt es Rabatte?<\/strong><br data-start=\"707\" data-end=\"710\" \/>Der Preis f\u00fcr eine <strong data-start=\"729\" data-end=\"750\">Packung Viri-Blue<\/strong> liegt bei <strong data-start=\"761\" data-end=\"772\">39,00 \u20ac<\/strong>. Oft gibt es Rabatte, insbesondere beim Kauf mehrerer Packungen. Auf der <strong data-start=\"846\" data-end=\"868\">Hersteller-Website<\/strong> findest du aktuelle Sonderangebote und Preisnachl\u00e4sse.<\/p>\n<p class=\"\" data-start=\"927\" data-end=\"1191\">\ud83d\udd39 <strong data-start=\"930\" data-end=\"975\">Was sagen Nutzer in Foren \u00fcber Viri-Blue?<\/strong><br data-start=\"975\" data-end=\"978\" \/>In Online-Foren wird Viri-Blue h\u00e4ufig besprochen. Viele Anwender berichten von der <strong data-start=\"1061\" data-end=\"1084\">einfachen Anwendung<\/strong> und den <strong data-start=\"1093\" data-end=\"1115\">sp\u00fcrbaren Effekten<\/strong>. Die positiven Erfahrungen f\u00fchren dazu, dass es oft weiterempfohlen wird.<\/p>\n<p class=\"\" data-start=\"1193\" data-end=\"1496\">\ud83d\udd39 <strong data-start=\"1196\" data-end=\"1249\">Welche Inhaltsstoffe sind in Viri-Blue enthalten?<\/strong><br data-start=\"1249\" data-end=\"1252\" \/>Viri-Blue enth\u00e4lt <strong data-start=\"1270\" data-end=\"1305\">sieben nat\u00fcrliche Inhaltsstoffe<\/strong>, darunter <strong data-start=\"1316\" data-end=\"1380\">Mineralien, Pflanzenextrakte, Antioxidantien und Carotinoide<\/strong>. Diese Kombination unterst\u00fctzt die <strong data-start=\"1416\" data-end=\"1439\">sexuelle Gesundheit<\/strong> und das <strong data-start=\"1448\" data-end=\"1474\">m\u00e4nnliche Wohlbefinden<\/strong> auf nat\u00fcrliche Weise.<\/p>\n<h3 class=\"\" data-start=\"0\" data-end=\"52\"><strong data-start=\"4\" data-end=\"50\">Viri-Blue\u00a0<\/strong><b>Bewertungen<\/b><\/h3>\n<p>M\u00f6chtest du deine M\u00e4nnlichkeit, Ausdauer und Energie steigern? Dann ist Viri-Blue die perfekte Wahl! Dieses speziell entwickelte Nahrungserg\u00e4nzungsmittel hilft M\u00e4nnern, ihre sexuelle Leistung zu verbessern und das Selbstvertrauen im Schlafzimmer zu st\u00e4rken.<\/p>\n<p>Mit Viri-Blue profitierst du von:<br \/>\n\u2705 Mehr Ausdauer und Energie<br \/>\n\u2705 Verbesserter m\u00e4nnlicher Leistung<br \/>\n\u2705 Mehr Selbstsicherheit in intimen Momenten<\/p>\n<p><strong><a href=\"https:\/\/dr-raedel.de\/apotheke\/go\/virilblue\" target=\"_blank\" rel=\"nofollow noopener sponsored\">Warte nicht l\u00e4nger \u2013 bestelle jetzt deine Flasche Viri-Blue und erlebe den Unterschied! \ud83d\ude80<\/a><\/strong><\/p>\n\n        <div style=\"padding:5px;\">\n<div class=\"scroll-offer-box\">\n  <span class=\"offer-text\">\n   <a href=\"https:\/\/dr-siggelkow.de\/apotheke\/go\/virilblue-\" target=\"_blank\" style=\"color: black;\" rel=\"noopener\"><strong>SPAREN SIE 70% HEUTE!<\/strong><\/a>\n<a href=\"https:\/\/dr-siggelkow.de\/apotheke\/go\/virilblue-\" target=\"_blank\" class=\"offer-btn\" rel=\"noopener\">Gutscheincode!!<\/a><\/span>\n<\/div>\n        <\/div>\n<\/div>\n<\/div>\n<\/div>\n<\/div>\n<\/div>\n<\/div>\n<\/div>\n<\/div>\n<\/article>\n<\/div>\n<\/div>\n<\/div>\n<\/div>\n<\/div>\n<\/div>\n<\/div>\n<\/div>\n<\/article>\n<\/div>\n<\/div>\n<\/div>\n<\/div>\n<\/div>\n<\/div>\n<\/div>\n<\/div>\n<\/article>\n<\/div>\n<\/div>\n<\/div>\n<\/div>\n<\/div>\n<\/div>\n<\/div>\n<\/div>\n<\/article>\n<\/div>\n<\/div>\n<\/div>\n<\/div>\n<\/div>\n<\/div>\n<\/div>\n<\/div>\n<\/article>\n<\/div>\n<\/div>\n<\/div>\n<\/div>\n<\/div>\n<\/div>\n<\/div>\n<\/div>\n<\/article>\n","protected":false},"excerpt":{"rendered":"<p>Viri Blue Bewertungen Viri-Blue ist ein Nahrungserg\u00e4nzungsmittel, das speziell f\u00fcr M\u00e4nner entwickelt wurde. Es hilft, die sexuelle Leistung und Energie zu verbessern. M\u00e4nner, die st\u00e4rkere und l\u00e4ngere Erektionen wollen oder ihre Ausdauer steigern m\u00f6chten, k\u00f6nnen von diesem Produkt profitieren. Viri-Blue enth\u00e4lt nur nat\u00fcrliche Inhaltsstoffe und bietet eine sichere sowie wirksame L\u00f6sung f\u00fcr intime Bed\u00fcrfnisse. Viri-Blue &#8230; <a title=\"Viri Blue\" class=\"read-more\" href=\"https:\/\/dr-raedel.de\/apotheke\/product\/viri-blue\/\" aria-label=\"Mehr Informationen \u00fcber Viri Blue\">Weiterlesen &#8230;<\/a><\/p>\n","protected":false},"featured_media":124,"comment_status":"open","ping_status":"closed","template":"","meta":[],"product_brand":[],"product_cat":[20],"product_tag":[],"class_list":{"0":"post-123","1":"product","2":"type-product","3":"status-publish","4":"has-post-thumbnail","6":"product_cat-maennergesundheit","8":"first","9":"instock","10":"sale","11":"shipping-taxable","12":"product-type-external"},"_links":{"self":[{"href":"https:\/\/dr-raedel.de\/apotheke\/wp-json\/wp\/v2\/product\/123","targetHints":{"allow":["GET"]}}],"collection":[{"href":"https:\/\/dr-raedel.de\/apotheke\/wp-json\/wp\/v2\/product"}],"about":[{"href":"https:\/\/dr-raedel.de\/apotheke\/wp-json\/wp\/v2\/types\/product"}],"replies":[{"embeddable":true,"href":"https:\/\/dr-raedel.de\/apotheke\/wp-json\/wp\/v2\/comments?post=123"}],"wp:featuredmedia":[{"embeddable":true,"href":"https:\/\/dr-raedel.de\/apotheke\/wp-json\/wp\/v2\/media\/124"}],"wp:attachment":[{"href":"https:\/\/dr-raedel.de\/apotheke\/wp-json\/wp\/v2\/media?parent=123"}],"wp:term":[{"taxonomy":"product_brand","embeddable":true,"href":"https:\/\/dr-raedel.de\/apotheke\/wp-json\/wp\/v2\/product_brand?post=123"},{"taxonomy":"product_cat","embeddable":true,"href":"https:\/\/dr-raedel.de\/apotheke\/wp-json\/wp\/v2\/product_cat?post=123"},{"taxonomy":"product_tag","embeddable":true,"href":"https:\/\/dr-raedel.de\/apotheke\/wp-json\/wp\/v2\/product_tag?post=123"}],"curies":[{"name":"wp","href":"https:\/\/api.w.org\/{rel}","templated":true}]}}