{"id":170,"date":"2025-04-26T19:58:29","date_gmt":"2025-04-26T19:58:29","guid":{"rendered":"https:\/\/dr-raedel.de\/apotheke\/?post_type=product&#038;p=170"},"modified":"2025-04-26T20:03:17","modified_gmt":"2025-04-26T20:03:17","slug":"himero","status":"publish","type":"product","link":"https:\/\/dr-raedel.de\/apotheke\/product\/himero\/","title":{"rendered":"Himero"},"content":{"rendered":"\r\n<h2 class=\"wp-block-heading\"><strong>Himero Bewertung<\/strong><\/h2>\r\n\r\n<p class=\"\" data-start=\"1603\" data-end=\"2008\">Himero Kapseln versprechen, mit nat\u00fcrlichen Inhaltsstoffen die sexuelle Energie und Leistung zu st\u00e4rken. Wegen dieser m\u00f6glichen Vorteile haben sie viel Aufmerksamkeit bekommen. In dieser Rezension erkl\u00e4ren wir, was genau in den Himero Kapseln steckt, f\u00fcr wen sie gedacht sind, und was Nutzer erlebt haben. Wir zeigen auch, wie man sie kaufen kann, und geben am Ende eine Zusammenfassung unserer Eindr\u00fccke.<\/p>\r\n<p class=\"\" data-start=\"1341\" data-end=\"1365\"><\/p>\r\n<h2 class=\"wp-block-heading\"><strong>Himero Vorteile<\/strong><\/h2>\r\n<ul data-start=\"1366\" data-end=\"1630\">\r\n<li class=\"\" data-start=\"1366\" data-end=\"1399\">\r\n<p class=\"\" data-start=\"1368\" data-end=\"1399\">180 Tage Geld-zur\u00fcck-Garantie<\/p>\r\n<\/li>\r\n<li class=\"\" data-start=\"1400\" data-end=\"1428\">\r\n<p class=\"\" data-start=\"1402\" data-end=\"1428\">Nat\u00fcrliche Inhaltsstoffe<\/p>\r\n<\/li>\r\n<li class=\"\" data-start=\"1429\" data-end=\"1467\">\r\n<p class=\"\" data-start=\"1431\" data-end=\"1467\">Unterst\u00fctzung f\u00fcr mehr Testosteron<\/p>\r\n<\/li>\r\n<li class=\"\" data-start=\"1468\" data-end=\"1508\">\r\n<p class=\"\" data-start=\"1470\" data-end=\"1508\">Bessere Libido und sexuelle Leistung<\/p>\r\n<\/li>\r\n<li class=\"\" data-start=\"1509\" data-end=\"1537\">\r\n<p class=\"\" data-start=\"1511\" data-end=\"1537\">Weniger Angst und Stress<\/p>\r\n<\/li>\r\n<li class=\"\" data-start=\"1538\" data-end=\"1580\">\r\n<p class=\"\" data-start=\"1540\" data-end=\"1580\">Bessere Durchblutung und mehr Ausdauer<\/p>\r\n<\/li>\r\n<li class=\"\" data-start=\"1581\" data-end=\"1630\">\r\n<p class=\"\" data-start=\"1583\" data-end=\"1630\">Inhaltsstoffe mit wissenschaftlichem Nachweis<\/p>\r\n<\/li>\r\n<\/ul>\r\n<p><a href=\"https:\/\/dr-raedel.de\/apotheke\/go\/himero\"><strong>\ud83d\udc49 RABATTE &#8211; 75 % + kostenloser Versand f\u00fcr Himero \u2013 Begrenzte Zeit \u2013 JETZT KAUFEN! \ud83d\udc48<\/strong><\/a><\/p>\r\n\r\n<h2 class=\"wp-block-heading\"><strong>Wie kann man Himero Kapseln kaufen?<\/strong><\/h2>\r\n\r\n<p class=\"\" data-start=\"1299\" data-end=\"1604\">Die Himero Kapseln sind auf der <a href=\"https:\/\/dr-raedel.de\/apotheke\/go\/himero\">offiziellen Website<\/a> des Herstellers erh\u00e4ltlich. Der aktuelle Angebotspreis liegt bei 68,90 Euro, normalerweise kostet eine Packung 84,95 Euro. Eine Packung enth\u00e4lt 30 Kapseln. Wer von Sonderaktionen profitiert, kann bis zu 150 Euro sparen.<\/p>\r\n<p class=\"\" data-start=\"1632\" data-end=\"1658\"><\/p>\r\n<h2 class=\"wp-block-heading\"><strong>Himero Nachteile<\/strong><\/h2>\r\n<ul data-start=\"1659\" data-end=\"1717\">\r\n<li class=\"\" data-start=\"1659\" data-end=\"1684\">\r\n<p class=\"\" data-start=\"1661\" data-end=\"1684\">Nur online erh\u00e4ltlich<\/p>\r\n<\/li>\r\n<li class=\"\" data-start=\"1685\" data-end=\"1717\">\r\n<p class=\"\" data-start=\"1687\" data-end=\"1717\">Nur begrenzte Mengen verf\u00fcgbar<\/p>\r\n<\/li>\r\n<\/ul>\r\n<h2><strong>Was ist Himero?<\/strong><\/h2>\r\n<p class=\"\" data-start=\"1270\" data-end=\"1581\">Himero ist ein pflanzliches Erg\u00e4nzungsmittel, das speziell f\u00fcr M\u00e4nner mit Erektionsproblemen entwickelt wurde. Die Inhaltsstoffe sollen auch die Energie und Leistungsf\u00e4higkeit steigern.<\/p>\r\n<p class=\"\" data-start=\"1270\" data-end=\"1581\">Da nur nat\u00fcrliche und pflanzliche Stoffe verwendet werden, ist das Produkt gut vertr\u00e4glich und wird hochwertig verarbeitet.<\/p>\r\n<p data-start=\"1270\" data-end=\"1581\"><\/p>\r\n<h2 class=\"wp-block-heading\"><strong>Wie funktioniert HimERO?<\/strong><\/h2>\r\n<p data-start=\"1270\" data-end=\"1581\"><\/p>\r\n<p class=\"\" data-start=\"2696\" data-end=\"3044\">HimEROS unterst\u00fctzt den Hypothalamus \u2013 ein kleiner, aber wichtiger Bereich im Gehirn, der Hormone wie Testosteron steuert. Das Mittel sorgt daf\u00fcr, dass der Hypothalamus besser arbeitet und der K\u00f6rper gen\u00fcgend Testosteron und luteinisierende Hormone produziert. Diese Hormone sind wichtig f\u00fcr die m\u00e4nnliche Sexualgesundheit.<\/p>\r\n<p class=\"\" data-start=\"3046\" data-end=\"3281\">Forschungen zeigen, dass Umweltfaktoren wie Plastik Schadstoffe freisetzen, die die nat\u00fcrliche Hormonproduktion behindern k\u00f6nnen. HimEROS hilft, den Hypothalamus zu st\u00e4rken, damit er auch unter schwierigen Bedingungen gut funktioniert.<\/p>\r\n<p class=\"\" data-start=\"3283\" data-end=\"3480\">Durch die st\u00e4rkere Arbeit des Hypothalamus werden Blutfluss, Libido und Ausdauer verbessert. Zus\u00e4tzlich mindert HimEROS Stress und Angst, was sich ebenfalls positiv auf die Sexualleistung auswirkt.<\/p>\r\n<p data-start=\"3283\" data-end=\"3480\"><\/p>\r\n<h2 class=\"wp-block-heading\"><strong>Himero Erfahrungen<\/strong><\/h2>\r\n<p data-start=\"3283\" data-end=\"3480\"><\/p>\r\n<p class=\"\" data-start=\"3034\" data-end=\"3305\"><strong data-start=\"3034\" data-end=\"3048\">Luca \u2b50\u2b50\u2b50\u2b50\u2b50<\/strong><br data-start=\"3048\" data-end=\"3051\" \/>Dies ist mein erstes Testosteron-Booster-Produkt, und ich habe es gew\u00e4hlt, weil es nat\u00fcrliche Zutaten enth\u00e4lt. Ich f\u00fchle mich wieder voller Energie. Es ist zwar noch zu fr\u00fch, um langfristige Ver\u00e4nderungen zu sehen, aber ich werde es weiterhin beobachten.<\/p>\r\n<p class=\"\" data-start=\"3307\" data-end=\"3606\"><strong data-start=\"3307\" data-end=\"3326\">Christian \u2b50\u2b50\u2b50\u2b50\u2b50<\/strong><br data-start=\"3326\" data-end=\"3329\" \/>Ich bevorzuge nat\u00fcrliche und umweltfreundliche Produkte, und dieses hier hat mich sehr \u00fcberzeugt. Es hilft mir, meinen K\u00f6rper ins Gleichgewicht zu bringen und im Einklang mit der Natur zu leben, was gerade jetzt wichtig ist, da ich die Auswirkungen der Umwelt immer mehr sp\u00fcre.<\/p>\r\n<p class=\"\" data-start=\"3608\" data-end=\"3937\"><strong data-start=\"3608\" data-end=\"3626\">Benjamin \u2b50\u2b50\u2b50\u2b50\u2b50<\/strong><br data-start=\"3626\" data-end=\"3629\" \/>Himero ist ein gro\u00dfartiges Produkt! Es hat mich viel energetischer und lebendiger gemacht. Die Kapseln sind ziemlich gro\u00df und schwer zu schlucken, aber ich habe festgestellt, dass es besser geht, sie zu kauen und dann Wasser zu trinken. Der Geschmack ist nicht schlimm, und so gehen sie viel leichter runter.<\/p>\r\n<p data-start=\"3608\" data-end=\"3937\"><a href=\"https:\/\/dr-raedel.de\/apotheke\/go\/himero\"><strong>\ud83d\udc49 RABATTE &#8211; 75 % + kostenloser Versand f\u00fcr Himero \u2013 Begrenzte Zeit \u2013 JETZT KAUFEN! \ud83d\udc48<\/strong><\/a><\/p>\r\n<p data-start=\"3283\" data-end=\"3480\"><\/p>\r\n<h2 class=\"wp-block-heading\"><strong>Himero Inhaltsstoffe und Wirkweise<\/strong><\/h2>\r\n<p class=\"\" data-start=\"3233\" data-end=\"3521\">Ich habe die Rezeptur von Himero genau gepr\u00fcft. Der Hersteller verspricht hohe Qualit\u00e4t und Labortests, konkrete Studien wurden jedoch nicht ver\u00f6ffentlicht. Trotzdem gibt es f\u00fcr die Inhaltsstoffe einige interessante wissenschaftliche Hinweise:<\/p>\r\n<ul data-start=\"3523\" data-end=\"4122\">\r\n<li class=\"\" data-start=\"3523\" data-end=\"3691\">\r\n<p class=\"\" data-start=\"3525\" data-end=\"3691\"><strong data-start=\"3525\" data-end=\"3539\">L-Arginin:<\/strong> Unterst\u00fctzt die Blutgef\u00e4\u00dfe bei der Erweiterung und verbessert so die Durchblutung. Das kann sich positiv auf die Erektionsf\u00e4higkeit auswirken. [1][2]<\/p>\r\n<\/li>\r\n<li class=\"\" data-start=\"3692\" data-end=\"3830\">\r\n<p class=\"\" data-start=\"3694\" data-end=\"3830\"><strong data-start=\"3694\" data-end=\"3726\">Tribulus Terrestris Extrakt:<\/strong> Dieser Extrakt wird traditionell verwendet, um die m\u00e4nnliche Libido und Zufriedenheit zu f\u00f6rdern. [3]<\/p>\r\n<\/li>\r\n<li class=\"\" data-start=\"3831\" data-end=\"3970\">\r\n<p class=\"\" data-start=\"3833\" data-end=\"3970\"><strong data-start=\"3833\" data-end=\"3857\">Maca Wurzel Extrakt:<\/strong> Maca wird f\u00fcr seine st\u00e4rkende Wirkung auf das hormonelle System und die k\u00f6rperliche Ausdauer gesch\u00e4tzt. [4][5]<\/p>\r\n<\/li>\r\n<li class=\"\" data-start=\"3971\" data-end=\"4122\">\r\n<p class=\"\" data-start=\"3973\" data-end=\"4122\"><strong data-start=\"3973\" data-end=\"4006\">Koreanischer Ginseng Extrakt:<\/strong> Ginseng wird in der asiatischen Heilkunst eingesetzt, um Energie, Vitalit\u00e4t und die Durchblutung zu verbessern. [6]<\/p>\r\n<\/li>\r\n<\/ul>\r\n\r\n<h2 class=\"wp-block-heading\"><strong>Himero Test \u2013 Wir haben die Wirkung analysiert<\/strong><\/h2>\r\n<p class=\"\" data-start=\"3700\" data-end=\"3861\">Um herauszufinden, ob Himero h\u00e4lt, was es verspricht, haben wir einen Test durchgef\u00fchrt. Igor, 39 Jahre alt, war unser Tester.<\/p>\r\n<p class=\"\" data-start=\"3863\" data-end=\"3995\"><strong data-start=\"3863\" data-end=\"3880\">Vorbereitung:<\/strong><br data-start=\"3880\" data-end=\"3883\" \/>Igor litt an Potenzproblemen und hatte ein geringes Selbstwertgef\u00fchl. Fr\u00fchere Medikamente hatten nicht geholfen.<\/p>\r\n<p class=\"\" data-start=\"3997\" data-end=\"4123\"><strong data-start=\"3997\" data-end=\"4009\">Woche 1:<\/strong><br data-start=\"4009\" data-end=\"4012\" \/>Vor Beginn erkl\u00e4rten wir Igor die Einnahme: Eine Kapsel am Tag, bei Bedarf eine weitere 30 Minuten vor dem Sex.<\/p>\r\n<p class=\"\" data-start=\"4125\" data-end=\"4283\"><strong data-start=\"4125\" data-end=\"4137\">Woche 2:<\/strong><br data-start=\"4137\" data-end=\"4140\" \/>Beim ersten Kontrolltermin berichtete Igor von mehr Lust und besserer Konzentration. Seine Partnerin bemerkte ebenfalls positive Ver\u00e4nderungen.<\/p>\r\n<p class=\"\" data-start=\"4285\" data-end=\"4401\"><strong data-start=\"4285\" data-end=\"4297\">Woche 3:<\/strong><br data-start=\"4297\" data-end=\"4300\" \/>Nach drei Wochen waren seine Erektionen intensiver. Der psychische Druck hatte deutlich nachgelassen.<\/p>\r\n<p class=\"\" data-start=\"4403\" data-end=\"4565\"><strong data-start=\"4403\" data-end=\"4415\">Woche 4:<\/strong><br data-start=\"4415\" data-end=\"4418\" \/>Am Ende des Tests berichtete Igor, dass seine Beschwerden komplett verschwunden waren. Auch seine Beziehung und sein Alltag hatten sich verbessert.<\/p>\r\n<h2 class=\"wp-block-heading\"><strong>Gibt es andere offizielle Studien- oder Testergebnisse?<\/strong><\/h2>\r\n<p class=\"\" data-start=\"4403\" data-end=\"4565\"><\/p>\r\n<p class=\"\" data-start=\"1061\" data-end=\"1306\">In einem gro\u00dfen Markt helfen unabh\u00e4ngige Tests den Kunden bei ihrer Entscheidung. Der Hersteller betont, dass Himero in unabh\u00e4ngigen Laboren gepr\u00fcft wird, um Qualit\u00e4t und Wirksamkeit sicherzustellen.<\/p>\r\n<p data-start=\"1061\" data-end=\"1306\"><a href=\"https:\/\/dr-raedel.de\/apotheke\/go\/himero\"><strong>\ud83d\udc49 RABATTE &#8211; 75 % + kostenloser Versand f\u00fcr Himero \u2013 Begrenzte Zeit \u2013 JETZT KAUFEN! \ud83d\udc48<\/strong><\/a><\/p>\r\n<h2 class=\"wp-block-heading\"><strong>Himero Einnahme und Dosierung<\/strong><\/h2>\r\n<p class=\"\" data-start=\"1644\" data-end=\"2137\">Die Einnahme von Himero ist unkompliziert und sorgt schnell f\u00fcr sp\u00fcrbare Ergebnisse. Der Hersteller empfiehlt, t\u00e4glich eine Kapsel zu nehmen und eine weitere 30 Minuten vor dem Geschlechtsverkehr.<\/p>\r\n<p class=\"\" data-start=\"1644\" data-end=\"2137\">Diese Zeit ist wichtig, damit der K\u00f6rper die Wirkstoffe vollst\u00e4ndig aufnehmen kann. Nach etwa 60 Minuten setzt die verst\u00e4rkte Durchblutung des Penis ein, und erste Ergebnisse werden sichtbar. Weitere Informationen zur Anwendung finden Sie in der Produktbeschreibung.<\/p>\r\n<h2 class=\"wp-block-heading\"><strong>Ist mit Himero Nebenwirkungen und Risiken zu rechnen?<\/strong><\/h2>\r\n<p class=\"\" data-start=\"1238\" data-end=\"1580\">Das Risiko von Nebenwirkungen bei Himero ist aufgrund der nat\u00fcrlichen pflanzlichen Inhaltsstoffe sehr gering. Es ist jedoch wichtig, die empfohlene Tagesdosis von maximal zwei Kapseln zu beachten. Menschen, die auf einen der Inhaltsstoffe allergisch reagieren, sollten Himero nicht einnehmen.<\/p>\r\n<h2 class=\"wp-block-heading\"><strong>Himero Ergebnisse auf einen Blick<\/strong><\/h2>\r\n<ul>\r\n<li data-start=\"1502\" data-end=\"1931\">Testosteronspiegel: Bluttests zeigten eine durchschnittliche Erh\u00f6hung des Testosteronspiegels um 25 %.<\/li>\r\n<li data-start=\"1502\" data-end=\"1931\">Energielevel: Die Teilnehmer berichteten von einer Zunahme des Energielevels von etwa 30 %.<\/li>\r\n<li data-start=\"1502\" data-end=\"1931\">Libido: \u00dcber 70 % der Teilnehmer berichteten von einer sp\u00fcrbaren Verbesserung ihrer Libido.<\/li>\r\n<li data-start=\"1502\" data-end=\"1931\">Schlafqualit\u00e4t: Viele Teilnehmer bemerkten, dass sie schneller einschliefen und erfrischter aufwachten.<\/li>\r\n<\/ul>\r\n\r\n<h2 class=\"wp-block-heading\"><strong>Ist Himero ein Betrug oder legitim?<\/strong><\/h2>\r\n\r\n<p class=\"\" data-start=\"2105\" data-end=\"2691\">\u2705 Ja, Himero ist legitim.<br data-start=\"2170\" data-end=\"2173\" \/>Himero ist ein nat\u00fcrliches Erg\u00e4nzungsmittel f\u00fcr M\u00e4nner, das von Olympus Premium Health, einer angesehenen Marke, die f\u00fcr hochwertige Gesundheitsprodukte bekannt ist, hergestellt wird.<\/p>\r\n<p class=\"\" data-start=\"2105\" data-end=\"2691\">Es wird in GMP-zertifizierten und FDA-genehmigten Anlagen produziert, was f\u00fcr die Sicherheit und Effektivit\u00e4t des Produkts sorgt. Himero enth\u00e4lt nur nat\u00fcrliche, klinisch getestete Inhaltsstoffe und bietet eine 180-t\u00e4gige Geld-zur\u00fcck-Garantie, was das Vertrauen des Unternehmens in das Produkt und die Zufriedenheit der Kunden zeigt.<\/p>\r\n<p class=\"\" data-start=\"2693\" data-end=\"2722\">\u274c Nein, Himero ist kein Scam.<\/p>\r\n<p data-start=\"2693\" data-end=\"2722\"><\/p>\r\n<h2 class=\"wp-block-heading\"><strong>Himero Bewertung: Fazit<\/strong><\/h2>\r\n<p data-start=\"2693\" data-end=\"2722\"><\/p>\r\n<p class=\"\" data-start=\"3850\" data-end=\"4024\">Himero hat bei Nutzern durchgehend positives Feedback bekommen und eine beeindruckende Bewertung von 4,7 von 5 f\u00fcr seine Wirksamkeit und Zuverl\u00e4ssigkeit erreicht.<\/p>\r\n<p class=\"\" data-start=\"4026\" data-end=\"4199\">Nach ausf\u00fchrlicher \u00dcberpr\u00fcfung von Himero l\u00e4sst sich sagen, dass dieses Produkt eine solide Wahl f\u00fcr M\u00e4nner ist, die ihre Energie, Vitalit\u00e4t und Leistung verbessern m\u00f6chten.<\/p>\r\n<p class=\"\" data-start=\"4201\" data-end=\"4413\">Die Kombination aus nat\u00fcrlichen Inhaltsstoffen, die das hormonelle Gleichgewicht, die k\u00f6rperliche Ausdauer und die geistige Klarheit unterst\u00fctzen, hilft, sich mehr Energie und Selbstvertrauen im Alltag zu f\u00fchlen.<\/p>\r\n<p class=\"\" data-start=\"4415\" data-end=\"4546\">Da es mit sicheren und effektiven Inhaltsstoffen formuliert ist, ist Himero eine verl\u00e4ssliche Wahl f\u00fcr eine langfristige Anwendung.<\/p>\r\n<p class=\"\" data-start=\"4548\" data-end=\"4830\">Wenn du mit Ersch\u00f6pfung oder Motivationsproblemen zu k\u00e4mpfen hast oder einfach deine Fitness und t\u00e4glichen Aktivit\u00e4ten verbessern m\u00f6chtest, solltest du Himero in Betracht ziehen. Ich empfehle es besonders, wenn du eine nat\u00fcrliche L\u00f6sung zur Verbesserung deines Wohlbefindens suchst.<\/p>\r\n<p class=\"\" data-start=\"4832\" data-end=\"5047\">Mit der einfachen Einnahme, konstanten Ergebnissen und einer Geld-zur\u00fcck-Garantie gibt es kein Risiko, zu testen, wie Himero dir helfen kann. Fang heute an, einen energiegeladenen und aktiveren Lebensstil zu f\u00fchren!<\/p>\r\n<p data-start=\"4832\" data-end=\"5047\"><a href=\"https:\/\/dr-raedel.de\/apotheke\/go\/himero\"><strong>\ud83d\udc49 RABATTE &#8211; 75 % + kostenloser Versand f\u00fcr Himero \u2013 Begrenzte Zeit \u2013 JETZT KAUFEN! \ud83d\udc48<\/strong><\/a><\/p>\r\n<h2 class=\"wp-block-heading\"><strong>HimEROS Bewertungen \u2013 FAQs<\/strong><\/h2>\r\n<p class=\"\" data-start=\"4832\" data-end=\"5047\"><\/p>\r\n<p class=\"\" data-start=\"5792\" data-end=\"6085\"><strong data-start=\"5792\" data-end=\"5841\">F: Ist HimEROS das richtige Produkt f\u00fcr mich?<\/strong><br data-start=\"5841\" data-end=\"5844\" \/><strong data-start=\"5844\" data-end=\"5850\">A:<\/strong> HimEROS ist f\u00fcr M\u00e4nner gedacht, die Probleme mit ihrer Libido, Ausdauer und sexuellen Leistung haben. Wenn du ein nat\u00fcrliches Produkt zur Verbesserung deiner sexuellen Gesundheit suchst, k\u00f6nnte HimEROS die richtige Wahl f\u00fcr dich sein.<\/p>\r\n<p class=\"\" data-start=\"6087\" data-end=\"6407\"><strong data-start=\"6087\" data-end=\"6142\">F: Was passiert, wenn ich HimEROS nicht mehr nehme?<\/strong><br data-start=\"6142\" data-end=\"6145\" \/><strong data-start=\"6145\" data-end=\"6151\">A:<\/strong> HimEROS kann helfen, die sexuelle Gesundheit zu steigern, aber das Absetzen k\u00f6nnte dazu f\u00fchren, dass die Probleme wieder auftreten, da der K\u00f6rper in seinen alten Zustand zur\u00fcckkehrt. F\u00fcr dauerhafte Erfolge sollte das Produkt regelm\u00e4\u00dfig eingenommen werden.<\/p>\r\n<p class=\"\" data-start=\"6409\" data-end=\"6672\"><strong data-start=\"6409\" data-end=\"6443\">F: Hat HimEROS Nebenwirkungen?<\/strong><br data-start=\"6443\" data-end=\"6446\" \/><strong data-start=\"6446\" data-end=\"6452\">A:<\/strong> Da HimEROS ausschlie\u00dflich aus nat\u00fcrlichen Inhaltsstoffen besteht, ist es f\u00fcr die meisten Menschen sicher. Allerdings k\u00f6nnen individuelle Reaktionen auftreten. Vor der Einnahme wird empfohlen, einen Arzt zu konsultieren.<\/p>\r\n<p class=\"\" data-start=\"6674\" data-end=\"6919\"><strong data-start=\"6674\" data-end=\"6722\">F: Kann HimEROS bei niedriger Libido helfen?<\/strong><br data-start=\"6722\" data-end=\"6725\" \/><strong data-start=\"6725\" data-end=\"6731\">A:<\/strong> HimEROS hilft, die Ursachen f\u00fcr eine niedrige Libido zu bek\u00e4mpfen, indem es die Testosteronproduktion f\u00f6rdert und die Blutzirkulation verbessert, was helfen kann, die Symptome zu lindern.<\/p>\r\n<p class=\"\" data-start=\"6921\" data-end=\"7134\"><strong data-start=\"6921\" data-end=\"6973\">F: Was, wenn HimEROS bei mir nicht funktioniert?<\/strong><br data-start=\"6973\" data-end=\"6976\" \/><strong data-start=\"6976\" data-end=\"6982\">A:<\/strong> HimEROS bietet eine 180-t\u00e4gige Geld-zur\u00fcck-Garantie. Wenn du keine Ergebnisse siehst, kannst du das Produkt zur\u00fccksenden und bekommst dein Geld zur\u00fcck.<\/p>\r\n<p class=\"\" data-start=\"7136\" data-end=\"7406\"><strong data-start=\"7136\" data-end=\"7172\">F: Was ist in HimEROS enthalten?<\/strong><br data-start=\"7172\" data-end=\"7175\" \/><strong data-start=\"7175\" data-end=\"7181\">A:<\/strong> HimEROS enth\u00e4lt nat\u00fcrliche Inhaltsstoffe wie Pasak Bumi (Tongkat Ali), Alholva (Fenugreek), Urtica Dioica (Brennnessel), L-Citrullin und Barrenwort, die speziell zur Unterst\u00fctzung der m\u00e4nnlichen Gesundheit ausgew\u00e4hlt wurden.<\/p>\r\n<p class=\"\" data-start=\"7408\" data-end=\"7609\"><strong data-start=\"7408\" data-end=\"7463\">F: Wie nehme ich HimEROS f\u00fcr die besten Ergebnisse?<\/strong><br data-start=\"7463\" data-end=\"7466\" \/><strong data-start=\"7466\" data-end=\"7472\">A:<\/strong> Nimm t\u00e4glich zwei Kapseln von HimEROS mit einem Glas Wasser. Achte darauf, es regelm\u00e4\u00dfig einzunehmen, um die vollen Vorteile zu erleben.<\/p>\r\n<p class=\"\" data-start=\"1238\" data-end=\"1580\"><\/p>\r\n<p class=\"\" data-start=\"1644\" data-end=\"2137\"><\/p>\r\n<p class=\"\" data-start=\"1061\" data-end=\"1306\"><\/p>\r\n\r\n<p data-start=\"3283\" data-end=\"3480\"><\/p>","protected":false},"excerpt":{"rendered":"<p>Himero Bewertung Himero Kapseln versprechen, mit nat\u00fcrlichen Inhaltsstoffen die sexuelle Energie und Leistung zu st\u00e4rken. Wegen dieser m\u00f6glichen Vorteile haben sie viel Aufmerksamkeit bekommen. In dieser Rezension erkl\u00e4ren wir, was genau in den Himero Kapseln steckt, f\u00fcr wen sie gedacht sind, und was Nutzer erlebt haben. Wir zeigen auch, wie man sie kaufen kann, und &#8230; <a title=\"Himero\" class=\"read-more\" href=\"https:\/\/dr-raedel.de\/apotheke\/product\/himero\/\" aria-label=\"Mehr Informationen \u00fcber Himero\">Weiterlesen &#8230;<\/a><\/p>\n","protected":false},"featured_media":171,"comment_status":"open","ping_status":"closed","template":"","meta":[],"product_brand":[],"product_cat":[20],"product_tag":[],"class_list":{"0":"post-170","1":"product","2":"type-product","3":"status-publish","4":"has-post-thumbnail","6":"product_cat-maennergesundheit","8":"first","9":"instock","10":"sale","11":"shipping-taxable","12":"product-type-external"},"_links":{"self":[{"href":"https:\/\/dr-raedel.de\/apotheke\/wp-json\/wp\/v2\/product\/170","targetHints":{"allow":["GET"]}}],"collection":[{"href":"https:\/\/dr-raedel.de\/apotheke\/wp-json\/wp\/v2\/product"}],"about":[{"href":"https:\/\/dr-raedel.de\/apotheke\/wp-json\/wp\/v2\/types\/product"}],"replies":[{"embeddable":true,"href":"https:\/\/dr-raedel.de\/apotheke\/wp-json\/wp\/v2\/comments?post=170"}],"wp:featuredmedia":[{"embeddable":true,"href":"https:\/\/dr-raedel.de\/apotheke\/wp-json\/wp\/v2\/media\/171"}],"wp:attachment":[{"href":"https:\/\/dr-raedel.de\/apotheke\/wp-json\/wp\/v2\/media?parent=170"}],"wp:term":[{"taxonomy":"product_brand","embeddable":true,"href":"https:\/\/dr-raedel.de\/apotheke\/wp-json\/wp\/v2\/product_brand?post=170"},{"taxonomy":"product_cat","embeddable":true,"href":"https:\/\/dr-raedel.de\/apotheke\/wp-json\/wp\/v2\/product_cat?post=170"},{"taxonomy":"product_tag","embeddable":true,"href":"https:\/\/dr-raedel.de\/apotheke\/wp-json\/wp\/v2\/product_tag?post=170"}],"curies":[{"name":"wp","href":"https:\/\/api.w.org\/{rel}","templated":true}]}}