{"id":182,"date":"2025-05-03T06:26:55","date_gmt":"2025-05-03T06:26:55","guid":{"rendered":"https:\/\/dr-raedel.de\/apotheke\/?post_type=product&#038;p=182"},"modified":"2025-05-03T13:48:17","modified_gmt":"2025-05-03T13:48:17","slug":"vigora-xl","status":"publish","type":"product","link":"https:\/\/dr-raedel.de\/apotheke\/product\/vigora-xl\/","title":{"rendered":"Vigora XL"},"content":{"rendered":"\r\n<h2 class=\"wp-block-heading\"><strong>Vigora XL Bewertung<\/strong><\/h2>\r\n\r\n<p class=\"\" data-start=\"1478\" data-end=\"1570\">Fr\u00fcher warst du voller Energie im Schlafzimmer \u2013 jetzt fehlt dir die Kraft und Sicherheit.<\/p>\r\n<p class=\"\" data-start=\"1572\" data-end=\"1700\">Du bist nicht allein. M\u00e4nner auf der ganzen Welt k\u00e4mpfen mit diesem Thema. Produkte wie <strong data-start=\"1660\" data-end=\"1673\">Vigora XL<\/strong> sollen angeblich helfen.<\/p>\r\n<p class=\"\" data-start=\"1702\" data-end=\"1769\">Doch was steckt wirklich dahinter? Lies weiter und finde es heraus.<\/p>\r\n<h2 class=\"wp-block-heading\"><strong>Vigora XL \u2013 Wirkungen und Vorteile<\/strong><\/h2>\r\n<p class=\"\" data-start=\"1702\" data-end=\"1769\">\r\n\r\n<\/p>\r\n<p class=\"\" data-start=\"2201\" data-end=\"2289\">Mit <strong data-start=\"2205\" data-end=\"2218\">Vigora XL<\/strong> k\u00f6nnen M\u00e4nner ihre sexuelle Leistungsf\u00e4higkeit steigern. Die Vorteile:<\/p>\r\n<ul data-start=\"2291\" data-end=\"2772\">\r\n<li class=\"\" data-start=\"2291\" data-end=\"2394\">\r\n<p class=\"\" data-start=\"2293\" data-end=\"2394\"><strong data-start=\"2293\" data-end=\"2325\">Verbesserte Blutzirkulation:<\/strong> F\u00f6rdert die Blutzufuhr zu den Genitalien und st\u00e4rkt so die Erektion.<\/p>\r\n<\/li>\r\n<li class=\"\" data-start=\"2395\" data-end=\"2473\">\r\n<p class=\"\" data-start=\"2397\" data-end=\"2473\"><strong data-start=\"2397\" data-end=\"2430\">Erh\u00f6htes sexuelles Verlangen:<\/strong> Regt die Produktion von Sexualhormonen an.<\/p>\r\n<\/li>\r\n<li class=\"\" data-start=\"2474\" data-end=\"2567\">\r\n<p class=\"\" data-start=\"2476\" data-end=\"2567\"><strong data-start=\"2476\" data-end=\"2492\">Stressabbau:<\/strong> Hilft, mentale Blockaden zu l\u00f6sen und das sexuelle Erlebnis zu entspannen.<\/p>\r\n<\/li>\r\n<li class=\"\" data-start=\"2568\" data-end=\"2662\">\r\n<p class=\"\" data-start=\"2570\" data-end=\"2662\"><strong data-start=\"2570\" data-end=\"2603\">St\u00e4rkung des Hormonhaushalts:<\/strong> F\u00f6rdert den hormonellen Ausgleich f\u00fcr eine gesunde Libido.<\/p>\r\n<\/li>\r\n<li class=\"\" data-start=\"2663\" data-end=\"2772\">\r\n<p class=\"\" data-start=\"2665\" data-end=\"2772\"><strong data-start=\"2665\" data-end=\"2695\">Mehr k\u00f6rperliche Ausdauer:<\/strong> Hilft, die Energie und Ausdauer w\u00e4hrend des Geschlechtsverkehrs zu steigern.<\/p>\r\n<\/li>\r\n<\/ul>\r\n<p class=\"\" data-start=\"2774\" data-end=\"2823\"><a href=\"https:\/\/dr-raedel.de\/apotheke\/go\/vigora-xl\" target=\"_blank\" rel=\"nofollow noopener sponsored\"><strong data-start=\"2774\" data-end=\"2823\">Jetzt bestellen \u2013 Angebot bis zu 50 % Rabatt!<\/strong><\/a><\/p>\r\n<h2 class=\"wp-block-heading\"><strong>Was ist Vigora XL?<\/strong><\/h2>\r\n<p class=\"\" data-start=\"1702\" data-end=\"1769\"><\/p>\r\n<p class=\"\" data-start=\"1959\" data-end=\"2103\"><strong data-start=\"1959\" data-end=\"1972\">Vigora XL<\/strong> ist f\u00fcr M\u00e4nner gedacht, die wieder mehr Kraft im Bett haben wollen. Weniger Energie oder Lustprobleme? Dieses Produkt kann helfen.<\/p>\r\n<p class=\"\" data-start=\"2105\" data-end=\"2259\">Es besteht aus nat\u00fcrlichen Inhaltsstoffen, die die Durchblutung steigern und Energie bringen. So kann es die Erektion verbessern und die Leistung erh\u00f6hen.<\/p>\r\n<p class=\"\" data-start=\"2261\" data-end=\"2292\"><strong data-start=\"2261\" data-end=\"2290\">Vorteile auf einen Blick:<\/strong><\/p>\r\n<ul data-start=\"2293\" data-end=\"2371\">\r\n<li class=\"\" data-start=\"2293\" data-end=\"2317\">\r\n<p class=\"\" data-start=\"2295\" data-end=\"2317\">Bessere Durchblutung<\/p>\r\n<\/li>\r\n<li class=\"\" data-start=\"2318\" data-end=\"2333\">\r\n<p class=\"\" data-start=\"2320\" data-end=\"2333\">H\u00f6here Lust<\/p>\r\n<\/li>\r\n<li class=\"\" data-start=\"2334\" data-end=\"2354\">\r\n<p class=\"\" data-start=\"2336\" data-end=\"2354\">Intensiverer Sex<\/p>\r\n<\/li>\r\n<li class=\"\" data-start=\"2355\" data-end=\"2371\">\r\n<p class=\"\" data-start=\"2357\" data-end=\"2371\">Mehr Energie<\/p>\r\n<\/li>\r\n<\/ul>\r\n\r\n<h2 class=\"wp-block-heading\"><strong>Wie wirkt Vigora XL?<\/strong><\/h2>\r\n\r\n<p class=\"\" data-start=\"1748\" data-end=\"1928\">Die Kapseln enthalten nat\u00fcrliche Stoffe, die die Blutgef\u00e4\u00dfe erweitern. Dadurch flie\u00dft mehr Blut in den Genitalbereich \u2013 wichtig f\u00fcr eine gute Erektion.<\/p>\r\n<p class=\"\" data-start=\"1930\" data-end=\"2104\"><strong data-start=\"1930\" data-end=\"1943\">L-Arginin<\/strong> f\u00f6rdert den Stickstoffmonoxid-Spiegel, <strong data-start=\"1983\" data-end=\"1994\">Ginseng<\/strong> st\u00e4rkt Energie und Leistung. Mit <strong data-start=\"2028\" data-end=\"2051\">Tribulus Terrestris<\/strong> wird die Libido angeregt, <strong data-start=\"2078\" data-end=\"2086\">Maca<\/strong> baut Stress ab.<\/p>\r\n<p class=\"\" data-start=\"2106\" data-end=\"2157\">Alles zusammen sorgt f\u00fcr bessere sexuelle Leistung.<\/p>\r\n<h2 class=\"wp-block-heading\"><strong>Vigora XL Inhaltsstoffe<\/strong><\/h2>\r\n<p class=\"\" data-start=\"2106\" data-end=\"2157\"><\/p>\r\n<p class=\"\" data-start=\"1799\" data-end=\"1912\">Dieses Nahrungserg\u00e4nzungsmittel vereint wirksame Stoffe f\u00fcr bessere Potenz:<\/p>\r\n<ul data-start=\"1914\" data-end=\"2204\">\r\n<li class=\"\" data-start=\"1914\" data-end=\"1967\">\r\n<p class=\"\" data-start=\"1916\" data-end=\"1967\"><strong data-start=\"1916\" data-end=\"1931\">L-Carnitin:<\/strong> Mehr Kraft und Ausdauer beim Sex.<\/p>\r\n<\/li>\r\n<li class=\"\" data-start=\"1968\" data-end=\"2045\">\r\n<p class=\"\" data-start=\"1970\" data-end=\"2045\"><strong data-start=\"1970\" data-end=\"1984\">L-Arginin:<\/strong> Unterst\u00fctzt h\u00e4rtere Erektionen durch bessere Durchblutung.<\/p>\r\n<\/li>\r\n<li class=\"\" data-start=\"2046\" data-end=\"2117\">\r\n<p class=\"\" data-start=\"2048\" data-end=\"2117\"><strong data-start=\"2048\" data-end=\"2061\">Garcinia:<\/strong> F\u00f6rdert Gewichtsverlust und kann die Libido steigern.<\/p>\r\n<\/li>\r\n<li class=\"\" data-start=\"2118\" data-end=\"2204\">\r\n<p class=\"\" data-start=\"2120\" data-end=\"2204\"><strong data-start=\"2120\" data-end=\"2136\">BHB-Komplex:<\/strong> Liefert Energie aus Fett \u2013 f\u00fcr mehr Ausdauer und weniger M\u00fcdigkeit.<\/p>\r\n<\/li>\r\n<\/ul>\r\n\r\n<h2 class=\"wp-block-heading\"><strong>Vigora XL Anwendung und Dosierung<\/strong><\/h2>\r\n<p class=\"\" data-start=\"1265\" data-end=\"1568\">F\u00fcr die besten Ergebnisse sollten Sie <strong data-start=\"1333\" data-end=\"1346\">Vigora XL<\/strong> wie angegeben einnehmen. Die \u00fcbliche Dosierung betr\u00e4gt eine Kapsel pro Tag, eingenommen mit einem Glas Wasser etwa 30 Minuten vor dem beabsichtigten Sexualakt. Vermeiden Sie es, die empfohlene Tagesdosis zu \u00fcberschreiten.<\/p>\r\n<h2 class=\"wp-block-heading\"><strong>Vigora XL Preis<\/strong><\/h2>\r\n<p class=\"\" data-start=\"1265\" data-end=\"1568\"><\/p>\r\n<p class=\"\" data-start=\"1612\" data-end=\"1785\">Vigora XL kostet 54,95 \u20ac f\u00fcr eine Flasche mit 60 Kapseln, was f\u00fcr etwa einen Monat reicht.<br data-start=\"1725\" data-end=\"1728\" \/>Wenn Sie mehrere Flaschen kaufen, sparen Sie noch mehr:<\/p>\r\n<ul data-start=\"1786\" data-end=\"2017\">\r\n<li class=\"\" data-start=\"1786\" data-end=\"1839\">\r\n<p class=\"\" data-start=\"1788\" data-end=\"1839\">3-Flaschen-Pack f\u00fcr 89,95 \u20ac (29,98 \u20ac pro Flasche)<\/p>\r\n<\/li>\r\n<li class=\"\" data-start=\"1840\" data-end=\"2017\">\r\n<p class=\"\" data-start=\"1842\" data-end=\"2017\">5-Flaschen-Pack f\u00fcr 109,95 \u20ac (21,99 \u20ac pro Flasche)<br data-start=\"1892\" data-end=\"1895\" \/>Gro\u00dfpackungen bieten einen deutlich g\u00fcnstigeren Preis pro Flasche. Der Versand innerhalb der EU ist schnell und kostenlos.<\/p>\r\n<\/li>\r\n<\/ul>\r\n<p><a href=\"https:\/\/dr-raedel.de\/apotheke\/go\/vigora-xl\"><strong>\u27a7 Bezugsquellen (Live-Verkauf) <\/strong>\u21d2\u00a0\ud83d\udcb0Klicken Sie hier, um 50 % Rabatt zu erhalten\ud83c\udf81\ud83d\udc47<\/a><\/p>\r\n\r\n<h2 class=\"wp-block-heading\"><strong>Vigora XL Vorsichtsma\u00dfnahmen und Nebenwirkungen<\/strong><\/h2>\r\n<p class=\"\" data-start=\"1097\" data-end=\"1407\">Die Kapseln f\u00fcr die sexuelle Gesundheit haben keine bemerkenswerten Nebenwirkungen, au\u00dfer bei einer m\u00f6glichen Allergie oder Unvertr\u00e4glichkeit gegen\u00fcber den Inhaltsstoffen. Es ist wichtig, vor der Anwendung die Inhaltsstoffe zu \u00fcberpr\u00fcfen, um Allergien zu vermeiden.<\/p>\r\n<h2 class=\"wp-block-heading\"><strong>Vigora XL \u2013 Bewertungen und Erfahrungsberichte<\/strong><\/h2>\r\n<p class=\"\" data-start=\"2446\" data-end=\"2610\">Viele Nutzer berichten von positiven Erfahrungen mit Vigora XL. Drei zufriedene Kunden teilen ihre Geschichten:<\/p>\r\n<p class=\"\" data-start=\"2612\" data-end=\"2790\">\u201eSeit ich Vigora XL benutze, f\u00fchle ich mich viel energischer und lebendiger. Meine sexuellen Leistungen haben sich deutlich verbessert, und ich bin selbstbewusster als je zuvor.\u201c<\/p>\r\n<p class=\"\" data-start=\"2792\" data-end=\"2985\">\u201eVigora XL hat meine Ausdauer sowohl bei der Arbeit als auch im Fitnessstudio gesteigert. Meine sexuelle Leistung ist auch viel besser geworden. Ich bin wirklich zufrieden mit den Ergebnissen!\u201c<\/p>\r\n<p class=\"\" data-start=\"2987\" data-end=\"3169\">\u201eFr\u00fcher f\u00fchlte ich mich st\u00e4ndig ersch\u00f6pft, aber nach der Einnahme von Vigora XL f\u00fchle ich mich wie neu. Meine sexuelle Gesundheit hat sich stark verbessert. Ein gro\u00dfartiges Produkt!\u201c<\/p>\r\n<h2 class=\"wp-block-heading\"><strong>Vigora XL Bewertungen: Abschluss<\/strong><\/h2>\r\n<p class=\"\" data-start=\"2387\" data-end=\"2745\">Vigora XL ist eine gute Wahl, wenn du deine Ausdauer, Energie und dein Selbstvertrauen steigern m\u00f6chtest. Viele Nutzer berichten von echten Verbesserungen in ihrer Leistung, mit mehr Ausdauer und Energie. Zu den bekannten Inhaltsstoffen geh\u00f6ren Horny Goat Weed und Tongkat Ali, die oft zur Unterst\u00fctzung der m\u00e4nnlichen Gesundheit verwendet werden.<\/p>\r\n<p class=\"\" data-start=\"2747\" data-end=\"3160\">Mit attraktiven Preisen, Rabatten f\u00fcr gr\u00f6\u00dfere Bestellungen und einer 60-t\u00e4gigen Geld-zur\u00fcck-Garantie bietet Vigora XL gutes Preis-Leistungs-Verh\u00e4ltnis. Die Ergebnisse k\u00f6nnen von Person zu Person unterschiedlich sein, aber die meisten Nutzer sind zufrieden. Wenn du nach einem nat\u00fcrlichen Produkt zur Leistungssteigerung suchst, solltest du Vigora XL ausprobieren. Kaufe es direkt auf der Offiziellen Website.<\/p>\r\n<p data-start=\"2747\" data-end=\"3160\"><a href=\"https:\/\/dr-raedel.de\/apotheke\/go\/vigora-xl\"><strong>\u27a7 Bezugsquellen (Live-Verkauf) <\/strong>\u21d2\u00a0\ud83d\udcb0Klicken Sie hier, um 50 % Rabatt zu erhalten\ud83c\udf81\ud83d\udc47<\/a><\/p>\r\n<p class=\"\" data-start=\"2987\" data-end=\"3169\">\r\n\r\n<\/p>\r\n<h2 class=\"wp-block-heading\"><strong>Vigora XL Bewertung \u2013 H\u00e4ufig gestellte Fragen (FAQs)<\/strong><\/h2>\r\n<p class=\"\" data-start=\"4110\" data-end=\"4410\"><strong data-start=\"4110\" data-end=\"4170\">F: Wie schnell zeigen sich die Ergebnisse bei Vigora XL?<\/strong><br data-start=\"4170\" data-end=\"4173\" \/>A: Die Ergebnisse sind individuell unterschiedlich. Manche Nutzer bemerken Ver\u00e4nderungen schon nach wenigen Wochen, w\u00e4hrend es bei anderen l\u00e4nger dauert. Die regelm\u00e4\u00dfige Einnahme erh\u00f6ht die Chance, die gew\u00fcnschten Ergebnisse zu erzielen.<\/p>\r\n<p class=\"\" data-start=\"4412\" data-end=\"4691\"><strong data-start=\"4412\" data-end=\"4453\">F: Ist Vigora XL sicher zu verwenden?<\/strong><br data-start=\"4453\" data-end=\"4456\" \/>A: Ja, Vigora XL ist sicher, da es aus nat\u00fcrlichen Zutaten besteht und unter hohen Qualit\u00e4tsstandards hergestellt wird. Es ist jedoch ratsam, einen Arzt zu konsultieren, wenn du gesundheitliche Probleme hast oder Medikamente einnimmst.<\/p>\r\n<p class=\"\" data-start=\"4693\" data-end=\"4957\"><strong data-start=\"4693\" data-end=\"4754\">F: Kann ich Vigora XL mit anderen Pr\u00e4paraten kombinieren?<\/strong><br data-start=\"4754\" data-end=\"4757\" \/>A: Ja, es ist m\u00f6glich, aber \u00fcberpr\u00fcfe vorher die Inhaltsstoffe, um keine \u00fcberschneidenden Wirkstoffe zu haben. Ein Gespr\u00e4ch mit einem Arzt vor der Kombination von Nahrungserg\u00e4nzungsmitteln ist ratsam.<\/p>\r\n<p class=\"\" data-start=\"4959\" data-end=\"5139\"><strong data-start=\"4959\" data-end=\"4995\">F: Wo kann ich Vigora XL kaufen?<\/strong><br data-start=\"4995\" data-end=\"4998\" \/>A: Der sicherste Kaufort f\u00fcr Vigora XL ist die <a href=\"https:\/\/dr-raedel.de\/apotheke\/go\/vigora-xl\">offizielle Website<\/a>. So erh\u00e4ltst du das Originalprodukt und profitierst von m\u00f6glichen Rabatten.<\/p>\r\n<p class=\"\" data-start=\"5141\" data-end=\"5328\"><strong data-start=\"5141\" data-end=\"5178\">F: Gibt es eine R\u00fcckgabegarantie?<\/strong><br data-start=\"5178\" data-end=\"5181\" \/>A: Ja, Vigora XL bietet eine 60-Tage-Geld-zur\u00fcck-Garantie. Falls du mit dem Produkt nicht zufrieden bist, kannst du eine R\u00fcckerstattung beantragen.<\/p>\r\n<p data-start=\"5141\" data-end=\"5328\"><a href=\"https:\/\/dr-raedel.de\/apotheke\/go\/vigora-xl\"><strong>\u27a7 Bezugsquellen (Live-Verkauf) <\/strong>\u21d2\u00a0\ud83d\udcb0Klicken Sie hier, um 50 % Rabatt zu erhalten\ud83c\udf81\ud83d\udc47<\/a><\/p>\r\n<p data-start=\"5141\" data-end=\"5328\">[vigoraxl]<\/p>\r\n<p class=\"\" data-start=\"2987\" data-end=\"3169\"><\/p>\r\n<p class=\"\" data-start=\"1097\" data-end=\"1407\"><\/p>\r\n","protected":false},"excerpt":{"rendered":"<p>Vigora XL Bewertung Fr\u00fcher warst du voller Energie im Schlafzimmer \u2013 jetzt fehlt dir die Kraft und Sicherheit. Du bist nicht allein. M\u00e4nner auf der ganzen Welt k\u00e4mpfen mit diesem Thema. Produkte wie Vigora XL sollen angeblich helfen. Doch was steckt wirklich dahinter? Lies weiter und finde es heraus. Vigora XL \u2013 Wirkungen und Vorteile &#8230; <a title=\"Vigora XL\" class=\"read-more\" href=\"https:\/\/dr-raedel.de\/apotheke\/product\/vigora-xl\/\" aria-label=\"Mehr Informationen \u00fcber Vigora XL\">Weiterlesen &#8230;<\/a><\/p>\n","protected":false},"featured_media":183,"comment_status":"open","ping_status":"closed","template":"","meta":[],"product_brand":[],"product_cat":[20],"product_tag":[],"class_list":{"0":"post-182","1":"product","2":"type-product","3":"status-publish","4":"has-post-thumbnail","6":"product_cat-maennergesundheit","8":"first","9":"instock","10":"sale","11":"shipping-taxable","12":"product-type-external"},"_links":{"self":[{"href":"https:\/\/dr-raedel.de\/apotheke\/wp-json\/wp\/v2\/product\/182","targetHints":{"allow":["GET"]}}],"collection":[{"href":"https:\/\/dr-raedel.de\/apotheke\/wp-json\/wp\/v2\/product"}],"about":[{"href":"https:\/\/dr-raedel.de\/apotheke\/wp-json\/wp\/v2\/types\/product"}],"replies":[{"embeddable":true,"href":"https:\/\/dr-raedel.de\/apotheke\/wp-json\/wp\/v2\/comments?post=182"}],"wp:featuredmedia":[{"embeddable":true,"href":"https:\/\/dr-raedel.de\/apotheke\/wp-json\/wp\/v2\/media\/183"}],"wp:attachment":[{"href":"https:\/\/dr-raedel.de\/apotheke\/wp-json\/wp\/v2\/media?parent=182"}],"wp:term":[{"taxonomy":"product_brand","embeddable":true,"href":"https:\/\/dr-raedel.de\/apotheke\/wp-json\/wp\/v2\/product_brand?post=182"},{"taxonomy":"product_cat","embeddable":true,"href":"https:\/\/dr-raedel.de\/apotheke\/wp-json\/wp\/v2\/product_cat?post=182"},{"taxonomy":"product_tag","embeddable":true,"href":"https:\/\/dr-raedel.de\/apotheke\/wp-json\/wp\/v2\/product_tag?post=182"}],"curies":[{"name":"wp","href":"https:\/\/api.w.org\/{rel}","templated":true}]}}