{"id":262,"date":"2025-12-29T15:09:35","date_gmt":"2025-12-29T15:09:35","guid":{"rendered":"https:\/\/dr-raedel.de\/apotheke\/?post_type=product&#038;p=262"},"modified":"2026-03-29T15:11:20","modified_gmt":"2026-03-29T15:11:20","slug":"nutrivea","status":"publish","type":"product","link":"https:\/\/dr-raedel.de\/apotheke\/product\/nutrivea\/","title":{"rendered":"Nutrivea"},"content":{"rendered":"<p data-start=\"1128\" data-end=\"1538\"><\/p>\r\n<h2 class=\"wp-block-heading\"><strong>Nutrivea Bewertungen<\/strong><\/h2>\r\n<p><img loading=\"lazy\" decoding=\"async\" class=\"size-medium wp-image-263 aligncenter\" src=\"https:\/\/dr-raedel.de\/apotheke\/wp-content\/uploads\/2025\/12\/Nutrivea-erfahrungen-300x300.webp\" alt=\"Nutrivea erfahrungen\" width=\"300\" height=\"300\" srcset=\"https:\/\/dr-raedel.de\/apotheke\/wp-content\/uploads\/2025\/12\/Nutrivea-erfahrungen-300x300.webp 300w, https:\/\/dr-raedel.de\/apotheke\/wp-content\/uploads\/2025\/12\/Nutrivea-erfahrungen-150x150.webp 150w, https:\/\/dr-raedel.de\/apotheke\/wp-content\/uploads\/2025\/12\/Nutrivea-erfahrungen-100x100.webp 100w, https:\/\/dr-raedel.de\/apotheke\/wp-content\/uploads\/2025\/12\/Nutrivea-erfahrungen.webp 600w\" sizes=\"auto, (max-width: 300px) 100vw, 300px\" \/><\/p>\r\n<p data-start=\"1128\" data-end=\"1538\">Mit Nutrivea Kapseln kann der Stoffwechsel sanft und nat\u00fcrlich unterst\u00fctzt werden. Sie helfen, neue Energie zu gewinnen und die Verdauung zu f\u00f6rdern. Die veganen Kapseln enthalten ausgew\u00e4hlte Inhaltsstoffe, die auf die Bed\u00fcrfnisse des modernen Lebens abgestimmt sind. Ob im Beruf oder in der Freizeit, Nutrivea passt gut in den Alltag. Die Einnahme ist einfach und der K\u00f6rper kann die Wirkstoffe gut aufnehmen.<\/p>\r\n<blockquote class=\"wp-block-quote is-layout-flow wp-block-quote-is-layout-flow\">\r\n<p><strong><a href=\"https:\/\/dr-raedel.de\/apotheke\/go\/Nutrivea\" data-type=\"link\" data-id=\"https:\/\/www.webhealthbuzzs.com\/go\/Nutrivea\"><img decoding=\"async\" class=\"emoji\" role=\"img\" draggable=\"false\" src=\"https:\/\/s.w.org\/images\/core\/emoji\/17.0.2\/svg\/1f449.svg\" alt=\"\ud83d\udc49\" \/> RABATTE \u2013 75 % + kostenloser Versand f\u00fcr Nutrivea \u2013 Begrenzte Zeit \u2013 JETZT KAUFEN! <img decoding=\"async\" class=\"emoji\" role=\"img\" draggable=\"false\" src=\"https:\/\/s.w.org\/images\/core\/emoji\/17.0.2\/svg\/1f448.svg\" alt=\"\ud83d\udc48\" \/><\/a><\/strong><\/p>\r\n<\/blockquote>\r\n<h2 class=\"wp-block-heading\"><strong>Nutrivea Vorteile<\/strong><\/h2>\r\n<ul>\r\n<li data-start=\"1564\" data-end=\"2047\">Die Formel besteht aus nat\u00fcrlichen Inhaltsstoffen und ist gut vertr\u00e4glich.<\/li>\r\n<li data-start=\"1564\" data-end=\"2047\">Sie unterst\u00fctzt einen aktiven Stoffwechsel und die Fettverbrennung.<\/li>\r\n<li data-start=\"1564\" data-end=\"2047\">Die Verdauung kann sanft verbessert werden, auch bei Bl\u00e4hungen.<\/li>\r\n<li data-start=\"1564\" data-end=\"2047\">Viele Nutzer f\u00fchlen sich im Alltag energiegeladener.<\/li>\r\n<li data-start=\"1564\" data-end=\"2047\">Durch die Anregung des Stoffwechsels kann das Gewicht besser kontrolliert werden.<\/li>\r\n<li data-start=\"1564\" data-end=\"2047\">Die Einnahme ist einfach und bequem im t\u00e4glichen Gebrauch.<\/li>\r\n<li data-start=\"1564\" data-end=\"2047\">Bei empfohlener Anwendung sind keine bekannten Nebenwirkungen bekannt.<\/li>\r\n<\/ul>\r\n<blockquote class=\"wp-block-quote is-layout-flow wp-block-quote-is-layout-flow\">\r\n<p><strong><a href=\"https:\/\/dr-raedel.de\/apotheke\/go\/Nutrivea\" data-type=\"link\" data-id=\"https:\/\/www.webhealthbuzzs.com\/go\/Nutrivea\"><img decoding=\"async\" class=\"emoji\" role=\"img\" draggable=\"false\" src=\"https:\/\/s.w.org\/images\/core\/emoji\/17.0.2\/svg\/1f449.svg\" alt=\"\ud83d\udc49\" \/> RABATTE \u2013 75 % + kostenloser Versand f\u00fcr Nutrivea \u2013 Begrenzte Zeit \u2013 JETZT KAUFEN! <img decoding=\"async\" class=\"emoji\" role=\"img\" draggable=\"false\" src=\"https:\/\/s.w.org\/images\/core\/emoji\/17.0.2\/svg\/1f448.svg\" alt=\"\ud83d\udc48\" \/><\/a><\/strong><\/p>\r\n<\/blockquote>\r\n\r\n<h2 class=\"wp-block-heading\"><strong>Was ist Nutrivea?<\/strong><\/h2>\r\n<p data-start=\"813\" data-end=\"1420\">Nutrivea Kapseln wurden entwickelt, um den K\u00f6rper beim Abnehmen und beim allgemeinen Wohlbefinden zu unterst\u00fctzen. Sie f\u00f6rdern den Stoffwechsel, verbessern die Verdauung und steigern die Energie. Die nat\u00fcrliche Zusammensetzung hilft dem K\u00f6rper, Fett effizienter zu verbrennen. Eine gute Verdauung unterst\u00fctzt zus\u00e4tzlich den Gewichtsverlust. Mehr Energie sorgt daf\u00fcr, dass man sich im Alltag fitter f\u00fchlt. Die nat\u00fcrlichen Inhaltsstoffe sind gut vertr\u00e4glich und schonend f\u00fcr den K\u00f6rper. Viele Nutzer vertrauen Nutrivea wegen seiner sicheren Formel und der zuverl\u00e4ssigen Unterst\u00fctzung f\u00fcr ein gesundes Gewicht.<\/p>\r\n<p data-start=\"813\" data-end=\"1420\"><\/p>\r\n<h2 class=\"wp-block-heading\"><strong>Nutrivea Zutaten<\/strong><\/h2>\r\n<h3 data-start=\"1649\" data-end=\"1683\"><strong data-start=\"1653\" data-end=\"1681\">Citrus-Aurantium-Extrakt<\/strong><\/h3>\r\n<p data-start=\"1684\" data-end=\"1810\">Dieser Pflanzenstoff kann den Energieverbrauch des K\u00f6rpers unterst\u00fctzen. Er hilft au\u00dferdem bei einer sanften Appetitkontrolle.<\/p>\r\n<h3 data-start=\"1812\" data-end=\"1837\"><strong data-start=\"1816\" data-end=\"1835\">Gr\u00fcntee-Extrakt<\/strong><\/h3>\r\n<p data-start=\"1838\" data-end=\"1938\">Gr\u00fcntee-Extrakt unterst\u00fctzt den Stoffwechsel und sch\u00fctzt die Zellen. Er tr\u00e4gt zu mehr Vitalit\u00e4t bei.<\/p>\r\n<h3 data-start=\"1940\" data-end=\"1959\"><strong data-start=\"1944\" data-end=\"1957\">Magnesium<\/strong><\/h3>\r\n<p data-start=\"1960\" data-end=\"2068\">Magnesium unterst\u00fctzt die Energieproduktion im K\u00f6rper. Es hilft bei der normalen Muskel- und Nervenfunktion.<\/p>\r\n<h3 data-start=\"2070\" data-end=\"2101\"><strong data-start=\"2074\" data-end=\"2099\">Gr\u00fcner-Kaffee-Extrakt<\/strong><\/h3>\r\n<p data-start=\"2102\" data-end=\"2207\">Dieser Extrakt f\u00f6rdert ein h\u00f6heres Energiegef\u00fchl. Er unterst\u00fctzt einen aktiven und gesunden Stoffwechsel.<\/p>\r\n<blockquote class=\"wp-block-quote is-layout-flow wp-block-quote-is-layout-flow\">\r\n<p><strong><a href=\"https:\/\/dr-raedel.de\/apotheke\/go\/Nutrivea\" data-type=\"link\" data-id=\"https:\/\/www.webhealthbuzzs.com\/go\/Nutrivea\"><img decoding=\"async\" class=\"emoji\" role=\"img\" draggable=\"false\" src=\"https:\/\/s.w.org\/images\/core\/emoji\/17.0.2\/svg\/1f449.svg\" alt=\"\ud83d\udc49\" \/> RABATTE \u2013 75 % + kostenloser Versand f\u00fcr Nutrivea \u2013 Begrenzte Zeit \u2013 JETZT KAUFEN! <img decoding=\"async\" class=\"emoji\" role=\"img\" draggable=\"false\" src=\"https:\/\/s.w.org\/images\/core\/emoji\/17.0.2\/svg\/1f448.svg\" alt=\"\ud83d\udc48\" \/><\/a><\/strong><\/p>\r\n<\/blockquote>\r\n<h3 data-start=\"2209\" data-end=\"2234\"><strong data-start=\"2213\" data-end=\"2232\">Kurkuma-Extrakt<\/strong><\/h3>\r\n<p data-start=\"2235\" data-end=\"2345\">Kurkuma unterst\u00fctzt eine gesunde Verdauung. Zus\u00e4tzlich hilft es, den K\u00f6rper vor oxidativem Stress zu sch\u00fctzen.<\/p>\r\n<p data-start=\"2235\" data-end=\"2345\"><\/p>\r\n<h2 class=\"wp-block-heading\"><strong>Wie funktioniert das?<\/strong><\/h2>\r\n<p data-start=\"706\" data-end=\"1231\">Diese Kapseln wurden entwickelt, um den K\u00f6rper bei wichtigen Funktionen zu unterst\u00fctzen. Sie f\u00f6rdern einen aktiven Stoffwechsel, steigern das Energiegef\u00fchl und unterst\u00fctzen die Verdauung. Durch die Kombination der Inhaltsstoffe kann der K\u00f6rper N\u00e4hrstoffe besser verwerten und Kalorien effizienter verarbeiten. Das hilft beim Gewichtsmanagement. Zus\u00e4tzlich st\u00e4rken die Inhaltsstoffe den Verdauungstrakt und sch\u00fctzen die Zellen vor sch\u00e4dlichen Einfl\u00fcssen. Insgesamt kann dies zu mehr Vitalit\u00e4t und besserem Wohlbefinden f\u00fchren.<\/p>\r\n<h2 class=\"wp-block-heading\"><strong>Nutrivea Gegenanzeigen und Nebenwirkungen<\/strong><\/h2>\r\n<p data-start=\"1409\" data-end=\"1790\">Nutrivea ist in der Regel sicher in der Anwendung. Es wurden keine Nebenwirkungen berichtet. Ausnahmen sind m\u00f6gliche allergische Reaktionen oder Unvertr\u00e4glichkeiten bei empfindlichen Personen. Menschen mit bekannten Allergien sollten das Produkt meiden. Es sind keine Wechselwirkungen mit anderen Arzneimitteln bekannt. Alkohol kann jedoch die Effektivit\u00e4t von Nutrivea reduzieren.<\/p>\r\n<blockquote class=\"wp-block-quote is-layout-flow wp-block-quote-is-layout-flow\">\r\n<p><strong><a href=\"https:\/\/dr-raedel.de\/apotheke\/go\/Nutrivea\" data-type=\"link\" data-id=\"https:\/\/www.webhealthbuzzs.com\/go\/Nutrivea\"><img decoding=\"async\" class=\"emoji\" role=\"img\" draggable=\"false\" src=\"https:\/\/s.w.org\/images\/core\/emoji\/17.0.2\/svg\/1f449.svg\" alt=\"\ud83d\udc49\" \/> RABATTE \u2013 75 % + kostenloser Versand f\u00fcr Nutrivea \u2013 Begrenzte Zeit \u2013 JETZT KAUFEN! <img decoding=\"async\" class=\"emoji\" role=\"img\" draggable=\"false\" src=\"https:\/\/s.w.org\/images\/core\/emoji\/17.0.2\/svg\/1f448.svg\" alt=\"\ud83d\udc48\" \/><\/a><\/strong><\/p>\r\n<\/blockquote>\r\n<p data-start=\"706\" data-end=\"1231\"><\/p>\r\n<p data-start=\"706\" data-end=\"1231\"><\/p>\r\n<h2 class=\"wp-block-heading\"><strong>Nutrivea Anwendung und Dosierung<\/strong><\/h2>\r\n<p data-start=\"1146\" data-end=\"1443\">F\u00fcr beste Ergebnisse wird empfohlen, Nutrivea t\u00e4glich einzunehmen. Die Dosierung betr\u00e4gt eine Kapsel pro Tag, idealerweise mit ausreichend Wasser. Eine kontinuierliche Einnahme \u00fcber mehrere Wochen unterst\u00fctzt die volle Wirkung. Die Kapseln sind leicht in den Alltag einzubauen und gut vertr\u00e4glich.<\/p>\r\n<h2 class=\"wp-block-heading\"><strong>Kaufen Sie Nutrivea online in Deutschland<\/strong><\/h2>\r\n<p data-start=\"698\" data-end=\"1182\">Derzeit ist Nutrivea zu einem stark reduzierten Preis verf\u00fcgbar. Statt des regul\u00e4ren Preises von 79,95 \u20ac kostet das Produkt nur 36,65 \u20ac. Dieses attraktive Angebot gilt nur f\u00fcr kurze Zeit. Bestellungen sind ausschlie\u00dflich online \u00fcber unsere sichere Plattform m\u00f6glich. Durch die enge Zusammenarbeit mit dem Hersteller ist eine gute Verf\u00fcgbarkeit gew\u00e4hrleistet. Nutrivea wird zuverl\u00e4ssig und z\u00fcgig nach Deutschland, \u00d6sterreich, in die Schweiz, nach Luxemburg und Liechtenstein geliefert.<\/p>\r\n<blockquote class=\"wp-block-quote is-layout-flow wp-block-quote-is-layout-flow\">\r\n<p><strong><a href=\"https:\/\/dr-raedel.de\/apotheke\/go\/Nutrivea\" data-type=\"link\" data-id=\"https:\/\/www.webhealthbuzzs.com\/go\/Nutrivea\"><img decoding=\"async\" class=\"emoji\" role=\"img\" draggable=\"false\" src=\"https:\/\/s.w.org\/images\/core\/emoji\/17.0.2\/svg\/1f449.svg\" alt=\"\ud83d\udc49\" \/> RABATTE \u2013 75 % + kostenloser Versand f\u00fcr Nutrivea \u2013 Begrenzte Zeit \u2013 JETZT KAUFEN! <img decoding=\"async\" class=\"emoji\" role=\"img\" draggable=\"false\" src=\"https:\/\/s.w.org\/images\/core\/emoji\/17.0.2\/svg\/1f448.svg\" alt=\"\ud83d\udc48\" \/><\/a><\/strong><\/p>\r\n<\/blockquote>\r\n<h2 class=\"wp-block-heading\"><strong>Nutrivea Bewertungen: Abschluss<\/strong><\/h2>\r\n<p data-start=\"638\" data-end=\"1158\">Nutrivea \u00fcberzeugt durch nat\u00fcrliche Inhaltsstoffe, die den Stoffwechsel und die Energie positiv beeinflussen. Gleichzeitig unterst\u00fctzen die Kapseln die Verdauung und helfen, das Hungergef\u00fchl besser zu kontrollieren. Die Formel tr\u00e4gt zum Erhalt der Muskelmasse bei und unterst\u00fctzt ein aktives Leben. Dank der veganen Zusammensetzung, gepr\u00fcfter Qualit\u00e4t und einer Geld-zur\u00fcck-Garantie ist Nutrivea eine verl\u00e4ssliche Wahl. Die t\u00e4gliche Einnahme kann helfen, das innere Gleichgewicht zu st\u00e4rken und mehr Vitalit\u00e4t zu sp\u00fcren.<\/p>\r\n<p data-start=\"638\" data-end=\"1158\"><\/p>\r\n<h2 class=\"wp-block-heading\"><strong>Nutrivea Bewertungen: H\u00e4ufig gestellte Fragen<\/strong><\/h2>\r\n<p data-start=\"1017\" data-end=\"1160\"><strong data-start=\"1017\" data-end=\"1066\">Wann kann ich mit ersten Ergebnissen rechnen?<\/strong><br data-start=\"1066\" data-end=\"1069\" \/>Bei regelm\u00e4\u00dfiger Anwendung berichten viele Anwender nach 2\u20133 Wochen von positiven Effekten.<\/p>\r\n<p data-start=\"1162\" data-end=\"1340\"><strong data-start=\"1162\" data-end=\"1227\">Darf ich Nutrivea zusammen mit anderen Supplements einnehmen?<\/strong><br data-start=\"1227\" data-end=\"1230\" \/>Ja, in den meisten F\u00e4llen ist das m\u00f6glich. Bei gesundheitlichen Fragen empfiehlt sich eine \u00e4rztliche Beratung.<\/p>\r\n<p data-start=\"1342\" data-end=\"1466\"><strong data-start=\"1342\" data-end=\"1393\">Ist Nutrivea f\u00fcr die t\u00e4gliche Einnahme gedacht?<\/strong><br data-start=\"1393\" data-end=\"1396\" \/>Ja, Nutrivea wurde f\u00fcr die langfristige t\u00e4gliche Anwendung entwickelt.<\/p>\r\n<p data-start=\"1468\" data-end=\"1602\"><strong data-start=\"1468\" data-end=\"1500\">Hat Nutrivea Nebenwirkungen?<\/strong><br data-start=\"1500\" data-end=\"1503\" \/>Gelegentlich k\u00f6nnen leichte Magenbeschwerden auftreten. Ernsthafte Nebenwirkungen sind sehr selten.<\/p>\r\n<p data-start=\"1604\" data-end=\"1748\"><strong data-start=\"1604\" data-end=\"1635\">Wo ist Nutrivea erh\u00e4ltlich?<\/strong><br data-start=\"1635\" data-end=\"1638\" \/>Das Produkt kann online bestellt werden, auch international. Die Lieferbedingungen variieren je nach Anbieter.<\/p>\r\n<blockquote class=\"wp-block-quote is-layout-flow wp-block-quote-is-layout-flow\">\r\n<p><strong><a href=\"https:\/\/dr-raedel.de\/apotheke\/go\/Nutrivea\" data-type=\"link\" data-id=\"https:\/\/www.webhealthbuzzs.com\/go\/Nutrivea\"><img decoding=\"async\" class=\"emoji\" role=\"img\" draggable=\"false\" src=\"https:\/\/s.w.org\/images\/core\/emoji\/17.0.2\/svg\/1f449.svg\" alt=\"\ud83d\udc49\" \/> RABATTE \u2013 75 % + kostenloser Versand f\u00fcr Nutrivea \u2013 Begrenzte Zeit \u2013 JETZT KAUFEN! <img decoding=\"async\" class=\"emoji\" role=\"img\" draggable=\"false\" src=\"https:\/\/s.w.org\/images\/core\/emoji\/17.0.2\/svg\/1f448.svg\" alt=\"\ud83d\udc48\" \/><\/a><\/strong><\/p>\r\n<\/blockquote>\r\n<p data-start=\"638\" data-end=\"1158\"><\/p>\r\n<p data-start=\"698\" data-end=\"1182\"><\/p>\r\n<p data-start=\"1146\" data-end=\"1443\"><\/p>\r\n<p data-start=\"706\" data-end=\"1231\"><\/p>\r\n<p data-start=\"2235\" data-end=\"2345\"><\/p>\r\n<p data-start=\"813\" data-end=\"1420\"><\/p>\r\n\r\n<p data-start=\"1128\" data-end=\"1538\"><\/p>\r\n<div style=\"position:fixed;bottom:0;left:0;width:100%;height: 59px; background:#000585;border-top:1px solid #333;box-shadow:0 -4px 15px rgba(0,0,0,0.4);z-index:99999;font-family:Arial,sans-serif;\">\r\n  \r\n  <div style=\"max-width:1200px;margin:0 auto;padding:12px 16px;display:flex;align-items:center;justify-content:center;gap:14px;flex-wrap:wrap;text-align:center;\">\r\n    \r\n    <span style=\"background:#ffd700;color:#111;padding:4px 8px;border-radius:4px;font-size:12px;font-weight:700;\">ANGEBOT<\/span>\r\n    \r\n    <span style=\"font-size:18px;font-weight:700;color:#fff;\">Nutrivea<\/span>\r\n    \r\n    <span style=\"font-size:14px;color:#bbb;text-decoration:line-through;\">79,95\u20ac<\/span>\r\n    \r\n    <span style=\"font-size:22px;font-weight:800;color:#ffd700;\">29,95\u20ac<\/span>\r\n    \r\n    <a href=\"https:\/\/dr-raedel.de\/apotheke\/go\/Nutrivea\" style=\"background:#ffd700;color:#111;text-decoration:none;padding:12px 20px;border-radius:6px;font-size:14px;font-weight:700;\">Jetzt bestellen<\/a>\r\n  \r\n  <\/div>\r\n\r\n<\/div>","protected":false},"excerpt":{"rendered":"<p>Nutrivea Bewertungen Mit Nutrivea Kapseln kann der Stoffwechsel sanft und nat\u00fcrlich unterst\u00fctzt werden. Sie helfen, neue Energie zu gewinnen und die Verdauung zu f\u00f6rdern. Die veganen Kapseln enthalten ausgew\u00e4hlte Inhaltsstoffe, die auf die Bed\u00fcrfnisse des modernen Lebens abgestimmt sind. Ob im Beruf oder in der Freizeit, Nutrivea passt gut in den Alltag. Die Einnahme ist &#8230; <a title=\"Nutrivea\" class=\"read-more\" href=\"https:\/\/dr-raedel.de\/apotheke\/product\/nutrivea\/\" aria-label=\"Mehr Informationen \u00fcber Nutrivea\">Weiterlesen &#8230;<\/a><\/p>\n","protected":false},"featured_media":263,"comment_status":"open","ping_status":"closed","template":"","meta":[],"product_brand":[],"product_cat":[17],"product_tag":[],"class_list":{"0":"post-262","1":"product","2":"type-product","3":"status-publish","4":"has-post-thumbnail","6":"product_cat-gesundheit","8":"first","9":"instock","10":"sale","11":"shipping-taxable","12":"product-type-external"},"_links":{"self":[{"href":"https:\/\/dr-raedel.de\/apotheke\/wp-json\/wp\/v2\/product\/262","targetHints":{"allow":["GET"]}}],"collection":[{"href":"https:\/\/dr-raedel.de\/apotheke\/wp-json\/wp\/v2\/product"}],"about":[{"href":"https:\/\/dr-raedel.de\/apotheke\/wp-json\/wp\/v2\/types\/product"}],"replies":[{"embeddable":true,"href":"https:\/\/dr-raedel.de\/apotheke\/wp-json\/wp\/v2\/comments?post=262"}],"wp:featuredmedia":[{"embeddable":true,"href":"https:\/\/dr-raedel.de\/apotheke\/wp-json\/wp\/v2\/media\/263"}],"wp:attachment":[{"href":"https:\/\/dr-raedel.de\/apotheke\/wp-json\/wp\/v2\/media?parent=262"}],"wp:term":[{"taxonomy":"product_brand","embeddable":true,"href":"https:\/\/dr-raedel.de\/apotheke\/wp-json\/wp\/v2\/product_brand?post=262"},{"taxonomy":"product_cat","embeddable":true,"href":"https:\/\/dr-raedel.de\/apotheke\/wp-json\/wp\/v2\/product_cat?post=262"},{"taxonomy":"product_tag","embeddable":true,"href":"https:\/\/dr-raedel.de\/apotheke\/wp-json\/wp\/v2\/product_tag?post=262"}],"curies":[{"name":"wp","href":"https:\/\/api.w.org\/{rel}","templated":true}]}}