{"id":66,"date":"2025-04-01T05:17:45","date_gmt":"2025-04-01T05:17:45","guid":{"rendered":"https:\/\/dr-raedel.de\/apotheke\/?post_type=product&#038;p=66"},"modified":"2025-05-02T15:51:48","modified_gmt":"2025-05-02T15:51:48","slug":"gluvafit-bewertung","status":"publish","type":"product","link":"https:\/\/dr-raedel.de\/apotheke\/product\/gluvafit-bewertung\/","title":{"rendered":"GluvaFit Bewertung"},"content":{"rendered":"<h2><strong>GluvaFit Bewertung \u2013 Nat\u00fcrliche Unterst\u00fctzung f\u00fcr den Blutzucker und den Stoffwechsel<\/strong><\/h2>\n<p>Viele Menschen k\u00e4mpfen mit Schwankungen ihres Blutzuckerspiegels, die zu M\u00fcdigkeit, Energieverlust und gesundheitlichen Problemen f\u00fchren k\u00f6nnen. GluvaFit Kapseln ist eine innovative Kapsel, die speziell entwickelt wurde, um den Blutzucker auf nat\u00fcrliche Weise auszugleichen, das Gewicht zu regulieren und das allgemeine Wohlbefinden zu verbessern. Die einzigartige Kombination aus pflanzlichen Inhaltsstoffen unterst\u00fctzt den Zucker- und Fettstoffwechsel, reduziert Hei\u00dfhunger und steigert die Vitalit\u00e4t.<\/p>\n<h3><strong>GluvaFit <\/strong><strong>Vorteile <\/strong><\/h3>\n<p>Durch die regelm\u00e4\u00dfige Einnahme von GluvaFit Kapseln k\u00f6nnen folgende Verbesserungen eintreten:<\/p>\n<p>\u2705 Stabilisierung des Blutzuckerspiegels<br \/>\n\u2705 Weniger Hei\u00dfhungerattacken<br \/>\n\u2705 Mehr Energie und weniger M\u00fcdigkeit<br \/>\n\u2705 Unterst\u00fctzung beim Abnehmen<br \/>\n\u2705 Verbesserung des Cholesterinspiegels<\/p>\n<blockquote><p><a href=\"https:\/\/dr-raedel.de\/apotheke\/go\/gluvafit\"><strong>\ud83d\udc49 RABATTE &#8211; 55 % + kostenloser Versand f\u00fcr GluvaFit \u2013 Begrenzte Zeit \u2013 JETZT KAUFEN! \ud83d\udc48<\/strong><\/a><\/p><\/blockquote>\n<p>Diese Effekte helfen, die allgemeine Gesundheit zu f\u00f6rdern und das Risiko f\u00fcr Stoffwechselerkrankungen zu verringern.<\/p>\n<hr \/>\n<h3><strong>Was ist GluvaFit?<\/strong><\/h3>\n<p>GluvaFit ist ein Nahrungserg\u00e4nzungsmittel, das nat\u00fcrliche Wirkstoffe enth\u00e4lt, um den Blutzuckerspiegel zu stabilisieren. Es hilft Menschen, die unter unregelm\u00e4\u00dfigem Blutzucker, Insulinresistenz oder Energiemangel leiden. Dank seiner pflanzlichen Zusammensetzung unterst\u00fctzt es den K\u00f6rper dabei, Zucker besser zu verwerten, Hei\u00dfhunger zu verringern und die Fettverbrennung anzukurbeln.<\/p>\n<h3><strong>Produkt\u00fcbersicht<\/strong><\/h3>\n<table>\n<thead>\n<tr>\n<th><strong>Eigenschaft<\/strong><\/th>\n<th><strong>Details<\/strong><\/th>\n<\/tr>\n<\/thead>\n<tbody>\n<tr>\n<td><strong>Produktname<\/strong><\/td>\n<td>GluvaFit \u2013 Unterst\u00fctzung f\u00fcr den Blutzuckerspiegel<\/td>\n<\/tr>\n<tr>\n<td><strong>Anwendungsgebiete<\/strong><\/td>\n<td>Regulierung des Blutzuckers, Unterst\u00fctzung des Stoffwechsels, F\u00f6rderung der Energie<\/td>\n<\/tr>\n<tr>\n<td><strong>Wirkstoffe<\/strong><\/td>\n<td>Gymnema Sylvestre, Vitamin C, Zimt, Berberin, Bittermelone, Wacholderbeeren<\/td>\n<\/tr>\n<tr>\n<td><strong>Einnahmeempfehlung<\/strong><\/td>\n<td>2 Kapseln t\u00e4glich mit Wasser, vorzugsweise vor einer Mahlzeit<\/td>\n<\/tr>\n<tr>\n<td><strong>Besondere Vorteile<\/strong><\/td>\n<td>Stabilisiert den Blutzucker, reduziert Hei\u00dfhunger, unterst\u00fctzt das allgemeine Wohlbefinden<\/td>\n<\/tr>\n<\/tbody>\n<\/table>\n<hr \/>\n<h3><strong>F\u00fcr wen ist GluvaFit geeignet?<\/strong><\/h3>\n<p>GluvaFit Kapseln wurde f\u00fcr Menschen entwickelt, die ihren Blutzucker auf nat\u00fcrliche Weise ausgleichen und ihre Stoffwechselgesundheit verbessern m\u00f6chten. Es kann helfen bei:<\/p>\n<ul>\n<li><strong>Schwankendem Blutzucker<\/strong> \u2013 Unterst\u00fctzt eine stabilere Glukoseaufnahme.<\/li>\n<li><strong>Insulinresistenz oder Pr\u00e4diabetes<\/strong> \u2013 F\u00f6rdert eine bessere Insulinverwertung.<\/li>\n<li><strong>Energieverlust und M\u00fcdigkeit<\/strong> \u2013 Hilft, gleichm\u00e4\u00dfige Energie \u00fcber den Tag bereitzustellen.<\/li>\n<li><strong>\u00dcbergewicht<\/strong> \u2013 Unterst\u00fctzt den Fettstoffwechsel und reduziert Hei\u00dfhunger.<\/li>\n<li><strong>Ungesundem Cholesterinspiegel<\/strong> \u2013 F\u00f6rdert ein besseres Verh\u00e4ltnis von gutem (HDL) zu schlechtem (LDL) Cholesterin.<\/li>\n<\/ul>\n<hr \/>\n<h3><strong>Inhaltsstoffe von GluvaFit und ihre Vorteile<\/strong><\/h3>\n<h4><strong>Gymnema Sylvestre<\/strong><\/h4>\n<ul>\n<li>Hilft, den Blutzucker zu senken.<\/li>\n<li>Kann die Insulinproduktion in der Bauchspeicheldr\u00fcse unterst\u00fctzen.<\/li>\n<li>Reduziert den Geschmackssinn f\u00fcr S\u00fc\u00dfes, was Hei\u00dfhunger vorbeugt.<\/li>\n<\/ul>\n<h4><strong>Vitamin C<\/strong><\/h4>\n<ul>\n<li>F\u00f6rdert einen ausgeglichenen Blutzuckerspiegel.<\/li>\n<li>Unterst\u00fctzt das Immunsystem und sch\u00fctzt vor oxidativem Stress.<\/li>\n<li>Kann den HbA1c-Wert (Langzeitblutzucker) verbessern.<\/li>\n<\/ul>\n<h4><strong>Ceylon-Zimt<\/strong><\/h4>\n<ul>\n<li>Erh\u00f6ht die Insulinempfindlichkeit.<\/li>\n<li>F\u00f6rdert die Glukoseaufnahme in die Zellen.<\/li>\n<li>Unterst\u00fctzt den Fettstoffwechsel.<\/li>\n<\/ul>\n<h4><strong>Berberin<\/strong><\/h4>\n<ul>\n<li>Reguliert den Blutzucker auf nat\u00fcrliche Weise.<\/li>\n<li>Wirkt entz\u00fcndungshemmend und antioxidativ.<\/li>\n<li>Verbessert die Darmflora, was den Stoffwechsel positiv beeinflussen kann.<\/li>\n<\/ul>\n<h4><strong>Bittermelone<\/strong><\/h4>\n<ul>\n<li>Enth\u00e4lt nat\u00fcrliche Stoffe, die die Insulinproduktion anregen.<\/li>\n<li>Unterst\u00fctzt die Senkung des Blutzuckerspiegels.<\/li>\n<li>Kann die Cholesterinwerte regulieren.<\/li>\n<\/ul>\n<h4><strong>Wacholderbeeren<\/strong><\/h4>\n<ul>\n<li>Verlangsamen die Zuckeraufnahme im Darm und verhindern Blutzuckerspitzen.<\/li>\n<li>F\u00f6rdern die Fettverbrennung.<\/li>\n<li>Besitzen antioxidative Eigenschaften und sch\u00fctzen die Zellen.<\/li>\n<\/ul>\n<hr \/>\n<h3><strong>Wie wirkt GluvaFit?<\/strong><\/h3>\n<p>GluvaFit setzt an verschiedenen Punkten im Stoffwechsel an, um den Blutzucker auszugleichen und das allgemeine Wohlbefinden zu steigern:<\/p>\n<ol>\n<li><strong>Blutzuckerstabilisierung<\/strong> \u2013 Reduziert Schwankungen und sorgt f\u00fcr einen ausgeglichenen Zuckerspiegel.<\/li>\n<li><strong>Bessere Insulinempfindlichkeit<\/strong> \u2013 Unterst\u00fctzt den K\u00f6rper bei der Verwertung von Zucker.<\/li>\n<li><strong>Hei\u00dfhunger-Kontrolle<\/strong> \u2013 Verhindert pl\u00f6tzliche Hungerattacken durch stabilen Blutzucker.<\/li>\n<li><strong>Fettstoffwechsel-Optimierung<\/strong> \u2013 F\u00f6rdert die Fettverbrennung und hilft beim Abnehmen.<\/li>\n<li><strong>Energie und Vitalit\u00e4t<\/strong> \u2013 Sorgt f\u00fcr eine gleichm\u00e4\u00dfige Energieversorgung ohne M\u00fcdigkeit.<\/li>\n<\/ol>\n<p><a href=\"https:\/\/dr-raedel.de\/apotheke\/go\/gluvafit\"><strong>\ud83d\udc49 RABATTE &#8211; 55 % + kostenloser Versand f\u00fcr GluvaFit \u2013 Begrenzte Zeit \u2013 JETZT KAUFEN! \ud83d\udc48<\/strong><\/a><\/p>\n<hr \/>\n<h3><strong>Anwendung und Dosierung<\/strong><\/h3>\n<p>Um optimale Ergebnisse zu erzielen, sollte GluvaFit regelm\u00e4\u00dfig eingenommen werden:<\/p>\n<ul>\n<li><strong>Dosierung:<\/strong> 2 Kapseln t\u00e4glich mit Wasser, am besten vor einer Mahlzeit.<\/li>\n<li><strong>Langfristige Anwendung:<\/strong> F\u00fcr eine nachhaltige Wirkung wird eine regelm\u00e4\u00dfige Einnahme \u00fcber mehrere Wochen empfohlen.<\/li>\n<li><strong>In Kombination mit einem gesunden Lebensstil<\/strong>: Eine ausgewogene Ern\u00e4hrung und Bewegung k\u00f6nnen die Wirkung von GluvaFit zus\u00e4tzlich unterst\u00fctzen.<\/li>\n<\/ul>\n<hr \/>\n<h3><strong>M\u00f6gliche Nebenwirkungen und Vorsichtsma\u00dfnahmen<\/strong><\/h3>\n<p>GluvaFit besteht aus nat\u00fcrlichen Inhaltsstoffen und wird in der Regel gut vertragen. Dennoch gibt es einige Dinge zu beachten:<\/p>\n<p><strong>Nicht geeignet f\u00fcr:<\/strong><\/p>\n<ul>\n<li>Menschen mit Allergien gegen einen der Inhaltsstoffe.<\/li>\n<li>Schwangere und stillende Frauen.<\/li>\n<li>Personen, die bereits Medikamente gegen Diabetes oder Blutdruck einnehmen (vorher Arzt konsultieren).<\/li>\n<\/ul>\n<p><strong>M\u00f6gliche Nebenwirkungen:<\/strong><\/p>\n<ul>\n<li>In seltenen F\u00e4llen leichte Magenbeschwerden.<\/li>\n<li>Bei \u00dcberdosierung k\u00f6nnen Verdauungsprobleme auftreten.<\/li>\n<li>Falls ungew\u00f6hnliche Symptome auftreten, sollte die Einnahme gestoppt und ein Arzt konsultiert werden.<\/li>\n<\/ul>\n<hr \/>\n<h3><strong>Erfahrungsberichte von Nutzern<\/strong><\/h3>\n<p>Viele Menschen berichten \u00fcber positive Erfahrungen mit GluvaFit Kapseln:<\/p>\n<p>\ud83d\udcac <em>\u201eIch habe deutlich weniger Hei\u00dfhunger und meine Blutzuckerwerte sind stabiler.\u201c<\/em><br \/>\n\ud83d\udcac <em>\u201eSeit ich GluvaFit nehme, f\u00fchle ich mich energiegeladener und habe bereits ein paar Kilo abgenommen.\u201c<\/em><br \/>\n\ud83d\udcac <em>\u201eMein Arzt war \u00fcberrascht, wie gut sich meine Werte verbessert haben!\u201c<\/em><\/p>\n<hr \/>\n<h3><strong>Lagerung von GluvaFit<\/strong><\/h3>\n<ul>\n<li>Trocken und k\u00fchl lagern.<\/li>\n<li>Die Verpackung immer gut verschlie\u00dfen.<\/li>\n<li>Vor direkter Sonneneinstrahlung sch\u00fctzen.<\/li>\n<\/ul>\n<hr \/>\n<h3><strong>GluvaFit Erfahrungen: Fazit<br \/>\n<\/strong><\/h3>\n<p>GluvaFit ist eine nat\u00fcrliche und effektive M\u00f6glichkeit, den Blutzucker zu stabilisieren, den Stoffwechsel zu verbessern und das allgemeine Wohlbefinden zu steigern. Durch seine einzigartigen Inhaltsstoffe hilft es nicht nur kurzfristig, sondern tr\u00e4gt auch langfristig zur Gesundheit bei.<\/p>\n<hr \/>\n<h3><strong>H\u00e4ufig gestellte Fragen (FAQs)<\/strong><\/h3>\n<p><strong>1. Wie schnell wirkt GluvaFit?<\/strong><br \/>\nDie <strong>GluvaFit<\/strong> Wirkung kann nach wenigen Wochen sp\u00fcrbar sein. F\u00fcr langfristige Ergebnisse wird eine regelm\u00e4\u00dfige Einnahme empfohlen.<\/p>\n<p><strong>2. Kann ich GluvaFit mit anderen Medikamenten kombinieren?<\/strong><br \/>\nFalls du bereits Medikamente einnimmst, solltest du vorher einen Arzt konsultieren.<\/p>\n<p><strong>3. Hat GluvaFit Nebenwirkungen?<\/strong><br \/>\nIn den meisten F\u00e4llen wird es gut vertragen. Gelegentlich k\u00f6nnen leichte Magenbeschwerden auftreten.<\/p>\n<p><strong>4. Kann GluvaFit beim Abnehmen helfen?<\/strong><br \/>\nJa, da es den Blutzucker stabilisiert und Hei\u00dfhunger reduziert, kann es das Abnehmen unterst\u00fctzen.<\/p>\n<p><strong>5. Ist GluvaFit f\u00fcr Diabetiker geeignet?<\/strong><br \/>\nDiabetiker sollten die Einnahme vorher mit ihrem Arzt besprechen, da GluvaFit den Blutzucker beeinflussen kann.<\/p>\n<blockquote><p><a href=\"https:\/\/dr-raedel.de\/apotheke\/go\/gluvafit\"><strong>\ud83d\udc49 RABATTE &#8211; 55 % + kostenloser Versand f\u00fcr GluvaFit \u2013 Begrenzte Zeit \u2013 JETZT KAUFEN! \ud83d\udc48<\/strong><\/a><\/p>\n\n        <div style=\"padding:5px;\">\n<div class=\"scroll-offer-box\">\n  <span class=\"offer-text\">\n   <a href=\"https:\/\/dr-raedel.de\/apotheke\/go\/gluvafit-\" target=\"_blank\" style=\"color: black;\"><strong>SPAREN SIE 70% HEUTE!<\/strong><\/a>\n<a href=\"https:\/\/dr-raedel.de\/apotheke\/go\/gluvafit-\" target=\"_blank\" class=\"offer-btn\">Gutscheincode!!<\/a><\/span>\n<\/div>\n        <\/div><\/blockquote>\n","protected":false},"excerpt":{"rendered":"<p>GluvaFit Bewertung \u2013 Nat\u00fcrliche Unterst\u00fctzung f\u00fcr den Blutzucker und den Stoffwechsel Viele Menschen k\u00e4mpfen mit Schwankungen ihres Blutzuckerspiegels, die zu M\u00fcdigkeit, Energieverlust und gesundheitlichen Problemen f\u00fchren k\u00f6nnen. GluvaFit Kapseln ist eine innovative Kapsel, die speziell entwickelt wurde, um den Blutzucker auf nat\u00fcrliche Weise auszugleichen, das Gewicht zu regulieren und das allgemeine Wohlbefinden zu verbessern. Die &#8230; <a title=\"GluvaFit Bewertung\" class=\"read-more\" href=\"https:\/\/dr-raedel.de\/apotheke\/product\/gluvafit-bewertung\/\" aria-label=\"Mehr Informationen \u00fcber GluvaFit Bewertung\">Weiterlesen &#8230;<\/a><\/p>\n","protected":false},"featured_media":67,"comment_status":"open","ping_status":"closed","template":"","meta":[],"product_brand":[],"product_cat":[17],"product_tag":[],"class_list":{"0":"post-66","1":"product","2":"type-product","3":"status-publish","4":"has-post-thumbnail","6":"product_cat-gesundheit","8":"first","9":"instock","10":"sale","11":"shipping-taxable","12":"product-type-external"},"_links":{"self":[{"href":"https:\/\/dr-raedel.de\/apotheke\/wp-json\/wp\/v2\/product\/66","targetHints":{"allow":["GET"]}}],"collection":[{"href":"https:\/\/dr-raedel.de\/apotheke\/wp-json\/wp\/v2\/product"}],"about":[{"href":"https:\/\/dr-raedel.de\/apotheke\/wp-json\/wp\/v2\/types\/product"}],"replies":[{"embeddable":true,"href":"https:\/\/dr-raedel.de\/apotheke\/wp-json\/wp\/v2\/comments?post=66"}],"wp:featuredmedia":[{"embeddable":true,"href":"https:\/\/dr-raedel.de\/apotheke\/wp-json\/wp\/v2\/media\/67"}],"wp:attachment":[{"href":"https:\/\/dr-raedel.de\/apotheke\/wp-json\/wp\/v2\/media?parent=66"}],"wp:term":[{"taxonomy":"product_brand","embeddable":true,"href":"https:\/\/dr-raedel.de\/apotheke\/wp-json\/wp\/v2\/product_brand?post=66"},{"taxonomy":"product_cat","embeddable":true,"href":"https:\/\/dr-raedel.de\/apotheke\/wp-json\/wp\/v2\/product_cat?post=66"},{"taxonomy":"product_tag","embeddable":true,"href":"https:\/\/dr-raedel.de\/apotheke\/wp-json\/wp\/v2\/product_tag?post=66"}],"curies":[{"name":"wp","href":"https:\/\/api.w.org\/{rel}","templated":true}]}}