{"id":86,"date":"2025-04-01T14:26:07","date_gmt":"2025-04-01T14:26:07","guid":{"rendered":"https:\/\/dr-raedel.de\/apotheke\/?post_type=product&#038;p=86"},"modified":"2025-05-02T15:40:32","modified_gmt":"2025-05-02T15:40:32","slug":"slimorol","status":"publish","type":"product","link":"https:\/\/dr-raedel.de\/apotheke\/product\/slimorol\/","title":{"rendered":"Slimorol"},"content":{"rendered":"<h2><strong>Slimorol Erfahrungen\u00a0<\/strong><\/h2>\n<p>Abnehmen ist nicht nur eine Frage von weniger Kalorien oder stundenlangem Training. Es braucht einen ausgewogenen Ansatz und manchmal etwas Unterst\u00fctzung, um Fett schneller zu verlieren.\u00a0<strong>Slimorol<\/strong>\u00a0ist ein innovatives Nahrungserg\u00e4nzungsmittel, das dir helfen kann, deine Abnehmziele effektiv zu erreichen.<\/p>\n<p>Mit nat\u00fcrlichen Inhaltsstoffen kurbelt es den Stoffwechsel an, z\u00fcgelt den Appetit und steigert die Energie. Doch was macht Slimorol Kapseln besser als andere Abnehmhilfen? Wir schauen uns die Vorteile, Inhaltsstoffe, m\u00f6gliche Nebenwirkungen und die beste Anwendung an.<\/p>\n<h3><strong>Vorteile von Slimorol<\/strong><\/h3>\n<ul>\n<li><strong>Schnellere Fettverbrennung<\/strong><\/li>\n<li><strong>Mehr Energie &amp; bessere Konzentration<\/strong><\/li>\n<li><strong>Weniger Hei\u00dfhungerattacken<\/strong><\/li>\n<li><strong>Sch\u00fctzt Muskeln w\u00e4hrend der Di\u00e4t<\/strong><\/li>\n<li><strong>F\u00f6rdert eine gesunde Verdauung<\/strong><\/li>\n<\/ul>\n<blockquote><p><strong>\ud83d\udc47\ua9c1\u0f3a\u2728\u2757 OFFIZIELLE WEBSITE \u2757\u2728\u0f3b\ua9c2\ud83d\udc47<\/strong><\/p>\n<p>\u2592\u2593\u2588\u25ba\u00a0<a href=\"https:\/\/dr-raedel.de\/apotheke\/go\/slimorol\"><strong>KLICKEN SIE HIER F\u00dcR DIE OFFIZIELLE WEBSITE<\/strong><\/a><br \/>\n<strong>\u27a7<\/strong><strong> Product Name \u21d2\u00a0<\/strong><strong>Slimorol<br \/>\n<\/strong><strong>\u27a7<\/strong><strong> Hauptvorteile \u21d2<\/strong> Hilft beim Abnehmen<strong>.<br \/>\n<\/strong><strong>\u27a7<\/strong><strong> Nebenwirkungen<\/strong>\u21d2\u00a0NA<br \/>\n<strong>\u27a7<\/strong><strong> Bewertung<\/strong>\u21d2\u00a0\u2605\u2605\u2605\u2605\u2605<br \/>\n<strong>\u27a7<\/strong><strong> Programmpreis f\u00fcr einen Monat <\/strong>\u21d2\u00a0$39.97<br \/>\n<strong>\u27a7<\/strong><strong> Bezugsquellen (Live-Verkauf) <\/strong>\u21d2\u00a0\ud83d\udcb0<a href=\"https:\/\/dr-raedel.de\/apotheke\/go\/slimorol\">Klicken Sie hier, um 50 % Rabatt zu erhalten<\/a>\ud83c\udf81\ud83d\udc47<\/p><\/blockquote>\n<h3><strong>Was ist Slimorol?<\/strong><\/h3>\n<p>Slimorol Kapseln ist ein hochwertiges Abnehm-Pr\u00e4parat, das Fett verbrennt und gleichzeitig die Muskeln schont. Im Gegensatz zu herk\u00f6mmlichen Di\u00e4tpillen nutzt es eine nat\u00fcrliche Rezeptur, die den Stoffwechsel ankurbelt und Hei\u00dfhunger stoppt. Egal, ob du hartn\u00e4ckiges Bauchfett loswerden willst oder mehr Energie f\u00fcrs Training brauchst \u2013 Slimorol unterst\u00fctzt dich auf sichere und effektive Weise.<\/p>\n<hr \/>\n<h3><strong>Wie wirkt Slimorol?<\/strong><\/h3>\n<p>Slimorol Testbericht setzt an den Hauptursachen f\u00fcr Gewichtszunahme an:<\/p>\n<ul>\n<li><strong>Steigert den Stoffwechsel<\/strong>\u00a0\u2013 Durch Thermogenese verbrennt der K\u00f6rper mehr Kalorien, selbst im Ruhezustand.<\/li>\n<li><strong>Unterdr\u00fcckt Hei\u00dfhunger<\/strong>\u00a0\u2013 Weniger Appetit erleichtert eine kalorienreduzierte Ern\u00e4hrung.<\/li>\n<li><strong>Mehr Energie<\/strong>\u00a0\u2013 Fett wird in Energie umgewandelt, sodass du dich den Tag \u00fcber fit f\u00fchlst.<\/li>\n<li><strong>Fettverbrennung f\u00f6rdern<\/strong>\u00a0\u2013 Die Inhaltsstoffe helfen, Fettzellen abzubauen.<\/li>\n<\/ul>\n<p>So unterst\u00fctzt Slimorol eine gesunde und nachhaltige Gewichtsabnahme.<\/p>\n<hr \/>\n<h3><strong>Wichtige Inhaltsstoffe in Slimorol<\/strong><\/h3>\n<p>Slimorol enth\u00e4lt eine nat\u00fcrliche Mischung aus bew\u00e4hrten Wirkstoffen:<\/p>\n<ul>\n<li><strong>Gr\u00fcntee-Extrakt<\/strong>\u00a0\u2013 Antioxidantien f\u00f6rdern die Fettverbrennung.<\/li>\n<li><strong>Garcinia Cambogia<\/strong>\u00a0\u2013 Hydroxyzitronens\u00e4ure (HCA) hemmt die Fettspeicherung.<\/li>\n<li><strong>Koffein<\/strong>\u00a0\u2013 Steigert Energie und Konzentration.<\/li>\n<li><strong>Apfelessig (ACV)<\/strong>\u00a0\u2013 Hilft beim Appetitmanagement und unterst\u00fctzt die Verdauung.<\/li>\n<li><strong>BHB-Ketone<\/strong>\u00a0\u2013 F\u00f6rdert die Fettverbrennung durch Ketose.<\/li>\n<li><strong>Ingwer-Extrakt<\/strong>\u00a0\u2013 Unterst\u00fctzt die Verdauung und den Stoffwechsel.<\/li>\n<\/ul>\n<p>Jeder Inhaltsstoff ist sorgf\u00e4ltig ausgew\u00e4hlt, um maximale Ergebnisse zu erzielen.<\/p>\n<hr \/>\n<h3><strong>Slimorol Nebenwirkungen<\/strong><\/h3>\n<p>Da Slimorol nat\u00fcrliche Inhaltsstoffe enth\u00e4lt, sind Slimorol Nebenwirkungen selten. Bei Koffein-Empfindlichkeit k\u00f6nnten auftreten:<\/p>\n<ul>\n<li>Unruhe<\/li>\n<li>Leichte Kopfschmerzen<\/li>\n<li>Magenbeschwerden<\/li>\n<\/ul>\n<p>Fang mit einer geringeren Dosis an und steigere sie langsam. Bei anhaltenden Beschwerden solltest du einen Arzt konsultieren.<\/p>\n<hr \/>\n<h3><strong>Wie wird Slimorol richtig eingenommen?<\/strong><\/h3>\n<p>Slimorol Kapseln Einnahme:\u00a0F\u00fcr beste Ergebnisse:<\/p>\n<ul>\n<li><strong>2 Kapseln t\u00e4glich<\/strong>\u00a0(morgens und nachmittags)<\/li>\n<li><strong>Kombiniere mit gesunder Ern\u00e4hrung<\/strong>\u00a0(Proteine, Gem\u00fcse, gesunde Fette)<\/li>\n<li><strong>Trinke ausreichend Wasser<\/strong>\u00a0(unterst\u00fctzt den Stoffwechsel)<\/li>\n<li><strong>Bewege dich regelm\u00e4\u00dfig<\/strong>\u00a0(Sport beschleunigt die Ergebnisse)<\/li>\n<li><strong>Bleib konsequent<\/strong>\u00a0\u2013 Regelm\u00e4\u00dfigkeit ist der Schl\u00fcssel zum Erfolg!<\/li>\n<\/ul>\n<hr \/>\n<h3><strong>Wo kann man Slimorol kaufen?<\/strong><\/h3>\n<p>Nur auf der\u00a0<a href=\"https:\/\/dr-raedel.de\/apotheke\/go\/slimorol\" target=\"_blank\" rel=\"nofollow noopener sponsored\"><strong>offiziellen Website<\/strong><\/a>, um F\u00e4lschungen zu vermeiden. Dort gibt es oft Sonderangebote und eine Geld-zur\u00fcck-Garantie.<\/p>\n<hr \/>\n<h3><strong>Kundenmeinungen<\/strong><\/h3>\n<ul>\n<li><em>Lisa, 28<\/em>: \u201eEndlich ein Produkt, das wirkt! Ich f\u00fchle mich viel aktiver.\u201c<\/li>\n<li><em>Markus, 40<\/em>: \u201eMein Hei\u00dfhunger ist weg \u2013 das hat mir wirklich geholfen.\u201c<\/li>\n<li><em>Sarah, 35<\/em>: \u201eNach 3 Wochen sehe ich schon erste Ergebnisse.\u201c<\/li>\n<\/ul>\n<hr \/>\n<h3><strong>H\u00e4ufige Fragen (FAQ)<\/strong><\/h3>\n<ol start=\"1\">\n<li><strong>Ist Slimorol Kapseln f\u00fcr jeden geeignet?<\/strong><br \/>\nJa, aber Schwangere und Menschen mit Vorerkrankungen sollten vorher mit einem Arzt sprechen.<\/li>\n<li><strong>Wie schnell wirkt Slimorol?<\/strong><br \/>\nManche merken nach 2 Wochen etwas, andere brauchen etwas l\u00e4nger.<\/li>\n<li><strong>Kann ich Slimorol mit anderen Supplements nehmen?<\/strong><br \/>\nJa, aber vermeide zus\u00e4tzliche Stimulanzien wie Koffein.<\/li>\n<li><strong>Muss ich eine strenge Di\u00e4t halten?<\/strong><br \/>\nNein, aber gesundes Essen verbessert die Wirkung.<\/li>\n<li><strong>Gibt es eine Geld-zur\u00fcck-Garantie?<\/strong><br \/>\nJa, auf der offiziellen Website \u2013 Details findest du dort.<\/li>\n<\/ol>\n<hr \/>\n<h2><strong>Slimorol Bewertung:\u00a0Fazit<\/strong><\/h2>\n<p>Slimorol Kapseln ist eine nat\u00fcrliche und wirksame Unterst\u00fctzung beim Abnehmen. Es hilft, Fett zu verbrennen, den Appetit zu kontrollieren und die Energie zu steigern. Kombiniert mit einer gesunden Lebensweise kann es dir helfen, deine Ziele schneller zu erreichen. Wenn du eine sichere und einfache Abnehmhilfe suchst, probiere Slimorol aus!<\/p>\n<p><a href=\"https:\/\/dr-raedel.de\/apotheke\/go\/slimorol\" target=\"_blank\" rel=\"nofollow noopener sponsored\"><strong>\ud83d\udc49 RABATTE &#8211; 55 % + kostenloser Versand f\u00fcr Slimorol \u2013 Begrenzte Zeit \u2013 JETZT KAUFEN! \ud83d\udc48<\/strong><\/a><\/p>\n\n        <div style=\"padding:5px;\">\n<div class=\"scroll-offer-box\">\n  <span class=\"offer-text\">\n   <a href=\"https:\/\/dr-raedel.de\/apotheke\/go\/slimorol-\" target=\"_blank\" style=\"color: black;\"><strong>SPAREN SIE 70% HEUTE!<\/strong><\/a>\n<a href=\"https:\/\/dr-raedel.de\/apotheke\/go\/slimorol-\" target=\"_blank\" class=\"offer-btn\">Gutscheincode!!<\/a><\/span>\n<\/div>\n        <\/div>\n","protected":false},"excerpt":{"rendered":"<p>Slimorol Erfahrungen\u00a0 Abnehmen ist nicht nur eine Frage von weniger Kalorien oder stundenlangem Training. Es braucht einen ausgewogenen Ansatz und manchmal etwas Unterst\u00fctzung, um Fett schneller zu verlieren.\u00a0Slimorol\u00a0ist ein innovatives Nahrungserg\u00e4nzungsmittel, das dir helfen kann, deine Abnehmziele effektiv zu erreichen. Mit nat\u00fcrlichen Inhaltsstoffen kurbelt es den Stoffwechsel an, z\u00fcgelt den Appetit und steigert die Energie. &#8230; <a title=\"Slimorol\" class=\"read-more\" href=\"https:\/\/dr-raedel.de\/apotheke\/product\/slimorol\/\" aria-label=\"Mehr Informationen \u00fcber Slimorol\">Weiterlesen &#8230;<\/a><\/p>\n","protected":false},"featured_media":87,"comment_status":"open","ping_status":"closed","template":"","meta":[],"product_brand":[],"product_cat":[16],"product_tag":[],"class_list":{"0":"post-86","1":"product","2":"type-product","3":"status-publish","4":"has-post-thumbnail","6":"product_cat-diaet","8":"first","9":"instock","10":"sale","11":"shipping-taxable","12":"product-type-external"},"_links":{"self":[{"href":"https:\/\/dr-raedel.de\/apotheke\/wp-json\/wp\/v2\/product\/86","targetHints":{"allow":["GET"]}}],"collection":[{"href":"https:\/\/dr-raedel.de\/apotheke\/wp-json\/wp\/v2\/product"}],"about":[{"href":"https:\/\/dr-raedel.de\/apotheke\/wp-json\/wp\/v2\/types\/product"}],"replies":[{"embeddable":true,"href":"https:\/\/dr-raedel.de\/apotheke\/wp-json\/wp\/v2\/comments?post=86"}],"wp:featuredmedia":[{"embeddable":true,"href":"https:\/\/dr-raedel.de\/apotheke\/wp-json\/wp\/v2\/media\/87"}],"wp:attachment":[{"href":"https:\/\/dr-raedel.de\/apotheke\/wp-json\/wp\/v2\/media?parent=86"}],"wp:term":[{"taxonomy":"product_brand","embeddable":true,"href":"https:\/\/dr-raedel.de\/apotheke\/wp-json\/wp\/v2\/product_brand?post=86"},{"taxonomy":"product_cat","embeddable":true,"href":"https:\/\/dr-raedel.de\/apotheke\/wp-json\/wp\/v2\/product_cat?post=86"},{"taxonomy":"product_tag","embeddable":true,"href":"https:\/\/dr-raedel.de\/apotheke\/wp-json\/wp\/v2\/product_tag?post=86"}],"curies":[{"name":"wp","href":"https:\/\/api.w.org\/{rel}","templated":true}]}}