{"id":91,"date":"2025-04-01T14:49:21","date_gmt":"2025-04-01T14:49:21","guid":{"rendered":"https:\/\/dr-raedel.de\/apotheke\/?post_type=product&#038;p=91"},"modified":"2025-04-17T09:41:06","modified_gmt":"2025-04-17T09:41:06","slug":"actiflow","status":"publish","type":"product","link":"https:\/\/dr-raedel.de\/apotheke\/product\/actiflow\/","title":{"rendered":"Actiflow"},"content":{"rendered":"<h2><strong>Actiflow\u00a0Erfahrungen<\/strong><\/h2>\n<p class=\"\" data-start=\"149\" data-end=\"423\">Viele M\u00e4nner haben im Alter Probleme mit der Prostata. Eine ungesunde Ern\u00e4hrung, wenig Bewegung und Stress sind oft die Ursachen. Zu viel Arbeit und zu wenig Schlaf verschlimmern die Beschwerden. Deshalb suchen viele M\u00e4nner nach Nahrungserg\u00e4nzungsmitteln wie <strong data-start=\"408\" data-end=\"420\">ActiFlow<\/strong>.<\/p>\n<p class=\"\" data-start=\"425\" data-end=\"621\">ActiFlow ist einfach einzunehmen und verspricht schnelle Ergebnisse. Doch nicht alle Produkte halten, was sie versprechen. Manche wirken nicht richtig, was zu Entt\u00e4uschung bei den K\u00e4ufern f\u00fchrt.<\/p>\n<h3 class=\"\" data-start=\"2073\" data-end=\"2104\"><strong data-start=\"2077\" data-end=\"2102\">Vorteile von ActiFlow<\/strong><\/h3>\n<p class=\"\" data-start=\"2106\" data-end=\"2155\">ActiFlow bietet viele gesundheitliche Vorteile:<\/p>\n<p class=\"\" data-start=\"2157\" data-end=\"2454\">\u2714 <strong data-start=\"2159\" data-end=\"2193\">Unterst\u00fctzt den Hormonhaushalt<\/strong><br data-start=\"2193\" data-end=\"2196\" \/>\u2714 <strong data-start=\"2198\" data-end=\"2234\">F\u00f6rdert einen gesunden Urinfluss<\/strong><br data-start=\"2234\" data-end=\"2237\" \/>\u2714 <strong data-start=\"2239\" data-end=\"2277\">Reduziert n\u00e4chtliches Wasserlassen<\/strong><br data-start=\"2277\" data-end=\"2280\" \/>\u2714 <strong data-start=\"2282\" data-end=\"2315\">Beugt Harnwegsinfektionen vor<\/strong><br data-start=\"2315\" data-end=\"2318\" \/>\u2714 <strong data-start=\"2320\" data-end=\"2355\">Steigert den Testosteronspiegel<\/strong><br data-start=\"2355\" data-end=\"2358\" \/>\u2714 <strong data-start=\"2360\" data-end=\"2409\">Verbessert die Libido und sexuelle Gesundheit<\/strong><br data-start=\"2409\" data-end=\"2412\" \/>\u2714 <strong data-start=\"2414\" data-end=\"2452\">Kann bei Erektionsproblemen helfen<\/strong><\/p>\n<blockquote>\n<p class=\"\" data-start=\"2157\" data-end=\"2454\"><strong data-start=\"2414\" data-end=\"2452\"><br \/>\n<a href=\"https:\/\/dr-raedel.de\/apotheke\/go\/Actiflow\">\ud83d\udc49 RABATTE &#8211; 55 % + kostenloser Versand f\u00fcr\u00a0ActiFlow\u00a0\u2013 Begrenzte Zeit \u2013 JETZT KAUFEN! \ud83d\udc48<\/a><\/strong><\/p>\n<\/blockquote>\n<p class=\"\" data-start=\"2456\" data-end=\"2574\">Viele M\u00e4nner berichten, dass sie sich nach der Einnahme von ActiFlow <strong data-start=\"2525\" data-end=\"2564\">fitter, ausgeruhter und entspannter<\/strong> f\u00fchlen.<\/p>\n<h3 class=\"\" data-start=\"628\" data-end=\"655\"><strong data-start=\"632\" data-end=\"653\">Was ist ActiFlow?<\/strong><\/h3>\n<p class=\"\" data-start=\"657\" data-end=\"862\">ActiFlow ist ein <strong data-start=\"674\" data-end=\"714\">nat\u00fcrliches Nahrungserg\u00e4nzungsmittel<\/strong>, das die Prostata-Gesundheit unterst\u00fctzt. Mit zunehmendem Alter haben M\u00e4nner oft Probleme wie h\u00e4ufiges Wasserlassen, Druckgef\u00fchl oder Unwohlsein.<\/p>\n<p class=\"\" data-start=\"864\" data-end=\"1155\">Dieses Produkt wurde speziell entwickelt, um die Prostata zu sch\u00fctzen und das Wohlbefinden zu verbessern. Die enthaltenen <strong data-start=\"986\" data-end=\"1013\">pflanzlichen Wirkstoffe<\/strong> sind bekannt f\u00fcr ihre positiven gesundheitlichen Effekte. ActiFlow enth\u00e4lt <strong data-start=\"1089\" data-end=\"1123\">keine k\u00fcnstlichen Zusatzstoffe<\/strong> oder sch\u00e4dlichen Chemikalien.<\/p>\n<p class=\"\" data-start=\"1157\" data-end=\"1273\">Durch die t\u00e4gliche Einnahme von ActiFlow kann die Lebensqualit\u00e4t steigen \u2013 ganz ohne Medikamente oder Operationen.<\/p>\n<h3 class=\"\" data-start=\"1280\" data-end=\"1316\"><strong data-start=\"1284\" data-end=\"1314\">Wie funktioniert ActiFlow?<\/strong><\/h3>\n<p class=\"\" data-start=\"1318\" data-end=\"1373\">ActiFlow unterst\u00fctzt den K\u00f6rper auf nat\u00fcrliche Weise:<\/p>\n<p class=\"\" data-start=\"1375\" data-end=\"1640\">\u2714 <strong data-start=\"1377\" data-end=\"1413\">Erh\u00f6hung des Testosteronspiegels<\/strong> \u2013 Testosteron ist ein wichtiges Hormon f\u00fcr M\u00e4nner. Ein Mangel kann zu M\u00fcdigkeit, Gewichtszunahme und Lustlosigkeit f\u00fchren. ActiFlow enth\u00e4lt Kr\u00e4uter wie <strong data-start=\"1566\" data-end=\"1589\">Tribulus Terrestris<\/strong>, die helfen, den Testosteronspiegel zu steigern.<\/p>\n<p class=\"\" data-start=\"1642\" data-end=\"1836\">\u2714 <strong data-start=\"1644\" data-end=\"1682\">Verbesserung der Prostata-Funktion<\/strong> \u2013 ActiFlow reduziert Entz\u00fcndungen und unterst\u00fctzt die Blasengesundheit. Dadurch wird das Wasserlassen erleichtert und der st\u00e4ndige Harndrang reduziert.<\/p>\n<p class=\"\" data-start=\"1838\" data-end=\"2066\">\u2714 <strong data-start=\"1840\" data-end=\"1878\">Mehr Energie und geistige Klarheit<\/strong> \u2013 H\u00f6here Testosteronwerte helfen nicht nur dem K\u00f6rper, sondern auch dem Geist. Eine Studie zeigt, dass ein ausgeglichener Hormonhaushalt die Konzentration und das Ged\u00e4chtnis verbessert.<\/p>\n<h3 class=\"\" data-start=\"2581\" data-end=\"2613\"><strong data-start=\"2585\" data-end=\"2611\">ActiFlow Inhaltsstoffe<\/strong><\/h3>\n<p class=\"\" data-start=\"2615\" data-end=\"2708\">ActiFlow enth\u00e4lt <strong data-start=\"2632\" data-end=\"2666\">100 % nat\u00fcrliche Inhaltsstoffe<\/strong>, die gezielt die Prostata unterst\u00fctzen:<\/p>\n<p class=\"\" data-start=\"2710\" data-end=\"2831\">\u2714 <strong data-start=\"2712\" data-end=\"2740\">S\u00e4gepalme (Saw Palmetto)<\/strong> \u2013 Hilft bei Prostatavergr\u00f6\u00dferung, verbessert den Harnfluss und wirkt entz\u00fcndungshemmend.<\/p>\n<p class=\"\" data-start=\"2833\" data-end=\"2960\">\u2714 <strong data-start=\"2835\" data-end=\"2843\">Zink<\/strong> \u2013 Unterst\u00fctzt den Hormonhaushalt und das Immunsystem. Viele M\u00e4nner mit Prostataproblemen haben niedrige Zinkwerte.<\/p>\n<p class=\"\" data-start=\"2962\" data-end=\"3103\">\u2714 <strong data-start=\"2964\" data-end=\"2993\">Brennnesselwurzel-Extrakt<\/strong> \u2013 Reduziert Entz\u00fcndungen und f\u00f6rdert einen besseren Urinfluss. Wird oft bei Prostatabeschwerden eingesetzt.<\/p>\n<p class=\"\" data-start=\"3105\" data-end=\"3196\">\u2714 <strong data-start=\"3107\" data-end=\"3127\">Pygeum Africanum<\/strong> \u2013 Hilft gegen Harnwegsprobleme und unterst\u00fctzt eine gesunde Blase.<\/p>\n<p class=\"\" data-start=\"3198\" data-end=\"3321\">\u2714 <strong data-start=\"3200\" data-end=\"3221\">K\u00fcrbiskernextrakt<\/strong> \u2013 Enth\u00e4lt wichtige N\u00e4hrstoffe f\u00fcr die Prostata-Gesundheit und f\u00f6rdert eine starke Blasenfunktion.<\/p>\n<p class=\"\" data-start=\"3323\" data-end=\"3414\">Die Kombination dieser Inhaltsstoffe sorgt f\u00fcr eine effektive Unterst\u00fctzung der Prostata.<\/p>\n<h3 class=\"\" data-start=\"3421\" data-end=\"3458\"><strong data-start=\"3425\" data-end=\"3456\">Kundenmeinungen zu ActiFlow<\/strong><\/h3>\n<p class=\"\" data-start=\"3460\" data-end=\"3621\">Viele M\u00e4nner sind mit ActiFlow sehr zufrieden. Es hat eine <strong data-start=\"3519\" data-end=\"3543\">4,8-Sterne-Bewertung<\/strong> von 5. Kunden berichten von einer sp\u00fcrbaren Verbesserung ihrer Beschwerden.<\/p>\n<p class=\"\" data-start=\"3623\" data-end=\"3828\"><strong data-start=\"3623\" data-end=\"3648\">Johannes Fischer, 31:<\/strong><br data-start=\"3648\" data-end=\"3651\" \/><em data-start=\"3651\" data-end=\"3826\">&#8222;Seit ich ActiFlow nehme, schlafe ich besser, weil ich nachts nicht mehr so oft auf die Toilette muss. Mein Energielevel ist gestiegen, und ich f\u00fchle mich insgesamt wohler.&#8220;<\/em><\/p>\n<p class=\"\" data-start=\"3830\" data-end=\"4043\"><strong data-start=\"3830\" data-end=\"3851\">Thomas Meier, 47:<\/strong><br data-start=\"3851\" data-end=\"3854\" \/><em data-start=\"3854\" data-end=\"4041\">&#8222;Ich war anfangs unsicher, aber ActiFlow hat mich \u00fcberzeugt. Ich habe weniger Harndrang und f\u00fchle mich entspannter. Besonders gut gef\u00e4llt mir, dass es nur nat\u00fcrliche Inhaltsstoffe hat.&#8220;<\/em><\/p>\n<p class=\"\" data-start=\"4045\" data-end=\"4237\"><strong data-start=\"4045\" data-end=\"4068\">Bernd Hoffmann, 54:<\/strong><br data-start=\"4068\" data-end=\"4071\" \/><em data-start=\"4071\" data-end=\"4235\">&#8222;Vor ActiFlow war ich st\u00e4ndig m\u00fcde, weil ich nachts so oft aufstehen musste. Nach einigen Wochen merke ich, dass ich besser schlafe und tags\u00fcber ausgeruhter bin.&#8220;<\/em><\/p>\n<p class=\"\" data-start=\"4239\" data-end=\"4432\"><strong data-start=\"4239\" data-end=\"4261\">Klaus Lehmann, 63:<\/strong><br data-start=\"4261\" data-end=\"4264\" \/><em data-start=\"4264\" data-end=\"4430\">&#8222;Ich war skeptisch, doch ActiFlow hat meine Erwartungen \u00fcbertroffen. Meine n\u00e4chtlichen Toiletteng\u00e4nge sind weniger geworden, und ich f\u00fchle mich insgesamt ges\u00fcnder.&#8220;<\/em><\/p>\n<h3 class=\"\" data-start=\"4439\" data-end=\"4477\"><strong data-start=\"4443\" data-end=\"4475\">Wo kann man ActiFlow kaufen?<\/strong><\/h3>\n<p class=\"\" data-start=\"4479\" data-end=\"4642\">ActiFlow gibt es <strong data-start=\"4496\" data-end=\"4531\">nur auf der <a href=\"https:\/\/dr-raedel.de\/apotheke\/go\/Actiflow\">offiziellen Website<\/a><\/strong>. So wird sichergestellt, dass Sie das <strong data-start=\"4570\" data-end=\"4587\">echte Produkt<\/strong> erhalten und von Sonderangeboten profitieren k\u00f6nnen.<\/p>\n<h4 class=\"\" data-start=\"4644\" data-end=\"4675\"><strong data-start=\"4649\" data-end=\"4673\">Preise und Angebote:<\/strong><\/h4>\n<p class=\"\" data-start=\"4676\" data-end=\"4876\">\ud83d\udcb0 <strong data-start=\"4679\" data-end=\"4711\">1 Flasche (1-Monats-Vorrat):<\/strong> 69 $<br data-start=\"4716\" data-end=\"4719\" \/>\ud83d\udcb0 <strong data-start=\"4722\" data-end=\"4766\">3 Flaschen + 1 gratis (4-Monats-Vorrat):<\/strong> 165 $ (ca. 55 $ pro Flasche)<br data-start=\"4795\" data-end=\"4798\" \/>\ud83d\udcb0 <strong data-start=\"4801\" data-end=\"4845\">5 Flaschen + 1 gratis (6-Monats-Vorrat):<\/strong> 245 $ (ca. 49 $ pro Flasche)<\/p>\n<p class=\"\" data-start=\"4878\" data-end=\"4980\"><a href=\"https:\/\/dr-raedel.de\/apotheke\/go\/Actiflow\">\ud83d\ude80 <strong data-start=\"4881\" data-end=\"4938\">Aktuelles Angebot: 50 % Rabatt + kostenloser Versand!<\/strong><\/a><\/p>\n<p class=\"\" data-start=\"4878\" data-end=\"4980\">\ud83d\udc49 <strong data-start=\"4944\" data-end=\"4978\">Jetzt ActiFlow bestellen!<\/strong><\/p>\n<p class=\"\" data-start=\"4982\" data-end=\"5112\">ActiFlow bietet eine <strong data-start=\"5003\" data-end=\"5035\">60-Tage-Geld-zur\u00fcck-Garantie<\/strong>. Falls Kunden nicht zufrieden sind, gibt es eine <strong data-start=\"5085\" data-end=\"5109\">volle R\u00fcckerstattung<\/strong>.<\/p>\n<h3 class=\"\" data-start=\"5119\" data-end=\"5149\"><strong data-start=\"5123\" data-end=\"5147\">Ist ActiFlow sicher?<\/strong><\/h3>\n<p class=\"\" data-start=\"5151\" data-end=\"5215\">Ja! ActiFlow besteht aus <strong data-start=\"5176\" data-end=\"5204\">rein nat\u00fcrlichen Zutaten<\/strong>. Es ist:<\/p>\n<p class=\"\" data-start=\"5217\" data-end=\"5408\">\u2714 <strong data-start=\"5219\" data-end=\"5257\">Frei von k\u00fcnstlichen Zusatzstoffen<\/strong><br data-start=\"5257\" data-end=\"5260\" \/>\u2714 <strong data-start=\"5262\" data-end=\"5302\">Nicht genetisch ver\u00e4ndert (GMO-frei)<\/strong><br data-start=\"5302\" data-end=\"5305\" \/>\u2714 <strong data-start=\"5307\" data-end=\"5351\">Glutenfrei und ohne Konservierungsstoffe<\/strong><br data-start=\"5351\" data-end=\"5354\" \/>\u2714 <strong data-start=\"5356\" data-end=\"5406\">In einer FDA-gepr\u00fcften Einrichtung hergestellt<\/strong><\/p>\n<p class=\"\" data-start=\"5410\" data-end=\"5563\">Bisher sind <strong data-start=\"5422\" data-end=\"5454\">keine Nebenwirkungen bekannt<\/strong>. Dennoch sollten M\u00e4nner mit gesundheitlichen Problemen oder Medikamenteneinnahme vorher ihren Arzt fragen.<\/p>\n<h3 class=\"\" data-start=\"5570\" data-end=\"5607\"><strong data-start=\"5574\" data-end=\"5605\">Fazit: Lohnt sich ActiFlow?<\/strong><\/h3>\n<p class=\"\" data-start=\"5609\" data-end=\"5796\">ActiFlow ist eine <strong data-start=\"5627\" data-end=\"5655\">nat\u00fcrliche und effektive<\/strong> L\u00f6sung f\u00fcr M\u00e4nner mit Prostataproblemen. Es reduziert h\u00e4ufiges Wasserlassen, verbessert die Blasenkontrolle und steigert das Wohlbefinden.<\/p>\n<p class=\"\" data-start=\"5798\" data-end=\"5996\">\u2705 <strong data-start=\"5800\" data-end=\"5813\">Vorteile:<\/strong><br data-start=\"5813\" data-end=\"5816\" \/>\u2714 100 % nat\u00fcrliche Inhaltsstoffe<br data-start=\"5848\" data-end=\"5851\" \/>\u2714 Unterst\u00fctzt die Prostata-Gesundheit<br data-start=\"5888\" data-end=\"5891\" \/>\u2714 Weniger n\u00e4chtliche Toiletteng\u00e4nge<br data-start=\"5926\" data-end=\"5929\" \/>\u2714 F\u00f6rdert den Testosteronspiegel<br data-start=\"5961\" data-end=\"5964\" \/>\u2714 60-Tage-Geld-zur\u00fcck-Garantie<\/p>\n<p class=\"\" data-start=\"6092\" data-end=\"6259\">Wer eine <strong data-start=\"6101\" data-end=\"6127\">sichere und nat\u00fcrliche<\/strong> L\u00f6sung f\u00fcr Prostatabeschwerden sucht, kann ActiFlow ausprobieren. Dank der <strong data-start=\"6203\" data-end=\"6227\">Geld-zur\u00fcck-Garantie<\/strong> geht man <strong data-start=\"6237\" data-end=\"6256\">kein Risiko ein<\/strong>.<\/p>\n<p class=\"\" data-start=\"6261\" data-end=\"6319\"><a href=\"https:\/\/dr-raedel.de\/apotheke\/go\/Actiflow\">\ud83d\udc49 <strong data-start=\"6264\" data-end=\"6314\">Jetzt ActiFlow mit 50 % Rabatt bestellen!<\/strong> \ud83d\ude80<\/a><\/p>\n<p data-start=\"6261\" data-end=\"6319\">\n        <div style=\"padding:5px;\">\n<div class=\"scroll-offer-box\">\n  <span class=\"offer-text\">\n   <a href=\"https:\/\/dr-raedel.de\/apotheke\/go\/Actiflow-\" target=\"_blank\" style=\"color: black;\"><strong>SPAREN SIE 70% HEUTE!<\/strong><\/a>\n<a href=\"https:\/\/dr-raedel.de\/apotheke\/go\/Actiflow-\" target=\"_blank\" class=\"offer-btn\">Gutscheincode!!<\/a><\/span>\n<\/div>\n        <\/div><\/p>\n","protected":false},"excerpt":{"rendered":"<p>Actiflow\u00a0Erfahrungen Viele M\u00e4nner haben im Alter Probleme mit der Prostata. Eine ungesunde Ern\u00e4hrung, wenig Bewegung und Stress sind oft die Ursachen. Zu viel Arbeit und zu wenig Schlaf verschlimmern die Beschwerden. Deshalb suchen viele M\u00e4nner nach Nahrungserg\u00e4nzungsmitteln wie ActiFlow. ActiFlow ist einfach einzunehmen und verspricht schnelle Ergebnisse. Doch nicht alle Produkte halten, was sie versprechen. &#8230; <a title=\"Actiflow\" class=\"read-more\" href=\"https:\/\/dr-raedel.de\/apotheke\/product\/actiflow\/\" aria-label=\"Mehr Informationen \u00fcber Actiflow\">Weiterlesen &#8230;<\/a><\/p>\n","protected":false},"featured_media":92,"comment_status":"open","ping_status":"closed","template":"","meta":[],"product_brand":[],"product_cat":[15],"product_tag":[],"class_list":{"0":"post-91","1":"product","2":"type-product","3":"status-publish","4":"has-post-thumbnail","6":"product_cat-uncategorized","8":"first","9":"instock","10":"sale","11":"shipping-taxable","12":"product-type-external"},"_links":{"self":[{"href":"https:\/\/dr-raedel.de\/apotheke\/wp-json\/wp\/v2\/product\/91","targetHints":{"allow":["GET"]}}],"collection":[{"href":"https:\/\/dr-raedel.de\/apotheke\/wp-json\/wp\/v2\/product"}],"about":[{"href":"https:\/\/dr-raedel.de\/apotheke\/wp-json\/wp\/v2\/types\/product"}],"replies":[{"embeddable":true,"href":"https:\/\/dr-raedel.de\/apotheke\/wp-json\/wp\/v2\/comments?post=91"}],"wp:featuredmedia":[{"embeddable":true,"href":"https:\/\/dr-raedel.de\/apotheke\/wp-json\/wp\/v2\/media\/92"}],"wp:attachment":[{"href":"https:\/\/dr-raedel.de\/apotheke\/wp-json\/wp\/v2\/media?parent=91"}],"wp:term":[{"taxonomy":"product_brand","embeddable":true,"href":"https:\/\/dr-raedel.de\/apotheke\/wp-json\/wp\/v2\/product_brand?post=91"},{"taxonomy":"product_cat","embeddable":true,"href":"https:\/\/dr-raedel.de\/apotheke\/wp-json\/wp\/v2\/product_cat?post=91"},{"taxonomy":"product_tag","embeddable":true,"href":"https:\/\/dr-raedel.de\/apotheke\/wp-json\/wp\/v2\/product_tag?post=91"}],"curies":[{"name":"wp","href":"https:\/\/api.w.org\/{rel}","templated":true}]}}