{"id":98,"date":"2025-04-01T16:00:21","date_gmt":"2025-04-01T16:00:21","guid":{"rendered":"https:\/\/dr-raedel.de\/apotheke\/?post_type=product&#038;p=98"},"modified":"2025-04-08T07:58:50","modified_gmt":"2025-04-08T07:58:50","slug":"volt-kapseln","status":"publish","type":"product","link":"https:\/\/dr-raedel.de\/apotheke\/product\/volt-kapseln\/","title":{"rendered":"Volt Kapseln"},"content":{"rendered":"<h2><strong>Volt Kapseln\u00a0Erfahrungen<\/strong><\/h2>\n<p class=\"\" data-start=\"138\" data-end=\"502\">Volt ist ein Nahrungserg\u00e4nzungsmittel, das M\u00e4nnern helfen soll, mehr Energie und Testosteron zu bekommen. Viele M\u00e4nner in Deutschland berichten, dass sie durch die Volt-Kapseln wieder mehr Kraft und Lust im Alltag und in ihrem Liebesleben haben. Dieses Produkt soll die nat\u00fcrliche Testosteronproduktion unterst\u00fctzen und die k\u00f6rperliche Leistungsf\u00e4higkeit steigern.<\/p>\n<h3 class=\"\" data-start=\"504\" data-end=\"525\"><strong data-start=\"508\" data-end=\"525\">Was ist Volt?<\/strong><\/h3>\n<p class=\"\" data-start=\"526\" data-end=\"873\">Volt ist ein Mittel, das speziell f\u00fcr M\u00e4nner entwickelt wurde, die ihren Testosteronspiegel erh\u00f6hen wollen, um ihre Muskelmasse, Energie und Libido zu steigern. Es enth\u00e4lt sehr potente Inhaltsstoffe und ist f\u00fcr viele M\u00e4nner wirksamer als viele andere Produkte, die auf dem Markt sind, sogar im Vergleich zu denen, die in Apotheken verkauft werden.<\/p>\n<p class=\"\" data-start=\"875\" data-end=\"1243\">Die Volt-Kapseln sollen helfen, den Testosteronspiegel nat\u00fcrlich zu steigern. Sie k\u00f6nnen nicht nur die k\u00f6rperliche Leistung verbessern, sondern auch die Verf\u00fcgbarkeit von Energie und die sexuelle Leistungsf\u00e4higkeit. Viele M\u00e4nner berichten in Online-Foren von positiven Ergebnissen und beschreiben das Produkt als hilfreich f\u00fcr ihre geistige und k\u00f6rperliche Gesundheit.<\/p>\n<p class=\"\" data-start=\"1245\" data-end=\"1412\">Volt bietet eines der besten Preis-Leistungs-Verh\u00e4ltnisse auf dem Markt, wenn man es mit verschreibungspflichtigen oder in Apotheken erh\u00e4ltlichen Produkten vergleicht.<\/p>\n<blockquote><p><strong>\ud83d\udc47\ua9c1\u0f3a\u2728\u2757 OFFIZIELLE WEBSITE \u2757\u2728\u0f3b\ua9c2\ud83d\udc47<\/strong><\/p>\n<p>\u2592\u2593\u2588\u25ba\u00a0<a href=\"https:\/\/dr-raedel.de\/apotheke\/go\/volt-kapseln\" target=\"_blank\" rel=\"nofollow noopener sponsored\">KLICKEN SIE HIER F\u00dcR DIE OFFIZIELLE WEBSITE<\/a><br \/>\n<strong>\u27a7<\/strong><strong> Product Name \u21d2\u00a0<\/strong><strong data-start=\"1418\" data-end=\"1442\">Volt Kapseln<br \/>\n<\/strong><strong>\u27a7<\/strong><strong> Hauptvorteile \u21d2<\/strong> <strong>Verbessern Sie den Sexualtrieb.<br \/>\n<\/strong><strong>\u27a7<\/strong><strong> Nebenwirkungen<\/strong>\u21d2\u00a0NA<br \/>\n<strong>\u27a7<\/strong><strong> Bewertung<\/strong>\u21d2\u00a0\u2605\u2605\u2605\u2605\u2605<br \/>\n<strong>\u27a7<\/strong><strong> Programmpreis f\u00fcr einen Monat <\/strong>\u21d2\u00a0$39.97<br \/>\n<strong>\u27a7<\/strong><strong> Bezugsquellen (Live-Verkauf) <\/strong>\u21d2\u00a0\ud83d\udcb0<a href=\"https:\/\/dr-raedel.de\/apotheke\/go\/volt-kapseln\" target=\"_blank\" rel=\"nofollow noopener sponsored\">Klicken Sie hier, um 50 % Rabatt zu erhalten<\/a>\ud83c\udf81\ud83d\udc47<\/p><\/blockquote>\n<h3 class=\"\" data-start=\"1414\" data-end=\"1442\"><strong data-start=\"1418\" data-end=\"1442\">Die Wirkung von Volt Kapseln\u00a0<\/strong><\/h3>\n<p class=\"\" data-start=\"1443\" data-end=\"1503\">Volt hat eine spezielle Zusammensetzung, die darauf abzielt:<\/p>\n<ul data-start=\"1505\" data-end=\"2188\">\n<li class=\"\" data-start=\"1505\" data-end=\"1593\">\n<p class=\"\" data-start=\"1507\" data-end=\"1593\">Den Testosteronspiegel auf nat\u00fcrliche Weise zu erh\u00f6hen, auch durch regelm\u00e4\u00dfigen Sport.<\/p>\n<\/li>\n<li class=\"\" data-start=\"1594\" data-end=\"1657\">\n<p class=\"\" data-start=\"1596\" data-end=\"1657\">Die Sauerstoffverwertung w\u00e4hrend des Trainings zu verbessern.<\/p>\n<\/li>\n<li class=\"\" data-start=\"1658\" data-end=\"1729\">\n<p class=\"\" data-start=\"1660\" data-end=\"1729\">Das Stresshormon Cortisol zu senken, was zu mehr Energie f\u00fchren kann.<\/p>\n<\/li>\n<li class=\"\" data-start=\"1730\" data-end=\"1800\">\n<p class=\"\" data-start=\"1732\" data-end=\"1800\">Die Muskelmasse zu vergr\u00f6\u00dfern, vor allem in den Armen und der Brust.<\/p>\n<\/li>\n<li class=\"\" data-start=\"1801\" data-end=\"1838\">\n<p class=\"\" data-start=\"1803\" data-end=\"1838\">Den K\u00f6rperfettanteil zu reduzieren.<\/p>\n<\/li>\n<li class=\"\" data-start=\"1839\" data-end=\"1887\">\n<p class=\"\" data-start=\"1841\" data-end=\"1887\">Trainingsbedingte Muskelsch\u00e4den zu verringern.<\/p>\n<\/li>\n<li class=\"\" data-start=\"1888\" data-end=\"1955\">\n<p class=\"\" data-start=\"1890\" data-end=\"1955\">Die geistige Leistungsf\u00e4higkeit und das Ged\u00e4chtnis zu verbessern.<\/p>\n<\/li>\n<li class=\"\" data-start=\"1956\" data-end=\"2002\">\n<p class=\"\" data-start=\"1958\" data-end=\"2002\">Den Fokus und die Konzentration zu steigern.<\/p>\n<\/li>\n<li class=\"\" data-start=\"2003\" data-end=\"2094\">\n<p class=\"\" data-start=\"2005\" data-end=\"2094\">Die Lebensqualit\u00e4t in sozialen Beziehungen und der k\u00f6rperlichen Gesundheit zu verbessern.<\/p>\n<\/li>\n<li class=\"\" data-start=\"2095\" data-end=\"2152\">\n<p class=\"\" data-start=\"2097\" data-end=\"2152\">Die Kraft beim Bankdr\u00fccken und Beinstrecken zu erh\u00f6hen.<\/p>\n<\/li>\n<li class=\"\" data-start=\"2153\" data-end=\"2188\">\n<p class=\"\" data-start=\"2155\" data-end=\"2188\">Die Schlafqualit\u00e4t zu verbessern.<\/p>\n<\/li>\n<\/ul>\n<p class=\"\" data-start=\"2190\" data-end=\"2310\">Im Vergleich zu Produkten aus der Apotheke enth\u00e4lt Volt nur nat\u00fcrliche Inhaltsstoffe und keine gef\u00e4hrlichen Chemikalien.<\/p>\n<h3 class=\"\" data-start=\"2312\" data-end=\"2356\"><strong data-start=\"2316\" data-end=\"2356\">Wann man erste Ergebnisse sehen kann<\/strong><\/h3>\n<p class=\"\" data-start=\"2357\" data-end=\"2652\">Die ersten Ergebnisse von Volt sind oft schon nach den ersten Wochen der Einnahme sp\u00fcrbar, unabh\u00e4ngig davon, welches Ausgangsproblem man hatte. Nat\u00fcrlich k\u00f6nnen die Auswirkungen von Person zu Person unterschiedlich sein, aber viele berichten von einer schnellen Verbesserung ihres Wohlbefindens.<\/p>\n<h3 class=\"\" data-start=\"2654\" data-end=\"2706\"><strong data-start=\"2658\" data-end=\"2706\">Volt und Testosteron \u2013 Warum ist es wichtig?<\/strong><\/h3>\n<p class=\"\" data-start=\"2707\" data-end=\"3172\">Testosteron ist eines der wichtigsten Hormone im K\u00f6rper von M\u00e4nnern. Es beeinflusst viele Aspekte der Gesundheit, von der k\u00f6rperlichen Leistung bis zur Libido. Wenn der Testosteronspiegel zu niedrig ist, kann das zu M\u00fcdigkeit, geringer Energie und einem R\u00fcckgang der sexuellen Leistungsf\u00e4higkeit f\u00fchren. Durch die Einnahme von Volt kann der Testosteronspiegel auf nat\u00fcrliche Weise angehoben werden, was zu einer besseren k\u00f6rperlichen und geistigen Gesundheit f\u00fchrt.<\/p>\n<h3 class=\"\" data-start=\"4286\" data-end=\"4316\"><strong data-start=\"4290\" data-end=\"4316\">Wie funktioniert Volt?<\/strong><\/h3>\n<p class=\"\" data-start=\"4317\" data-end=\"4491\">Volt ist so formuliert, dass es die k\u00f6rpereigenen Prozesse unterst\u00fctzt, die f\u00fcr eine bessere Gesundheit und mehr Energie sorgen. Hier sind einige der Hauptwirkungen von Volt:<\/p>\n<ul data-start=\"4493\" data-end=\"5259\">\n<li class=\"\" data-start=\"4493\" data-end=\"4662\">\n<p class=\"\" data-start=\"4495\" data-end=\"4662\"><strong data-start=\"4495\" data-end=\"4532\">Erh\u00f6hung des Testosteronspiegels:<\/strong> Volt hilft dabei, den nat\u00fcrlichen Testosteronspiegel zu steigern, was zu mehr Energie und besseren k\u00f6rperlichen Leistungen f\u00fchrt.<\/p>\n<\/li>\n<li class=\"\" data-start=\"4663\" data-end=\"4801\">\n<p class=\"\" data-start=\"4665\" data-end=\"4801\"><strong data-start=\"4665\" data-end=\"4696\">Mehr Energie beim Training:<\/strong> Volt verbessert die Sauerstoffverwertung, was bedeutet, dass du l\u00e4nger und intensiver trainieren kannst.<\/p>\n<\/li>\n<li class=\"\" data-start=\"4802\" data-end=\"4960\">\n<p class=\"\" data-start=\"4804\" data-end=\"4960\"><strong data-start=\"4804\" data-end=\"4831\">Reduktion von Cortisol:<\/strong> Das \u201eStresshormon\u201c Cortisol kann die Energie rauben. Volt hilft, diesen Wert zu senken, sodass mehr Energie zur Verf\u00fcgung steht.<\/p>\n<\/li>\n<li class=\"\" data-start=\"4961\" data-end=\"5129\">\n<p class=\"\" data-start=\"4963\" data-end=\"5129\"><strong data-start=\"4963\" data-end=\"4980\">Muskelaufbau:<\/strong> Durch die Erh\u00f6hung des Testosteronspiegels kann Volt helfen, die Muskelmasse zu vergr\u00f6\u00dfern, besonders in den Bereichen, die f\u00fcr M\u00e4nner wichtig sind.<\/p>\n<\/li>\n<li class=\"\" data-start=\"5130\" data-end=\"5259\">\n<p class=\"\" data-start=\"5132\" data-end=\"5259\"><strong data-start=\"5132\" data-end=\"5161\">Reduktion von K\u00f6rperfett:<\/strong> Volt tr\u00e4gt auch dazu bei, den K\u00f6rperfettanteil zu senken, was zu einer besseren K\u00f6rperform f\u00fchrt.<\/p>\n<\/li>\n<\/ul>\n<h3 class=\"\" data-start=\"5261\" data-end=\"5289\"><strong data-start=\"5265\" data-end=\"5289\">Erfahrungen mit Volt<\/strong><\/h3>\n<p class=\"\" data-start=\"5290\" data-end=\"5643\">In verschiedenen Online-Foren und Bewertungsplattformen berichten viele M\u00e4nner von ihren positiven Erfahrungen mit Volt. Sie berichten, dass sie mehr Energie haben, ihre Muskeln wachsen und ihre k\u00f6rperliche Fitness sich verbessert hat. Es wurden keine negativen Nebenwirkungen oder Allergien festgestellt, die mit der Einnahme von Volt verbunden sind.<\/p>\n<h3 class=\"\" data-start=\"2654\" data-end=\"2706\"><strong>Volt Kapseln\u00a0Bewertungen<\/strong><\/h3>\n<article class=\"w-full text-token-text-primary sm:AIPRM__conversation__response\" dir=\"auto\" data-testid=\"conversation-turn-8\" data-scroll-anchor=\"true\">\n<div class=\"text-base my-auto mx-auto py-5 px-6\">\n<div class=\"mx-auto flex flex-1 text-base gap-4 md:gap-5 lg:gap-6 md:max-w-3xl group\/turn-messages focus-visible:outline-none\" tabindex=\"-1\">\n<div class=\"group\/conversation-turn relative flex w-full min-w-0 flex-col agent-turn @xs\/thread:px-0 @sm\/thread:px-1.5 @md\/thread:px-4\">\n<div class=\"relative flex-col gap-1 md:gap-3\">\n<div class=\"flex max-w-full flex-col flex-grow AIPRM__conversation__response\">\n<div class=\"min-h-8 text-message relative flex w-full flex-col items-end gap-2 whitespace-normal break-words text-start [.text-message+&amp;]:mt-5\" dir=\"auto\" data-message-author-role=\"assistant\" data-message-id=\"8e0e4b46-4b9d-4b6f-980e-71d237f66b74\" data-message-model-slug=\"gpt-4o-mini\">\n<div class=\"flex w-full flex-col gap-1 empty:hidden first:pt-[3px]\">\n<div class=\"markdown prose w-full break-words dark:prose-invert dark\">\n<p class=\"\" data-start=\"17\" data-end=\"351\">\u201eIch h\u00e4tte nie gedacht, dass ich eine nat\u00fcrliche L\u00f6sung f\u00fcr meine geringe Libido finden w\u00fcrde, aber VOLT hat mein Leben komplett ver\u00e4ndert! Ich f\u00fchle mich selbstbewusster, energiegeladener und meine Beziehung zu meinem Partner war noch nie so gut. Danke VOLT, dass du den Funken in meinem Leben zur\u00fcckgebracht hast!\u201c \u2013 Anna W., Berlin<\/p>\n<p class=\"\" data-start=\"353\" data-end=\"688\">\u201eAls vielbesch\u00e4ftigter Berufst\u00e4tiger bin ich oft gestresst und ersch\u00f6pft, was sich negativ auf meine Leistung im Schlafzimmer auswirkt. Aber seit ich VOLT nehme, habe ich eine deutliche Verbesserung meines Energieniveaus und meiner Ausdauer bemerkt. Mein Partner und ich sind beide begeistert von den Ergebnissen!\u201c \u2013 Markus K., Hamburg<\/p>\n<p class=\"\" data-start=\"690\" data-end=\"1076\">\u201eNachdem ich zahlreiche Produkte gegen meine erektile Dysfunktion ausprobiert hatte, war ich kurz davor, die Hoffnung aufzugeben, bis ich VOLT Performance entdeckte. Es wirkt nicht nur Wunder, sondern hat auch keine Nebenwirkungen wie andere Medikamente. Ich bin mehr als dankbar f\u00fcr dieses Produkt und empfehle es jedem, der mit \u00e4hnlichen Problemen zu k\u00e4mpfen hat.\u201c \u2013 Julia M., M\u00fcnchen<\/p>\n<article class=\"w-full text-token-text-primary sm:AIPRM__conversation__response\" dir=\"auto\" data-testid=\"conversation-turn-10\" data-scroll-anchor=\"true\">\n<div class=\"text-base my-auto mx-auto py-5 px-6\">\n<div class=\"mx-auto flex flex-1 text-base gap-4 md:gap-5 lg:gap-6 md:max-w-3xl group\/turn-messages focus-visible:outline-none\" tabindex=\"-1\">\n<div class=\"group\/conversation-turn relative flex w-full min-w-0 flex-col agent-turn @xs\/thread:px-0 @sm\/thread:px-1.5 @md\/thread:px-4\">\n<div class=\"relative flex-col gap-1 md:gap-3\">\n<div class=\"flex max-w-full flex-col flex-grow AIPRM__conversation__response\">\n<div class=\"min-h-8 text-message relative flex w-full flex-col items-end gap-2 whitespace-normal break-words text-start [.text-message+&amp;]:mt-5\" dir=\"auto\" data-message-author-role=\"assistant\" data-message-id=\"b688ebf0-f338-4033-b30d-63e85de035c9\" data-message-model-slug=\"gpt-4o-mini\">\n<div class=\"flex w-full flex-col gap-1 empty:hidden first:pt-[3px]\">\n<div class=\"markdown prose w-full break-words dark:prose-invert dark\">\n<h2 data-start=\"0\" data-end=\"54\"><strong data-start=\"0\" data-end=\"54\">Volt Preis in Deutschland \u2013 Wo kann man es kaufen?<\/strong><\/h2>\n<p class=\"\" data-start=\"56\" data-end=\"346\">Der Preis von Volt in Deutschland ist eine tolle Nachricht f\u00fcr alle, die ihre sexuelle Leistungsf\u00e4higkeit verbessern m\u00f6chten. Mit attraktiven Rabatten k\u00f6nnen Sie diese leistungsstarken, nat\u00fcrlichen Kapseln zu einem g\u00fcnstigeren Preis erwerben. Der Rabatt steigt je mehr Packungen Sie kaufen.<\/p>\n<p class=\"\" data-start=\"348\" data-end=\"414\">Auf der offiziellen Volt-Website gibt es drei Rabattm\u00f6glichkeiten:<\/p>\n<ul data-start=\"416\" data-end=\"695\">\n<li class=\"\" data-start=\"416\" data-end=\"515\">\n<p class=\"\" data-start=\"418\" data-end=\"515\">1 Packung f\u00fcr nur 49,95 Euro pro Packung, plus 4,95 Euro Versand (statt 79,95 Euro plus Versand).<\/p>\n<\/li>\n<li class=\"\" data-start=\"516\" data-end=\"605\">\n<p class=\"\" data-start=\"518\" data-end=\"605\">2 Packungen f\u00fcr nur 39,97 Euro pro Packung (statt 59,95 Euro), mit kostenlosem Versand.<\/p>\n<\/li>\n<li class=\"\" data-start=\"606\" data-end=\"695\">\n<p class=\"\" data-start=\"608\" data-end=\"695\">3 Packungen f\u00fcr nur 36,65 Euro pro Packung (statt 59,95 Euro), mit kostenlosem Versand.<\/p>\n<\/li>\n<\/ul>\n<p class=\"\" data-start=\"697\" data-end=\"921\">Bestellen Sie einfach \u00fcber das Bestellformular auf der offiziellen Website, und die nat\u00fcrlichen Kapseln werden innerhalb weniger Tage direkt zu Ihnen nach Hause geliefert \u2013 in anonymer Verpackung und mit kostenlosem Versand.<\/p>\n<p class=\"\" data-start=\"923\" data-end=\"1245\">Au\u00dferdem erhalten Sie bei einer Bestellung auf der offiziellen Seite den <strong data-start=\"996\" data-end=\"1087\">kostenlosen ultimativen Leitfaden zur nat\u00fcrlichen Optimierung Ihres Testosteronspiegels<\/strong>, geschrieben von einem renommierten, zertifizierten Kraft- und Konditionierungsspezialisten, der die Mythen der Industrie \u00fcber Testosteronpr\u00e4parate entlarvt.<\/p>\n<h2 data-start=\"1247\" data-end=\"1301\"><strong data-start=\"1247\" data-end=\"1301\">Kann man Volt in Apotheken oder bei Amazon kaufen?<\/strong><\/h2>\n<p class=\"\" data-start=\"1303\" data-end=\"1567\">Die <a href=\"https:\/\/dr-raedel.de\/apotheke\/go\/volt-kapseln\" target=\"_blank\" rel=\"nofollow noopener sponsored\">offizielle Volt-Website<\/a> garantiert den besten Preis im Internet, kostenlosen Versand und die M\u00f6glichkeit, bei Lieferung zu bezahlen. Im Gegensatz zu anderen Verkaufsplattformen wie Amazon oder Price Finder bietet die offizielle Website daher das beste Angebot.<\/p>\n<blockquote><p><a href=\"https:\/\/dr-raedel.de\/apotheke\/go\/volt-kapseln\" target=\"_blank\" rel=\"nofollow noopener sponsored\"><strong><u>(Begrenzte Vorr\u00e4te) Klicken Sie hier, um\u00a0<\/u>Volt Kapseln <u>zu kaufen, bevor das Unternehmen keine Vorr\u00e4te mehr hat<\/u><\/strong><\/a><\/p><\/blockquote>\n<\/div>\n<\/div>\n<\/div>\n<\/div>\n<\/div>\n<\/div>\n<\/div>\n<\/div>\n<\/article>\n<div class=\"pointer-events-none h-px w-px\" aria-hidden=\"true\" data-edge=\"true\">\n<article class=\"w-full text-token-text-primary sm:AIPRM__conversation__response\" dir=\"auto\" data-testid=\"conversation-turn-12\" data-scroll-anchor=\"true\">\n<div class=\"text-base my-auto mx-auto py-5 px-6\">\n<div class=\"mx-auto flex flex-1 text-base gap-4 md:gap-5 lg:gap-6 md:max-w-3xl group\/turn-messages focus-visible:outline-none\" tabindex=\"-1\">\n<div class=\"group\/conversation-turn relative flex w-full min-w-0 flex-col agent-turn @xs\/thread:px-0 @sm\/thread:px-1.5 @md\/thread:px-4\">\n<div class=\"relative flex-col gap-1 md:gap-3\">\n<div class=\"flex max-w-full flex-col flex-grow AIPRM__conversation__response\">\n<div class=\"min-h-8 text-message relative flex w-full flex-col items-end gap-2 whitespace-normal break-words text-start [.text-message+&amp;]:mt-5\" dir=\"auto\" data-message-author-role=\"assistant\" data-message-id=\"fd081f69-a7c8-4f4b-b738-849faa4bd457\" data-message-model-slug=\"gpt-4o-mini\">\n<div class=\"flex w-full flex-col gap-1 empty:hidden first:pt-[3px]\">\n<div class=\"markdown prose w-full break-words dark:prose-invert dark\">\n<h2 data-start=\"1247\" data-end=\"1301\"><strong data-start=\"1247\" data-end=\"1301\">Volt Kapseln <\/strong><strong data-start=\"0\" data-end=\"49\">Anwendungsrichtlinien, Einnahme und Dosierung<\/strong><\/h2>\n<p class=\"\" data-start=\"51\" data-end=\"313\">Bevor Sie mit der Einnahme von Volt Performance V Kapseln beginnen, ist es wichtig, sich genau an die vom Hersteller angegebenen Anweisungen zu halten. Die richtige Dosierung ist entscheidend, um optimale Ergebnisse zu erzielen und m\u00f6gliche Risiken zu vermeiden.<\/p>\n<p class=\"\" data-start=\"315\" data-end=\"529\"><strong data-start=\"315\" data-end=\"340\">Empfohlene Dosierung:<\/strong> Die Standarddosierung f\u00fcr Volt Performance V Kapseln betr\u00e4gt 250 mg. Es wird empfohlen, sich an diese Dosierung zu halten und die Kapseln gem\u00e4\u00df den Anweisungen des Herstellers einzunehmen.<\/p>\n<p class=\"\" data-start=\"531\" data-end=\"556\"><strong data-start=\"531\" data-end=\"556\">Einnahmeempfehlungen:<\/strong><\/p>\n<ul data-start=\"558\" data-end=\"1011\">\n<li class=\"\" data-start=\"558\" data-end=\"661\">\n<p class=\"\" data-start=\"560\" data-end=\"661\">Nehmen Sie die Kapseln mit ausreichend Wasser ein, um die Aufnahme der Inhaltsstoffe zu unterst\u00fctzen.<\/p>\n<\/li>\n<li class=\"\" data-start=\"662\" data-end=\"776\">\n<p class=\"\" data-start=\"664\" data-end=\"776\">Eine eigenst\u00e4ndige Erh\u00f6hung der Dosis wird nicht empfohlen, da dies zu unerw\u00fcnschten Nebenwirkungen f\u00fchren kann.<\/p>\n<\/li>\n<li class=\"\" data-start=\"777\" data-end=\"1011\">\n<p class=\"\" data-start=\"779\" data-end=\"1011\">Achten Sie darauf, die empfohlene Tagesdosis nicht zu \u00fcberschreiten und die Kapseln nicht eigenm\u00e4chtig zu ver\u00e4ndern. Bei Unsicherheiten sollten Sie sich an einen Arzt oder Experten wenden, um eine sichere Anwendung zu gew\u00e4hrleisten.<\/p>\n<\/li>\n<\/ul>\n<p class=\"\" data-start=\"1013\" data-end=\"1192\">Die richtige Anwendung der Kapseln hilft dabei, die gew\u00fcnschten gesundheitlichen Vorteile zu maximieren und gleichzeitig das Risiko m\u00f6glicher negativer Auswirkungen zu verringern.<\/p>\n<h2 data-pm-slice=\"1 1 []\"><strong>H\u00e4ufig Gestellte Fragen: Volt kapseln Erfahrungen<br \/>\n<\/strong><\/h2>\n<article class=\"w-full text-token-text-primary sm:AIPRM__conversation__response\" dir=\"auto\" data-testid=\"conversation-turn-14\" data-scroll-anchor=\"true\">\n<div class=\"text-base my-auto mx-auto py-5 px-6\">\n<div class=\"mx-auto flex flex-1 text-base gap-4 md:gap-5 lg:gap-6 md:max-w-3xl group\/turn-messages focus-visible:outline-none\" tabindex=\"-1\">\n<div class=\"group\/conversation-turn relative flex w-full min-w-0 flex-col agent-turn @xs\/thread:px-0 @sm\/thread:px-1.5 @md\/thread:px-4\">\n<div class=\"relative flex-col gap-1 md:gap-3\">\n<div class=\"flex max-w-full flex-col flex-grow AIPRM__conversation__response\">\n<div class=\"min-h-8 text-message relative flex w-full flex-col items-end gap-2 whitespace-normal break-words text-start [.text-message+&amp;]:mt-5\" dir=\"auto\" data-message-author-role=\"assistant\" data-message-id=\"2e201600-0cb7-41cb-aec2-b6b79879dc16\" data-message-model-slug=\"gpt-4o-mini\">\n<div class=\"flex w-full flex-col gap-1 empty:hidden first:pt-[3px]\">\n<div class=\"markdown prose w-full break-words dark:prose-invert dark\">\n<p class=\"\" data-start=\"29\" data-end=\"248\">In dieser Sektion finden Sie Antworten auf h\u00e4ufig gestellte Fragen zu Volt Performance V Kapseln, die Informationen zu deren Wirkung, Inhaltsstoffen, Nebenwirkungen, Nutzungsempfehlungen und Kaufm\u00f6glichkeiten enthalten.<\/p>\n<p class=\"\" data-start=\"250\" data-end=\"586\"><strong data-start=\"250\" data-end=\"322\">Wie wirken sich Performance Kapseln auf die sportliche Leistung aus?<\/strong> Anwender berichten, dass Volt Performance V Kapseln den Testosteronspiegel und die Libido steigern k\u00f6nnen. Dies k\u00f6nnte zu einer verbesserten sportlichen Leistung f\u00fchren, da ein h\u00f6herer Testosteronspiegel oft mit mehr Energie und Kraft in Verbindung gebracht wird.<\/p>\n<p class=\"\" data-start=\"588\" data-end=\"920\"><strong data-start=\"588\" data-end=\"658\">Welche Inhaltsstoffe sind in Volt Performance V Kapseln enthalten?<\/strong> Die genaue Liste der Inhaltsstoffe von Volt Performance V Kapseln ist nicht \u00f6ffentlich zug\u00e4nglich. Um eine detaillierte Auflistung der Inhaltsstoffe zu erhalten, sollten Interessierte die Produktbeschreibung des Herstellers auf der offiziellen Website einsehen.<\/p>\n<p class=\"\" data-start=\"922\" data-end=\"1250\"><strong data-start=\"922\" data-end=\"999\">Gibt es Nebenwirkungen bei der Einnahme von Volt Performance V Tabletten?<\/strong> Bisher wurden keine schwerwiegenden Nebenwirkungen gemeldet. Es ist jedoch wichtig, auf m\u00f6gliche Allergien gegen\u00fcber bestimmten Inhaltsstoffen zu achten. Bei Unsicherheiten oder bekannten Allergien sollte vor der Einnahme ein Arzt konsultiert werden.<\/p>\n<p class=\"\" data-start=\"1252\" data-end=\"1662\"><strong data-start=\"1252\" data-end=\"1350\">Wie lange dauert es, bis man eine Verbesserung der Leistung nach Einnahme der Kapseln bemerkt?<\/strong> Die Zeit, bis eine Verbesserung der Leistung sp\u00fcrbar wird, kann von Person zu Person unterschiedlich sein. Es gibt keine genaue Zeitangabe, aber viele Anwender berichten von ersten Ergebnissen innerhalb der ersten Wochen. Erfahrungsberichte anderer Nutzer k\u00f6nnen helfen, eine ungef\u00e4hre Einsch\u00e4tzung zu bekommen.<\/p>\n<p class=\"\" data-start=\"1664\" data-end=\"1959\"><strong data-start=\"1664\" data-end=\"1774\">K\u00f6nnen Volt Performance V Kapseln in Kombination mit anderen Nahrungserg\u00e4nzungsmitteln eingenommen werden?<\/strong> Es wird empfohlen, vor der Kombination von Volt Performance V Kapseln mit anderen Nahrungserg\u00e4nzungsmitteln einen Fachmann zu Rate zu ziehen, um m\u00f6gliche Wechselwirkungen zu vermeiden.<\/p>\n<p class=\"\" data-start=\"1961\" data-end=\"2288\"><strong data-start=\"1961\" data-end=\"2055\">Wo kann man Volt Performance V Kapseln erwerben und wie sind die Erfahrungen mit dem Kauf?<\/strong> Volt Performance V Kapseln k\u00f6nnen \u00fcber verschiedene Online-Shops erworben werden. Erfahrungsberichte von Kunden und Bewertungen k\u00f6nnen auf Plattformen wie Trustpilot nachgelesen werden, um eine fundierte Kaufentscheidung zu treffen.<\/p>\n<p data-start=\"1961\" data-end=\"2288\"><a href=\"https:\/\/dr-raedel.de\/apotheke\/go\/volt-kapseln\" target=\"_blank\" rel=\"nofollow noopener sponsored\"><strong><u>(Begrenzte Vorr\u00e4te) Klicken Sie hier, um\u00a0<\/u>Volt Kapseln <u>zu kaufen, bevor das Unternehmen keine Vorr\u00e4te mehr hat<\/u><\/strong><\/a><\/p>\n<p data-start=\"1961\" data-end=\"2288\">\n        <div style=\"padding:5px;\">\n<div class=\"scroll-offer-box\">\n  <span class=\"offer-text\">\n   <a href=\"https:\/\/dr-raedel.de\/apotheke\/go\/volt-kapseln-\" target=\"_blank\" style=\"color: black;\"><strong>SPAREN SIE 70% HEUTE!<\/strong><\/a>\n<a href=\"https:\/\/dr-raedel.de\/apotheke\/go\/volt-kapseln-\" target=\"_blank\" class=\"offer-btn\">Gutscheincode!!<\/a><\/span>\n<\/div>\n        <\/div><\/p>\n<\/div>\n<\/div>\n<\/div>\n<\/div>\n<\/div>\n<\/div>\n<\/div>\n<\/div>\n<\/article>\n<\/div>\n<\/div>\n<\/div>\n<\/div>\n<\/div>\n<\/div>\n<\/div>\n<\/div>\n<\/article>\n<\/div>\n<\/div>\n<\/div>\n<\/div>\n<\/div>\n<\/div>\n<\/div>\n<\/div>\n<\/div>\n<\/article>\n","protected":false},"excerpt":{"rendered":"<p>Volt Kapseln\u00a0Erfahrungen Volt ist ein Nahrungserg\u00e4nzungsmittel, das M\u00e4nnern helfen soll, mehr Energie und Testosteron zu bekommen. Viele M\u00e4nner in Deutschland berichten, dass sie durch die Volt-Kapseln wieder mehr Kraft und Lust im Alltag und in ihrem Liebesleben haben. Dieses Produkt soll die nat\u00fcrliche Testosteronproduktion unterst\u00fctzen und die k\u00f6rperliche Leistungsf\u00e4higkeit steigern. Was ist Volt? Volt ist &#8230; <a title=\"Volt Kapseln\" class=\"read-more\" href=\"https:\/\/dr-raedel.de\/apotheke\/product\/volt-kapseln\/\" aria-label=\"Mehr Informationen \u00fcber Volt Kapseln\">Weiterlesen &#8230;<\/a><\/p>\n","protected":false},"featured_media":99,"comment_status":"open","ping_status":"closed","template":"","meta":[],"product_brand":[],"product_cat":[20],"product_tag":[],"class_list":{"0":"post-98","1":"product","2":"type-product","3":"status-publish","4":"has-post-thumbnail","6":"product_cat-maennergesundheit","8":"first","9":"instock","10":"sale","11":"shipping-taxable","12":"product-type-external"},"_links":{"self":[{"href":"https:\/\/dr-raedel.de\/apotheke\/wp-json\/wp\/v2\/product\/98","targetHints":{"allow":["GET"]}}],"collection":[{"href":"https:\/\/dr-raedel.de\/apotheke\/wp-json\/wp\/v2\/product"}],"about":[{"href":"https:\/\/dr-raedel.de\/apotheke\/wp-json\/wp\/v2\/types\/product"}],"replies":[{"embeddable":true,"href":"https:\/\/dr-raedel.de\/apotheke\/wp-json\/wp\/v2\/comments?post=98"}],"wp:featuredmedia":[{"embeddable":true,"href":"https:\/\/dr-raedel.de\/apotheke\/wp-json\/wp\/v2\/media\/99"}],"wp:attachment":[{"href":"https:\/\/dr-raedel.de\/apotheke\/wp-json\/wp\/v2\/media?parent=98"}],"wp:term":[{"taxonomy":"product_brand","embeddable":true,"href":"https:\/\/dr-raedel.de\/apotheke\/wp-json\/wp\/v2\/product_brand?post=98"},{"taxonomy":"product_cat","embeddable":true,"href":"https:\/\/dr-raedel.de\/apotheke\/wp-json\/wp\/v2\/product_cat?post=98"},{"taxonomy":"product_tag","embeddable":true,"href":"https:\/\/dr-raedel.de\/apotheke\/wp-json\/wp\/v2\/product_tag?post=98"}],"curies":[{"name":"wp","href":"https:\/\/api.w.org\/{rel}","templated":true}]}}